{"id":28793,"date":"2025-02-20T23:29:53","date_gmt":"2025-02-20T22:29:53","guid":{"rendered":"http:\/\/olemosaic.com\/producto\/bol-de-coco-azul-caballito-de-mar-barcelona-4\/"},"modified":"2025-07-25T20:37:03","modified_gmt":"2025-07-25T18:37:03","slug":"taca-de-coco-azul-cavalo-marinho-barcelona-4","status":"publish","type":"product","link":"https:\/\/olemosaic.com\/pt-pt\/produto\/taca-de-coco-azul-cavalo-marinho-barcelona-4\/","title":{"rendered":"Ta\u00e7a de coco azul. Cavalo-marinho. Estilo mediterr\u00e2neo. Barcelona. Fundo marinho."},"content":{"rendered":"<p>Esta ta\u00e7a de coco azul \u00e9 uma requintada pe\u00e7a artesanal que captura a ess\u00eancia mediterr\u00e2nea de Barcelona, tornando-a um souvenir ideal para quem deseja levar um peda\u00e7o desta vibrante cidade para as suas casas. De design artesanal, apresenta uma encantadora base azul claro que evoca as suaves ondas do mar, decorada com subtis detalhes em tons mais escuros que complementam o seu design. No centro, um estilizado cavalo-marinho em cor de cobre ergue-se majestosamente, simbolizando a riqueza da vida marinha que rodeia a costa catal\u00e3. A inscri\u00e7\u00e3o &#8220;Barcelona&#8221; acrescenta um toque distintivo, tornando esta ta\u00e7a n\u00e3o apenas um objeto decorativo, mas tamb\u00e9m uma recorda\u00e7\u00e3o significativa da capital catal\u00e3.<\/p>\n<p>A liga\u00e7\u00e3o cultural desta ta\u00e7a com Barcelona reflete-se no seu design, que recorda a beleza do litoral e a biodiversidade marinha que caracteriza a regi\u00e3o. Este espetacular souvenir n\u00e3o s\u00f3 confere um toque marinho elegante a qualquer casa, como tamb\u00e9m representa um v\u00ednculo com as aventuras e recorda\u00e7\u00f5es vividas numa das cidades mais emblem\u00e1ticas de Espanha. Na Ol\u00e9 Mosaic, como distribuidores de souvenirs por grosso, oferecemos produtos aut\u00eanticos que celebram a heran\u00e7a cultural e a arte de cada canto de Espanha. Esta ta\u00e7a de coco azul \u00e9 uma op\u00e7\u00e3o perfeita para lojas de presentes tur\u00edsticos que procuram um produto que combine qualidade, autenticidade e uma alma mediterr\u00e2nea.<\/p>\n","protected":false},"excerpt":{"rendered":"<p>Ta\u00e7a de coco azul decorada com um atraente design de cavalo-marinho, inspirado na costa de Barcelona. Elaborada \u00e0 m\u00e3o, apresenta uma base azul claro com detalhes em tons mais escuros que evocam as ondas do mar. No centro, um cavalo-marinho estilizado em cor de cobre destaca-se junto \u00e0 inscri\u00e7\u00e3o &#8220;Barcelona&#8221;, tornando esta ta\u00e7a uma recorda\u00e7\u00e3o distintiva e elegante, perfeita para adicionar um toque marinho a qualquer casa.<\/p>\n","protected":false},"featured_media":11865,"template":"","meta":{"_acf_changed":false},"product_brand":[],"product_cat":[513],"product_tag":[516],"class_list":{"0":"post-28793","1":"product","2":"type-product","3":"status-publish","4":"has-post-thumbnail","6":"product_cat-bols","7":"product_tag-animais","8":"pa_ciudad-barcelona","9":"pa_motivo-cavalos-marinhos","10":"pa_pais-espana","12":"first","13":"instock","14":"shipping-taxable","15":"product-type-simple"},"acf":[],"_links":{"self":[{"href":"https:\/\/olemosaic.com\/pt-pt\/wp-json\/wp\/v2\/product\/28793","targetHints":{"allow":["GET"]}}],"collection":[{"href":"https:\/\/olemosaic.com\/pt-pt\/wp-json\/wp\/v2\/product"}],"about":[{"href":"https:\/\/olemosaic.com\/pt-pt\/wp-json\/wp\/v2\/types\/product"}],"wp:featuredmedia":[{"embeddable":true,"href":"https:\/\/olemosaic.com\/pt-pt\/wp-json\/wp\/v2\/media\/11865"}],"wp:attachment":[{"href":"https:\/\/olemosaic.com\/pt-pt\/wp-json\/wp\/v2\/media?parent=28793"}],"wp:term":[{"taxonomy":"product_brand","embeddable":true,"href":"https:\/\/olemosaic.com\/pt-pt\/wp-json\/wp\/v2\/product_brand?post=28793"},{"taxonomy":"product_cat","embeddable":true,"href":"https:\/\/olemosaic.com\/pt-pt\/wp-json\/wp\/v2\/product_cat?post=28793"},{"taxonomy":"product_tag","embeddable":true,"href":"https:\/\/olemosaic.com\/pt-pt\/wp-json\/wp\/v2\/product_tag?post=28793"}],"curies":[{"name":"wp","href":"https:\/\/api.w.org\/{rel}","templated":true}]}}