{"id":28792,"date":"2025-02-20T23:29:52","date_gmt":"2025-02-20T22:29:52","guid":{"rendered":"http:\/\/olemosaic.com\/producto\/bol-de-coco-azul-mallorca\/"},"modified":"2025-07-25T19:43:57","modified_gmt":"2025-07-25T17:43:57","slug":"taca-de-coco-azul-maiorca","status":"publish","type":"product","link":"https:\/\/olemosaic.com\/pt-pt\/produto\/taca-de-coco-azul-maiorca\/","title":{"rendered":"Ta\u00e7a de coco azul. Maiorca."},"content":{"rendered":"<p>Esta ta\u00e7a de coco azul \u00e9 uma pe\u00e7a artesanal requintada que captura a ess\u00eancia da beleza de Maiorca. Fabricada com uma t\u00e9cnica tradicional, esta elegante ta\u00e7a apresenta um design muito especial em tons de azul e dourado, evocando as \u00e1guas cristalinas do mar Mediterr\u00e2neo e o calor do sol balear. O seu interior destaca a silhueta da ilha de Maiorca, real\u00e7ada com um acabamento brilhante que acrescenta um toque de sofistica\u00e7\u00e3o e artesanato.<\/p>\n<p>Cada ta\u00e7a \u00e9 um testemunho da rica hist\u00f3ria cultural da ilha, onde a destreza dos artes\u00e3os se funde com as vibrantes paletas de cores que definem a paisagem maiorquina. O intrincado padr\u00e3o em azul e dourado n\u00e3o s\u00f3 acrescenta beleza, como tamb\u00e9m simboliza a uni\u00e3o entre a cultura e a natureza, refletindo as tradi\u00e7\u00f5es da ilha e o seu ambiente marinho.<\/p>\n<p>Ideal como elemento decorativo ou para usos pr\u00e1ticos, esta ta\u00e7a torna-se um souvenir \u00fanico que n\u00e3o s\u00f3 serve como recorda\u00e7\u00e3o de Maiorca, mas tamb\u00e9m como uma pe\u00e7a de arte funcional que pode adornar qualquer casa. Na Ol\u00e9 Mosaic, oferecemos esta ta\u00e7a de coco como uma op\u00e7\u00e3o para a distribui\u00e7\u00e3o de souvenirs por grosso, ideal para lojas de presentes tur\u00edsticos que procuram produtos aut\u00eanticos e representativos da cultura maiorquina. Esta ta\u00e7a de coco \u00e9, sem d\u00favida, uma excelente escolha para aqueles que desejam levar um pedacinho da magia de Maiorca.<\/p>\n","protected":false},"excerpt":{"rendered":"<p>Ta\u00e7a de coco azul, inspirada na beleza de Maiorca. Esta elegante ta\u00e7a, elaborada com uma t\u00e9cnica tradicional, apresenta um design muito especial em tons de azul e dourado, que representa o mar e o calor do sol balear. No seu interior, destaca-se a silhueta da ilha de Maiorca, real\u00e7ada com um acabamento brilhante que evoca um toque artesanal. Ideal como elemento decorativo ou para usos pr\u00e1ticos, esta ta\u00e7a \u00e9 uma recorda\u00e7\u00e3o \u00fanica que reflete a cultura maiorquina.<\/p>\n","protected":false},"featured_media":10096,"template":"","meta":{"_acf_changed":false},"product_brand":[],"product_cat":[513],"product_tag":[],"class_list":{"0":"post-28792","1":"product","2":"type-product","3":"status-publish","4":"has-post-thumbnail","6":"product_cat-bols","7":"pa_ciudad-mallorca","8":"pa_pais-espana","10":"first","11":"instock","12":"shipping-taxable","13":"product-type-simple"},"acf":[],"_links":{"self":[{"href":"https:\/\/olemosaic.com\/pt-pt\/wp-json\/wp\/v2\/product\/28792","targetHints":{"allow":["GET"]}}],"collection":[{"href":"https:\/\/olemosaic.com\/pt-pt\/wp-json\/wp\/v2\/product"}],"about":[{"href":"https:\/\/olemosaic.com\/pt-pt\/wp-json\/wp\/v2\/types\/product"}],"wp:featuredmedia":[{"embeddable":true,"href":"https:\/\/olemosaic.com\/pt-pt\/wp-json\/wp\/v2\/media\/10096"}],"wp:attachment":[{"href":"https:\/\/olemosaic.com\/pt-pt\/wp-json\/wp\/v2\/media?parent=28792"}],"wp:term":[{"taxonomy":"product_brand","embeddable":true,"href":"https:\/\/olemosaic.com\/pt-pt\/wp-json\/wp\/v2\/product_brand?post=28792"},{"taxonomy":"product_cat","embeddable":true,"href":"https:\/\/olemosaic.com\/pt-pt\/wp-json\/wp\/v2\/product_cat?post=28792"},{"taxonomy":"product_tag","embeddable":true,"href":"https:\/\/olemosaic.com\/pt-pt\/wp-json\/wp\/v2\/product_tag?post=28792"}],"curies":[{"name":"wp","href":"https:\/\/api.w.org\/{rel}","templated":true}]}}