{"id":28791,"date":"2025-02-20T23:29:52","date_gmt":"2025-02-20T22:29:52","guid":{"rendered":"http:\/\/olemosaic.com\/producto\/bol-de-coco-azul-salamandra-gran-canaria-2\/"},"modified":"2025-07-25T19:58:29","modified_gmt":"2025-07-25T17:58:29","slug":"taca-de-coco-azul-salamandra-gra-canaria-2","status":"publish","type":"product","link":"https:\/\/olemosaic.com\/pt-pt\/produto\/taca-de-coco-azul-salamandra-gra-canaria-2\/","title":{"rendered":"Ta\u00e7a de coco azul. Salamandra. Gr\u00e3-Can\u00e1ria. Padr\u00e3o de cora\u00e7\u00f5es."},"content":{"rendered":"<p>Esta ta\u00e7a de coco azul \u00e9 uma pe\u00e7a decorativa exclusiva que une a rica tradi\u00e7\u00e3o artesanal da Gr\u00e3-Can\u00e1ria com um design vibrante e inspirador. De design artesanal, esta ta\u00e7a destaca-se pela sua magn\u00edfica tonalidade azul, que evoca as \u00e1guas cristalinas do oceano que rodeia a ilha. No seu interior, uma encantadora salamandra destaca-se rodeada de cora\u00e7\u00f5es em diversos tons azulados, criando um contraste visual cativante que celebra a fauna e flora local.<\/p>\n<p>A aten\u00e7\u00e3o ao detalhe \u00e9 evidente em cada canto desta ta\u00e7a; o acabamento lustroso real\u00e7a a beleza da textura do coco, enquanto as cores do design acrescentam um toque de frescura e exotismo. Esta ta\u00e7a n\u00e3o \u00e9 apenas um objeto decorativo, mas tamb\u00e9m um tributo \u00e0 cultura can\u00e1ria, que presta homenagem \u00e0 rica biodiversidade da ilha, conhecida pela sua beleza natural e pela sua fauna \u00fanica.<\/p>\n<p>Como souvenir representativo da Gr\u00e3-Can\u00e1ria, esta ta\u00e7a de coco \u00e9 uma excelente op\u00e7\u00e3o para turistas que procuram levar uma recorda\u00e7\u00e3o aut\u00eantica e significativa. Na Ol\u00e9 Mosaic, estamos comprometidos em oferecer souvenirs de qualidade por grosso, e esta ta\u00e7a \u00e9 uma op\u00e7\u00e3o ideal para lojas de presentes tur\u00edsticos que desejem oferecer aos seus clientes uma amostra do patrim\u00f3nio cultural das Ilhas Can\u00e1rias.<\/p>\n","protected":false},"excerpt":{"rendered":"<p>Ta\u00e7a de coco azul com um design vibrante inspirado na fauna da Gr\u00e3-Can\u00e1ria. Este acess\u00f3rio decorativo apresenta uma salamandra no seu interior, rodeada de cora\u00e7\u00f5es em tons azulados. A ta\u00e7a, elaborada com coco e design artesanal, pintada \u00e0 m\u00e3o, destaca-se pelos seus detalhes delicados e pelo seu acabamento brilhante, criando uma pe\u00e7a \u00fanica que evoca a ess\u00eancia da ilha. Ideal para adicionar um toque ex\u00f3tico a qualquer canto da sua casa.<\/p>\n","protected":false},"featured_media":10219,"template":"","meta":{"_acf_changed":false},"product_brand":[],"product_cat":[513],"product_tag":[516],"class_list":{"0":"post-28791","1":"product","2":"type-product","3":"status-publish","4":"has-post-thumbnail","6":"product_cat-bols","7":"product_tag-animais","8":"pa_ciudad-gran-canaria","9":"pa_motivo-salamandras","10":"pa_pais-espana","12":"first","13":"instock","14":"shipping-taxable","15":"product-type-simple"},"acf":[],"_links":{"self":[{"href":"https:\/\/olemosaic.com\/pt-pt\/wp-json\/wp\/v2\/product\/28791","targetHints":{"allow":["GET"]}}],"collection":[{"href":"https:\/\/olemosaic.com\/pt-pt\/wp-json\/wp\/v2\/product"}],"about":[{"href":"https:\/\/olemosaic.com\/pt-pt\/wp-json\/wp\/v2\/types\/product"}],"wp:featuredmedia":[{"embeddable":true,"href":"https:\/\/olemosaic.com\/pt-pt\/wp-json\/wp\/v2\/media\/10219"}],"wp:attachment":[{"href":"https:\/\/olemosaic.com\/pt-pt\/wp-json\/wp\/v2\/media?parent=28791"}],"wp:term":[{"taxonomy":"product_brand","embeddable":true,"href":"https:\/\/olemosaic.com\/pt-pt\/wp-json\/wp\/v2\/product_brand?post=28791"},{"taxonomy":"product_cat","embeddable":true,"href":"https:\/\/olemosaic.com\/pt-pt\/wp-json\/wp\/v2\/product_cat?post=28791"},{"taxonomy":"product_tag","embeddable":true,"href":"https:\/\/olemosaic.com\/pt-pt\/wp-json\/wp\/v2\/product_tag?post=28791"}],"curies":[{"name":"wp","href":"https:\/\/api.w.org\/{rel}","templated":true}]}}