{"id":28683,"date":"2025-02-20T23:29:51","date_gmt":"2025-02-20T22:29:51","guid":{"rendered":"http:\/\/olemosaic.com\/producto\/bol-de-coco-azul-salamandra-barcelona-3\/"},"modified":"2025-07-25T20:29:57","modified_gmt":"2025-07-25T18:29:57","slug":"taca-de-coco-azul-salamandra-barcelona-3","status":"publish","type":"product","link":"https:\/\/olemosaic.com\/pt-pt\/produto\/taca-de-coco-azul-salamandra-barcelona-3\/","title":{"rendered":"Ta\u00e7a de coco azul. Salamandra. Mosaico. Estilo mediterr\u00e2nico. Barcelona."},"content":{"rendered":"<p>Esta ta\u00e7a de coco azul \u00e9 uma requintada recorda\u00e7\u00e3o de Barcelona que funde tradi\u00e7\u00e3o e modernidade, ideal para quem procura um souvenir aut\u00eantico da cidade. Elaborada com material de coco, este acess\u00f3rio vibrante destaca-se pelo seu design atraente, com uma mistura de tons azuis que evocam o mar Mediterr\u00e2neo e um motivo central de salamandra em tons castanhos, s\u00edmbolo da cultura catal\u00e3. A salamandra, figura que representa a prote\u00e7\u00e3o e a boa sorte, est\u00e1 enraizada no folclore local, lo que acrescenta um significado especial a este produto.<\/p>\n<p>Na base, aparece impressa a palavra &#8220;Barcelona&#8221;, refor\u00e7ando a sua identidade como uma recorda\u00e7\u00e3o \u00fanica e representativa da metr\u00f3pole catal\u00e3. A sua forma org\u00e2nica e o seu acabamento brilhante tornam-na n\u00e3o apenas um objeto decorativo atraente, mas tamb\u00e9m uma excelente op\u00e7\u00e3o para adicionar um toque de cor e autenticidade a qualquer espa\u00e7o, seja em casa ou como distintivo numa loja.<\/p>\n<p>Na Ol\u00e9 Mosaic, como distribuidores de souvenirs por grosso que oferecemos produtos que celebram a diversidade cultural de Espanha, garantimos que esta ta\u00e7a de coco azul n\u00e3o \u00e9 apenas um magn\u00edfico souvenir, mas tamb\u00e9m um artigo que respeita a tradi\u00e7\u00e3o artesanal, tornando-a uma escolha ideal para as lojas de presentes tur\u00edsticos que procuram qualidade e valor cultural nos seus produtos.<\/p>\n","protected":false},"excerpt":{"rendered":"<p>Ta\u00e7a de coco azul decorada com uma salamandra, que representa a ess\u00eancia de Barcelona. Este acess\u00f3rio vibrante, feito com material de coco, apresenta um design atraente em tons azuis e uma salamandra castanha como motivo central. A palavra &#8220;Barcelona&#8221; est\u00e1 impressa na base, o que a torna uma recorda\u00e7\u00e3o \u00fanica e representativa da cidade. Ideal para adicionar um toque de cor a qualquer espa\u00e7o.<\/p>\n","protected":false},"featured_media":11861,"template":"","meta":{"_acf_changed":false},"product_brand":[],"product_cat":[513],"product_tag":[516],"class_list":{"0":"post-28683","1":"product","2":"type-product","3":"status-publish","4":"has-post-thumbnail","6":"product_cat-bols","7":"product_tag-animais","8":"pa_ciudad-barcelona","9":"pa_motivo-salamandras","10":"pa_pais-espana","12":"first","13":"instock","14":"shipping-taxable","15":"product-type-simple"},"acf":[],"_links":{"self":[{"href":"https:\/\/olemosaic.com\/pt-pt\/wp-json\/wp\/v2\/product\/28683","targetHints":{"allow":["GET"]}}],"collection":[{"href":"https:\/\/olemosaic.com\/pt-pt\/wp-json\/wp\/v2\/product"}],"about":[{"href":"https:\/\/olemosaic.com\/pt-pt\/wp-json\/wp\/v2\/types\/product"}],"wp:featuredmedia":[{"embeddable":true,"href":"https:\/\/olemosaic.com\/pt-pt\/wp-json\/wp\/v2\/media\/11861"}],"wp:attachment":[{"href":"https:\/\/olemosaic.com\/pt-pt\/wp-json\/wp\/v2\/media?parent=28683"}],"wp:term":[{"taxonomy":"product_brand","embeddable":true,"href":"https:\/\/olemosaic.com\/pt-pt\/wp-json\/wp\/v2\/product_brand?post=28683"},{"taxonomy":"product_cat","embeddable":true,"href":"https:\/\/olemosaic.com\/pt-pt\/wp-json\/wp\/v2\/product_cat?post=28683"},{"taxonomy":"product_tag","embeddable":true,"href":"https:\/\/olemosaic.com\/pt-pt\/wp-json\/wp\/v2\/product_tag?post=28683"}],"curies":[{"name":"wp","href":"https:\/\/api.w.org\/{rel}","templated":true}]}}