{"id":28682,"date":"2025-02-20T23:29:51","date_gmt":"2025-02-20T22:29:51","guid":{"rendered":"http:\/\/olemosaic.com\/producto\/bol-de-coco-azul-tortuga-gran-canaria-3\/"},"modified":"2025-07-25T18:53:57","modified_gmt":"2025-07-25T16:53:57","slug":"taca-de-coco-azul-tartaruga-gran-canaria-3","status":"publish","type":"product","link":"https:\/\/olemosaic.com\/pt-pt\/produto\/taca-de-coco-azul-tartaruga-gran-canaria-3\/","title":{"rendered":"Ta\u00e7a de coco azul. Tartaruga. Gran Canaria. Fundo marinho."},"content":{"rendered":"<p>Esta ta\u00e7a de coco azul \u00e9 uma recorda\u00e7\u00e3o encantadora de Gran Canaria, que captura a ess\u00eancia da vida marinha das Ilhas Can\u00e1rias. Elaborada artesanalmente a partir de cascas de coco, esta ta\u00e7a \u00e9 um exemplo de destaque da tradi\u00e7\u00e3o artesanal local. \u00c0 primeira vista, apresenta um fundo branco vibrante, decorado com salpicos de cor em forma de cora\u00e7\u00f5es em tons de azul, verde e rosa, que evocam a alegria e diversidade da paisagem das Can\u00e1rias. No centro da ta\u00e7a, destaca-se uma tartaruga com efeito pintado \u00e0 m\u00e3o, s\u00edmbolo emblem\u00e1tico da rica fauna marinha de Gran Canaria, que representa a profunda liga\u00e7\u00e3o entre a cultura local e o seu ambiente natural. A inscri\u00e7\u00e3o &#8220;Gran Canaria&#8221; no design acrescenta um toque pessoal, tornando esta ta\u00e7a n\u00e3o apenas uma pe\u00e7a decorativa, mas tamb\u00e9m uma lembran\u00e7a da sua visita a esta bela ilha. Ideal tanto para o uso quotidiano como para embelezar qualquer espa\u00e7o, esta ta\u00e7a \u00e9 uma excelente op\u00e7\u00e3o para turistas que procuram recorda\u00e7\u00f5es \u00fanicas e aut\u00eanticas. Na Ol\u00e9 Mosaic, como grossistas de recorda\u00e7\u00f5es, oferecemos produtos que refletem a autenticidade e riqueza cultural de cada regi\u00e3o, garantindo qualidade e exclusividade aos nossos clientes.<\/p>\n","protected":false},"excerpt":{"rendered":"<p>Ta\u00e7a de coco azul decorada com uma tartaruga, que representa a paisagem marinha de Gran Canaria. Este artigo artesanal, elaborado a partir de cascas de coco, apresenta um design artesanal, pintado \u00e0 m\u00e3o, com um fundo branco salpicado de cora\u00e7\u00f5es de cores vibrantes como o azul, o verde e o rosa. No centro, destaca-se uma tartaruga, s\u00edmbolo da vida marinha das Can\u00e1rias, juntamente com a inscri\u00e7\u00e3o &#8220;Gran Canaria&#8221;. Ideal como pe\u00e7a decorativa ou para uso di\u00e1rio.<\/p>\n","protected":false},"featured_media":10371,"template":"","meta":{"_acf_changed":false},"product_brand":[],"product_cat":[513],"product_tag":[516],"class_list":{"0":"post-28682","1":"product","2":"type-product","3":"status-publish","4":"has-post-thumbnail","6":"product_cat-bols","7":"product_tag-animais","8":"pa_ciudad-gran-canaria","9":"pa_motivo-tartarugas","10":"pa_pais-espana","12":"first","13":"instock","14":"shipping-taxable","15":"product-type-simple"},"acf":[],"_links":{"self":[{"href":"https:\/\/olemosaic.com\/pt-pt\/wp-json\/wp\/v2\/product\/28682","targetHints":{"allow":["GET"]}}],"collection":[{"href":"https:\/\/olemosaic.com\/pt-pt\/wp-json\/wp\/v2\/product"}],"about":[{"href":"https:\/\/olemosaic.com\/pt-pt\/wp-json\/wp\/v2\/types\/product"}],"wp:featuredmedia":[{"embeddable":true,"href":"https:\/\/olemosaic.com\/pt-pt\/wp-json\/wp\/v2\/media\/10371"}],"wp:attachment":[{"href":"https:\/\/olemosaic.com\/pt-pt\/wp-json\/wp\/v2\/media?parent=28682"}],"wp:term":[{"taxonomy":"product_brand","embeddable":true,"href":"https:\/\/olemosaic.com\/pt-pt\/wp-json\/wp\/v2\/product_brand?post=28682"},{"taxonomy":"product_cat","embeddable":true,"href":"https:\/\/olemosaic.com\/pt-pt\/wp-json\/wp\/v2\/product_cat?post=28682"},{"taxonomy":"product_tag","embeddable":true,"href":"https:\/\/olemosaic.com\/pt-pt\/wp-json\/wp\/v2\/product_tag?post=28682"}],"curies":[{"name":"wp","href":"https:\/\/api.w.org\/{rel}","templated":true}]}}