{"id":28680,"date":"2025-02-20T23:29:50","date_gmt":"2025-02-20T22:29:50","guid":{"rendered":"http:\/\/olemosaic.com\/producto\/bol-de-coco-azul-salamandra-3\/"},"modified":"2025-07-25T18:49:43","modified_gmt":"2025-07-25T16:49:43","slug":"taca-de-coco-azul-salamandra-3","status":"publish","type":"product","link":"https:\/\/olemosaic.com\/pt-pt\/produto\/taca-de-coco-azul-salamandra-3\/","title":{"rendered":"Ta\u00e7a de coco azul. Salamandra. Estilo mediterr\u00e2nico."},"content":{"rendered":"<p>Esta ta\u00e7a de coco azul \u00e9 uma recorda\u00e7\u00e3o encantadora, inspirada na rica tradi\u00e7\u00e3o artesanal portuguesa. Elaborada em cer\u00e2mica, destaca-se pelo seu fundo preto vibrante salpicado de matizes azulados e esverdeados, que cria um efeito visual chamativo. No centro, uma salamandra com efeito pintado \u00e0 m\u00e3o num azul intenso \u00e9 a protagonista do design, s\u00edmbolo de renova\u00e7\u00e3o e transforma\u00e7\u00e3o em diversas culturas. Este toque distintivo converte a ta\u00e7a num objeto funcional para servir aperitivos e numa pe\u00e7a decorativa que evoca o folclore portugu\u00eas. Emoldurando o design, um belo motivo de cora\u00e7\u00f5es confere-lhe um ar acolhedor e festivo, reflexo da hospitalidade t\u00edpica da regi\u00e3o. Esta pe\u00e7a \u00e9 uma excelente op\u00e7\u00e3o para quem procura recorda\u00e7\u00f5es aut\u00eanticas e representativas de Portugal, que v\u00e3o al\u00e9m dos t\u00edpicos artigos tur\u00edsticos. Na Ol\u00e9 Mosaic, como grossistas de souvenirs, oferecemos produtos de qualidade que celebram a cultura e o artesanato local, assegurando que cada ta\u00e7a de coco azul seja uma adi\u00e7\u00e3o valiosa para qualquer loja de presentes tur\u00edsticos.<\/p>\n","protected":false},"excerpt":{"rendered":"<p>Ta\u00e7a de coco azul decorada com um design de salamandra, inspirado na tradi\u00e7\u00e3o artesanal portuguesa. Esta encantadora pe\u00e7a, elaborada em cer\u00e2mica, apresenta um fundo preto salpicado de tons azuis e verdes, emoldurado por um motivo de cora\u00e7\u00f5es. A salamandra, de design artesanal e pintada \u00e0 m\u00e3o num azul vibrante, acrescenta um toque distintivo e simb\u00f3lico. Perfeita para servir aperitivos ou como elemento decorativo que evoca a rica cultura e o folclore da regi\u00e3o.<\/p>\n","protected":false},"featured_media":10167,"template":"","meta":{"_acf_changed":false},"product_brand":[],"product_cat":[513],"product_tag":[516],"class_list":{"0":"post-28680","1":"product","2":"type-product","3":"status-publish","4":"has-post-thumbnail","6":"product_cat-bols","7":"product_tag-animais","8":"pa_motivo-salamandras","10":"first","11":"instock","12":"shipping-taxable","13":"product-type-simple"},"acf":[],"_links":{"self":[{"href":"https:\/\/olemosaic.com\/pt-pt\/wp-json\/wp\/v2\/product\/28680","targetHints":{"allow":["GET"]}}],"collection":[{"href":"https:\/\/olemosaic.com\/pt-pt\/wp-json\/wp\/v2\/product"}],"about":[{"href":"https:\/\/olemosaic.com\/pt-pt\/wp-json\/wp\/v2\/types\/product"}],"wp:featuredmedia":[{"embeddable":true,"href":"https:\/\/olemosaic.com\/pt-pt\/wp-json\/wp\/v2\/media\/10167"}],"wp:attachment":[{"href":"https:\/\/olemosaic.com\/pt-pt\/wp-json\/wp\/v2\/media?parent=28680"}],"wp:term":[{"taxonomy":"product_brand","embeddable":true,"href":"https:\/\/olemosaic.com\/pt-pt\/wp-json\/wp\/v2\/product_brand?post=28680"},{"taxonomy":"product_cat","embeddable":true,"href":"https:\/\/olemosaic.com\/pt-pt\/wp-json\/wp\/v2\/product_cat?post=28680"},{"taxonomy":"product_tag","embeddable":true,"href":"https:\/\/olemosaic.com\/pt-pt\/wp-json\/wp\/v2\/product_tag?post=28680"}],"curies":[{"name":"wp","href":"https:\/\/api.w.org\/{rel}","templated":true}]}}