{"id":28679,"date":"2025-02-20T22:29:50","date_gmt":"2025-02-20T22:29:50","guid":{"rendered":"http:\/\/olemosaic.com\/producto\/bol-de-coco-azul-camello-fuerteventura\/"},"modified":"2025-07-25T19:25:03","modified_gmt":"2025-07-25T17:25:03","slug":"taca-de-coco-azul-camelo-fuerteventura","status":"publish","type":"product","link":"https:\/\/olemosaic.com\/pt-pt\/produto\/taca-de-coco-azul-camelo-fuerteventura\/","title":{"rendered":"Ta\u00e7a de coco azul. Camelo. Fuerteventura."},"content":{"rendered":"<p>Esta ta\u00e7a de coco azul \u00e9 um souvenir elegante e distintivo de Fuerteventura, concebida para capturar a ess\u00eancia da beleza natural do arquip\u00e9lago das Can\u00e1rias. O seu acabamento em tons azuis, complementado com detalhes de forma irregular, evoca a paisagem vulc\u00e2nica e as impressionantes rochas que caracterizam a ilha. A ta\u00e7a apresenta um design chamativo de camelo, um animal emblem\u00e1tico da regi\u00e3o, que acrescenta um toque ex\u00f3tico e cultural ao objeto. A sua forma \u00fanica e org\u00e2nica n\u00e3o s\u00f3 a torna uma pe\u00e7a decorativa impressionante, como tamb\u00e9m \u00e9 ideal para servir aperitivos em qualquer ocasi\u00e3o.<\/p>\n<p>Fabricada a partir de coco, esta ta\u00e7a destaca-se pela sua sustentabilidade e autenticidade, sendo um verdadeiro representante do artesanato das Can\u00e1rias. A combina\u00e7\u00e3o da sua est\u00e9tica vibrante e da sua liga\u00e7\u00e3o cultural torna-a perfeita para os turistas que procuram uma recorda\u00e7\u00e3o significativa e representativa de Fuerteventura. Na Ol\u00e9 Mosaic, especializamo-nos na distribui\u00e7\u00e3o de souvenirs por grosso, e esta ta\u00e7a de coco azul \u00e9 uma op\u00e7\u00e3o excecional para lojas de presentes tur\u00edsticos que desejam oferecer produtos \u00fanicos e de alta qualidade. Como grossista de souvenirs, garantimos que cada pe\u00e7a realce a rica heran\u00e7a cultural das Ilhas Can\u00e1rias, fazendo desta ta\u00e7a uma aquisi\u00e7\u00e3o imprescind\u00edvel.<\/p>\n","protected":false},"excerpt":{"rendered":"<p>Ta\u00e7a de coco azul decorada com um design chamativo de camelo, um \u00edcone de Fuerteventura. Esta elegante ta\u00e7a apresenta um acabamento em tons azuis com detalhes irregulares que evocam as rochas e a paisagem do arquip\u00e9lago das Can\u00e1rias. Fabricada a partir de coco, a sua forma \u00fanica destaca-se na mesa, e o motivo do camelo integra-se perfeitamente na sua est\u00e9tica. Ideal para decorar ou servir aperitivos em qualquer ocasi\u00e3o.<\/p>\n","protected":false},"featured_media":11992,"template":"","meta":{"_acf_changed":false},"product_brand":[],"product_cat":[513],"product_tag":[516],"class_list":{"0":"post-28679","1":"product","2":"type-product","3":"status-publish","4":"has-post-thumbnail","6":"product_cat-bols","7":"product_tag-animais","8":"pa_ciudad-fuerteventura","9":"pa_motivo-camelos","10":"pa_pais-espana","12":"first","13":"instock","14":"shipping-taxable","15":"product-type-simple"},"acf":[],"_links":{"self":[{"href":"https:\/\/olemosaic.com\/pt-pt\/wp-json\/wp\/v2\/product\/28679","targetHints":{"allow":["GET"]}}],"collection":[{"href":"https:\/\/olemosaic.com\/pt-pt\/wp-json\/wp\/v2\/product"}],"about":[{"href":"https:\/\/olemosaic.com\/pt-pt\/wp-json\/wp\/v2\/types\/product"}],"wp:featuredmedia":[{"embeddable":true,"href":"https:\/\/olemosaic.com\/pt-pt\/wp-json\/wp\/v2\/media\/11992"}],"wp:attachment":[{"href":"https:\/\/olemosaic.com\/pt-pt\/wp-json\/wp\/v2\/media?parent=28679"}],"wp:term":[{"taxonomy":"product_brand","embeddable":true,"href":"https:\/\/olemosaic.com\/pt-pt\/wp-json\/wp\/v2\/product_brand?post=28679"},{"taxonomy":"product_cat","embeddable":true,"href":"https:\/\/olemosaic.com\/pt-pt\/wp-json\/wp\/v2\/product_cat?post=28679"},{"taxonomy":"product_tag","embeddable":true,"href":"https:\/\/olemosaic.com\/pt-pt\/wp-json\/wp\/v2\/product_tag?post=28679"}],"curies":[{"name":"wp","href":"https:\/\/api.w.org\/{rel}","templated":true}]}}