{"id":28678,"date":"2025-02-20T23:29:50","date_gmt":"2025-02-20T22:29:50","guid":{"rendered":"http:\/\/olemosaic.com\/producto\/bol-de-coco-azul-sagrada-familia-barcelona-2\/"},"modified":"2025-07-25T20:21:41","modified_gmt":"2025-07-25T18:21:41","slug":"taca-de-coco-azul-sagrada-familia-barcelona-2","status":"publish","type":"product","link":"https:\/\/olemosaic.com\/pt-pt\/produto\/taca-de-coco-azul-sagrada-familia-barcelona-2\/","title":{"rendered":"Ta\u00e7a de coco azul. Sagrada Fam\u00edlia. Gaud\u00ed. Barcelona. Catalunha."},"content":{"rendered":"<p>Esta ta\u00e7a azul de coco \u00e9 uma recorda\u00e7\u00e3o elegante que captura a ess\u00eancia \u00fanica de Barcelona, inspirada na ic\u00f3nica Sagrada Fam\u00edlia. Fabricada com material natural, esta atraente ta\u00e7a apresenta um tom azul vibrante que evoca os mosaicos coloridos da obra-prima de Antoni Gaud\u00ed. No centro, um log\u00f3tipo distintivo mostra a silhueta da catedral, destacando-se sobre um fundo que combina a beleza do azul com motivos que imitam as espetaculares cer\u00e2micas da cidade.<\/p>\n<p>A ta\u00e7a tamb\u00e9m conta com um acabamento brilhante, que real\u00e7a a sua est\u00e9tica e lhe confere um toque de sofistica\u00e7\u00e3o, tornando-a n\u00e3o apenas um objeto decorativo, mas tamb\u00e9m uma pe\u00e7a funcional. Ideal para guardar pequenos objetos ou como centro de mesa em diversas decora\u00e7\u00f5es de casa, esta ta\u00e7a \u00e9 uma recorda\u00e7\u00e3o emblem\u00e1tica da arquitetura modernista de Barcelona.<\/p>\n<p>Na Ol\u00e9 Mosaic, orgulhamo-nos de ser distribuidores de recorda\u00e7\u00f5es aut\u00eanticas, e esta ta\u00e7a de coco \u00e9 uma op\u00e7\u00e3o perfeita para lojas de presentes tur\u00edsticos que procuram produtos que reflitam a cultura local. Com a sua liga\u00e7\u00e3o \u00fanica \u00e0 Sagrada Fam\u00edlia e a sua beleza arrebatadora, esta ta\u00e7a azul \u00e9 um presente ideal para turistas que desejam levar um peda\u00e7o da hist\u00f3ria e da arte de Barcelona.<\/p>\n","protected":false},"excerpt":{"rendered":"<p>Ta\u00e7a de coco num azul vibrante, decorada com um design inspirado na Sagrada Fam\u00edlia de Barcelona. Este objeto atraente combina a autenticidade do material natural com elementos decorativos que evocam a famosa obra de Gaud\u00ed. Com um log\u00f3tipo central que destaca a silhueta da catedral, a ta\u00e7a apresenta um acabamento brilhante e detalhes que imitam as cer\u00e2micas coloridas da cidade. Ideal como recorda\u00e7\u00e3o ou elemento decorativo para qualquer ambiente.<\/p>\n","protected":false},"featured_media":12020,"template":"","meta":{"_acf_changed":false},"product_brand":[],"product_cat":[513],"product_tag":[],"class_list":{"0":"post-28678","1":"product","2":"type-product","3":"status-publish","4":"has-post-thumbnail","6":"product_cat-bols","7":"pa_ciudad-barcelona","8":"pa_motivo-sagrada-familia","9":"pa_pais-espana","11":"first","12":"instock","13":"shipping-taxable","14":"product-type-simple"},"acf":[],"_links":{"self":[{"href":"https:\/\/olemosaic.com\/pt-pt\/wp-json\/wp\/v2\/product\/28678","targetHints":{"allow":["GET"]}}],"collection":[{"href":"https:\/\/olemosaic.com\/pt-pt\/wp-json\/wp\/v2\/product"}],"about":[{"href":"https:\/\/olemosaic.com\/pt-pt\/wp-json\/wp\/v2\/types\/product"}],"wp:featuredmedia":[{"embeddable":true,"href":"https:\/\/olemosaic.com\/pt-pt\/wp-json\/wp\/v2\/media\/12020"}],"wp:attachment":[{"href":"https:\/\/olemosaic.com\/pt-pt\/wp-json\/wp\/v2\/media?parent=28678"}],"wp:term":[{"taxonomy":"product_brand","embeddable":true,"href":"https:\/\/olemosaic.com\/pt-pt\/wp-json\/wp\/v2\/product_brand?post=28678"},{"taxonomy":"product_cat","embeddable":true,"href":"https:\/\/olemosaic.com\/pt-pt\/wp-json\/wp\/v2\/product_cat?post=28678"},{"taxonomy":"product_tag","embeddable":true,"href":"https:\/\/olemosaic.com\/pt-pt\/wp-json\/wp\/v2\/product_tag?post=28678"}],"curies":[{"name":"wp","href":"https:\/\/api.w.org\/{rel}","templated":true}]}}