{"id":28676,"date":"2025-02-20T22:29:50","date_gmt":"2025-02-20T22:29:50","guid":{"rendered":"http:\/\/olemosaic.com\/producto\/bol-de-coco-azul-caballito-de-mar-mallorca-3\/"},"modified":"2025-07-25T19:03:15","modified_gmt":"2025-07-25T17:03:15","slug":"taca-de-coco-azul-cavalo-marinho-maiorca-3","status":"publish","type":"product","link":"https:\/\/olemosaic.com\/pt-pt\/produto\/taca-de-coco-azul-cavalo-marinho-maiorca-3\/","title":{"rendered":"Ta\u00e7a de coco azul. Cavalo-marinho. Maiorca."},"content":{"rendered":"<p>Esta ta\u00e7a de coco azul \u00e9 um aut\u00eantico tesouro artesanal que captura a ess\u00eancia de Maiorca. Desenhada com um belo mosaico que apresenta tons azuis e vibrantes cora\u00e7\u00f5es coloridos, este objeto n\u00e3o \u00e9 apenas funcional, mas tamb\u00e9m uma pe\u00e7a decorativa que evoca a beleza do mar Mediterr\u00e2neo. No centro, um encantador cavalo-marinho estilizado destaca-se com eleg\u00e2ncia, ladeado pela palavra \u00abMALLORCA\u00bb em dourado, que confere um toque de distin\u00e7\u00e3o a esta extraordin\u00e1ria recorda\u00e7\u00e3o.<\/p>\n<p>A base de coco, polida \u00e0 m\u00e3o, mostra um acabamento brilhante que real\u00e7a os detalhes coloridos do mosaico, fazendo de cada ta\u00e7a um exemplar \u00fanico. O cavalo-marinho, s\u00edmbolo do ambiente marinho, representa a rica vida marinha que rodeia a ilha, enquanto os cora\u00e7\u00f5es coloridos acrescentam um ar de alegria e frescura, refletindo a calidez das suas gentes e a beleza das suas paisagens.<\/p>\n<p>Esta ta\u00e7a n\u00e3o \u00e9 apenas o souvenir perfeito para quem visita Maiorca, mas tamb\u00e9m captura a autenticidade da cultura local, tornando-a uma recorda\u00e7\u00e3o invej\u00e1vel. Na Ol\u00e9 Mosaic, dedicamo-nos \u00e0 distribui\u00e7\u00e3o de souvenirs por grosso, oferecendo produtos que celebram a tradi\u00e7\u00e3o e o artesanato espanhol. Esta ta\u00e7a de coco azul \u00e9 ideal para lojas de presentes tur\u00edsticos que procuram oferecer recorda\u00e7\u00f5es aut\u00eanticas de Maiorca, combinando arte, cultura e nostalgia num \u00fanico produto.<\/p>\n","protected":false},"excerpt":{"rendered":"<p>Ta\u00e7a de coco azul decorada com um encantador cavalo-marinho, inspirada na beleza de Maiorca. Este produto artesanal apresenta uma base de coco com um design de mosaico em tons azuis e cora\u00e7\u00f5es alegres. No centro, um cavalo-marinho estilizado \u00e9 acompanhado pelo texto &#8220;MALLORCA&#8221; em dourado. O seu acabamento polido e original torna-a uma recorda\u00e7\u00e3o de destaque que evoca o mar Mediterr\u00e2neo e a cultura da ilha.<\/p>\n","protected":false},"featured_media":10343,"template":"","meta":{"_acf_changed":false},"product_brand":[],"product_cat":[513],"product_tag":[516],"class_list":{"0":"post-28676","1":"product","2":"type-product","3":"status-publish","4":"has-post-thumbnail","6":"product_cat-bols","7":"product_tag-animais","8":"pa_ciudad-mallorca","9":"pa_motivo-cavalos-marinhos","10":"pa_pais-espana","12":"first","13":"instock","14":"shipping-taxable","15":"product-type-simple"},"acf":[],"_links":{"self":[{"href":"https:\/\/olemosaic.com\/pt-pt\/wp-json\/wp\/v2\/product\/28676","targetHints":{"allow":["GET"]}}],"collection":[{"href":"https:\/\/olemosaic.com\/pt-pt\/wp-json\/wp\/v2\/product"}],"about":[{"href":"https:\/\/olemosaic.com\/pt-pt\/wp-json\/wp\/v2\/types\/product"}],"wp:featuredmedia":[{"embeddable":true,"href":"https:\/\/olemosaic.com\/pt-pt\/wp-json\/wp\/v2\/media\/10343"}],"wp:attachment":[{"href":"https:\/\/olemosaic.com\/pt-pt\/wp-json\/wp\/v2\/media?parent=28676"}],"wp:term":[{"taxonomy":"product_brand","embeddable":true,"href":"https:\/\/olemosaic.com\/pt-pt\/wp-json\/wp\/v2\/product_brand?post=28676"},{"taxonomy":"product_cat","embeddable":true,"href":"https:\/\/olemosaic.com\/pt-pt\/wp-json\/wp\/v2\/product_cat?post=28676"},{"taxonomy":"product_tag","embeddable":true,"href":"https:\/\/olemosaic.com\/pt-pt\/wp-json\/wp\/v2\/product_tag?post=28676"}],"curies":[{"name":"wp","href":"https:\/\/api.w.org\/{rel}","templated":true}]}}