{"id":28674,"date":"2025-02-20T23:29:49","date_gmt":"2025-02-20T22:29:49","guid":{"rendered":"http:\/\/olemosaic.com\/producto\/bol-de-coco-azul-tortuga-barcelona-2\/"},"modified":"2025-07-25T20:07:37","modified_gmt":"2025-07-25T18:07:37","slug":"taca-de-coco-azul-tartaruga-barcelona-2","status":"publish","type":"product","link":"https:\/\/olemosaic.com\/pt-pt\/produto\/taca-de-coco-azul-tartaruga-barcelona-2\/","title":{"rendered":"Ta\u00e7a de coco azul. Tartaruga. Barcelona."},"content":{"rendered":"<p>Esta ta\u00e7a de coco azul \u00e9 uma recorda\u00e7\u00e3o cativante que evoca a beleza impressionante do mar Mediterr\u00e2neo, inspirada diretamente na vibrante cidade de Barcelona. Cada pe\u00e7a, com efeito pintado \u00e0 m\u00e3o, assegura um design \u00fanico; no centro, uma encantadora tartaruga marinha, s\u00edmbolo da vida aqu\u00e1tica da regi\u00e3o, destaca-se sobre uma borda decorada com cora\u00e7\u00f5es e mosaicos em diferentes tons de azul que refletem a profundidade e o movimento do mar. O acabamento brilhante da ta\u00e7a n\u00e3o s\u00f3 confere um toque de sofistica\u00e7\u00e3o, como real\u00e7a os detalhes intrincados da decora\u00e7\u00e3o, tornando-a um objeto ideal tanto para uso funcional como decorativo.<\/p>\n<p>Esta ta\u00e7a, que captura a ess\u00eancia do Mediterr\u00e2neo, \u00e9 uma excelente recorda\u00e7\u00e3o para quem visita Barcelona, pois representa n\u00e3o s\u00f3 a vida marinha da regi\u00e3o, mas tamb\u00e9m a arte e a cultura local atrav\u00e9s do seu design. Cada ta\u00e7a \u00e9 um aut\u00eantico tributo ao patrim\u00f3nio art\u00edstico catal\u00e3o e uma excelente op\u00e7\u00e3o para os turistas que procuram uma lembran\u00e7a significativa. Na Ol\u00e9 Mosaic, distribu\u00edmos souvenirs aut\u00eanticos, e esta ta\u00e7a de coco azul \u00e9 uma adi\u00e7\u00e3o perfeita para as lojas de presentes tur\u00edsticos que desejam oferecer produtos \u00fanicos e representativos. Uma ta\u00e7a que combina est\u00e9tica, funcionalidade e cultura, ideal para levar um peda\u00e7o de Barcelona para casa.<\/p>\n","protected":false},"excerpt":{"rendered":"<p>Ta\u00e7a de coco azul inspirada na beleza do mar Mediterr\u00e2neo em Barcelona. Esta elegante ta\u00e7a, de design artesanal, pintada \u00e0 m\u00e3o, apresenta uma tartaruga no centro e uma borda decorada com cora\u00e7\u00f5es e mosaicos em diferentes tons de azul. A combina\u00e7\u00e3o do seu acabamento brilhante e a tem\u00e1tica marinha torna-a uma recorda\u00e7\u00e3o atraente que captura a ess\u00eancia da regi\u00e3o. Perfeita para decorar ou como presente.<\/p>\n","protected":false},"featured_media":10275,"template":"","meta":{"_acf_changed":false},"product_brand":[],"product_cat":[513],"product_tag":[516],"class_list":{"0":"post-28674","1":"product","2":"type-product","3":"status-publish","4":"has-post-thumbnail","6":"product_cat-bols","7":"product_tag-animais","8":"pa_ciudad-barcelona","9":"pa_motivo-tartarugas","10":"pa_pais-espana","12":"first","13":"instock","14":"shipping-taxable","15":"product-type-simple"},"acf":[],"_links":{"self":[{"href":"https:\/\/olemosaic.com\/pt-pt\/wp-json\/wp\/v2\/product\/28674","targetHints":{"allow":["GET"]}}],"collection":[{"href":"https:\/\/olemosaic.com\/pt-pt\/wp-json\/wp\/v2\/product"}],"about":[{"href":"https:\/\/olemosaic.com\/pt-pt\/wp-json\/wp\/v2\/types\/product"}],"wp:featuredmedia":[{"embeddable":true,"href":"https:\/\/olemosaic.com\/pt-pt\/wp-json\/wp\/v2\/media\/10275"}],"wp:attachment":[{"href":"https:\/\/olemosaic.com\/pt-pt\/wp-json\/wp\/v2\/media?parent=28674"}],"wp:term":[{"taxonomy":"product_brand","embeddable":true,"href":"https:\/\/olemosaic.com\/pt-pt\/wp-json\/wp\/v2\/product_brand?post=28674"},{"taxonomy":"product_cat","embeddable":true,"href":"https:\/\/olemosaic.com\/pt-pt\/wp-json\/wp\/v2\/product_cat?post=28674"},{"taxonomy":"product_tag","embeddable":true,"href":"https:\/\/olemosaic.com\/pt-pt\/wp-json\/wp\/v2\/product_tag?post=28674"}],"curies":[{"name":"wp","href":"https:\/\/api.w.org\/{rel}","templated":true}]}}