{"id":28632,"date":"2025-02-20T23:29:48","date_gmt":"2025-02-20T22:29:48","guid":{"rendered":"http:\/\/olemosaic.com\/producto\/bol-de-coco-azul-salamandra-mallorca-3\/"},"modified":"2025-07-25T20:20:25","modified_gmt":"2025-07-25T18:20:25","slug":"taca-de-coco-azul-salamandra-maiorca-3","status":"publish","type":"product","link":"https:\/\/olemosaic.com\/pt-pt\/produto\/taca-de-coco-azul-salamandra-maiorca-3\/","title":{"rendered":"Ta\u00e7a de coco azul. Salamandra. Maiorca. Balear."},"content":{"rendered":"<p>Esta ta\u00e7a de coco azul, decorada com uma salamandra, \u00e9 uma pe\u00e7a excecional que captura a ess\u00eancia da ilha de Maiorca. Elaborada com materiais de qualidade, apresenta um design intrincado em tons vibrantes de azul e preto, que evoca as \u00e1guas cristalinas do Mediterr\u00e2neo e o c\u00e9u limpo desta bela regi\u00e3o. No centro da ta\u00e7a destaca-se uma elegante figura de salamandra, um s\u00edmbolo de boa sorte e vitalidade na cultura maiorquina, acompanhada pela inscri\u00e7\u00e3o &#8220;MAIORCA&#8221;, o que a torna uma recorda\u00e7\u00e3o aut\u00eantica.<\/p>\n<p>O acabamento brilhante da ta\u00e7a, juntamente com os delicados detalhes em forma de cora\u00e7\u00f5es que decoram a borda, acrescentam um toque moderno a este artigo artesanal, refletindo a riqueza da tradi\u00e7\u00e3o local. Esta ta\u00e7a n\u00e3o s\u00f3 \u00e9 ideal como elemento decorativo em qualquer espa\u00e7o, como tamb\u00e9m pode ser utilizada como utens\u00edlio pr\u00e1tico, fundindo est\u00e9tica e funcionalidade de uma maneira encantadora.<\/p>\n<p>A Ol\u00e9 Mosaic orgulha-se de oferecer este aut\u00eantico souvenir de Maiorca, perfeito para turistas que procuram levar para casa uma parte da cultura insular. Como distribuidor de souvenirs por grosso, garantimos que cada pe\u00e7a n\u00e3o s\u00f3 representa o artesanato tradicional, como tamb\u00e9m encapsula a hist\u00f3ria e o esp\u00edrito dos lugares que representa, sendo uma excelente op\u00e7\u00e3o para lojas de presentes tur\u00edsticos que apreciam a autenticidade e o valor cultural nos seus produtos.<\/p>\n","protected":false},"excerpt":{"rendered":"<p>Ta\u00e7a de coco azul decorada com uma salamandra, s\u00edmbolo de Maiorca. Esta exclusiva ta\u00e7a apresenta um intrincado design em tons azuis e pretos, com detalhes que imitam cora\u00e7\u00f5es e um acabamento brilhante. A imagem da salamandra destaca-se no centro, juntamente com a inscri\u00e7\u00e3o &#8220;MAIORCA&#8221;. Ideal como elemento decorativo ou para uso di\u00e1rio, combina o artesanato tradicional com um toque moderno, capturando a ess\u00eancia da ilha.<\/p>\n","protected":false},"featured_media":10215,"template":"","meta":{"_acf_changed":false},"product_brand":[],"product_cat":[513],"product_tag":[516],"class_list":{"0":"post-28632","1":"product","2":"type-product","3":"status-publish","4":"has-post-thumbnail","6":"product_cat-bols","7":"product_tag-animais","8":"pa_ciudad-mallorca","9":"pa_motivo-salamandras","10":"pa_pais-espana","12":"first","13":"instock","14":"shipping-taxable","15":"product-type-simple"},"acf":[],"_links":{"self":[{"href":"https:\/\/olemosaic.com\/pt-pt\/wp-json\/wp\/v2\/product\/28632","targetHints":{"allow":["GET"]}}],"collection":[{"href":"https:\/\/olemosaic.com\/pt-pt\/wp-json\/wp\/v2\/product"}],"about":[{"href":"https:\/\/olemosaic.com\/pt-pt\/wp-json\/wp\/v2\/types\/product"}],"wp:featuredmedia":[{"embeddable":true,"href":"https:\/\/olemosaic.com\/pt-pt\/wp-json\/wp\/v2\/media\/10215"}],"wp:attachment":[{"href":"https:\/\/olemosaic.com\/pt-pt\/wp-json\/wp\/v2\/media?parent=28632"}],"wp:term":[{"taxonomy":"product_brand","embeddable":true,"href":"https:\/\/olemosaic.com\/pt-pt\/wp-json\/wp\/v2\/product_brand?post=28632"},{"taxonomy":"product_cat","embeddable":true,"href":"https:\/\/olemosaic.com\/pt-pt\/wp-json\/wp\/v2\/product_cat?post=28632"},{"taxonomy":"product_tag","embeddable":true,"href":"https:\/\/olemosaic.com\/pt-pt\/wp-json\/wp\/v2\/product_tag?post=28632"}],"curies":[{"name":"wp","href":"https:\/\/api.w.org\/{rel}","templated":true}]}}