{"id":28630,"date":"2025-02-20T23:29:48","date_gmt":"2025-02-20T22:29:48","guid":{"rendered":"http:\/\/olemosaic.com\/producto\/bol-de-coco-azul-tortuga-mallorca-4\/"},"modified":"2025-07-25T20:29:29","modified_gmt":"2025-07-25T18:29:29","slug":"taca-de-coco-azul-tartaruga-maiorca-4","status":"publish","type":"product","link":"https:\/\/olemosaic.com\/pt-pt\/produto\/taca-de-coco-azul-tartaruga-maiorca-4\/","title":{"rendered":"Ta\u00e7a de coco azul. Tartaruga. Estilo mediterr\u00e2nico. Ilha. Maiorca."},"content":{"rendered":"<p>Esta ta\u00e7a de coco azul, decorada com uma bela tartaruga, \u00e9 o presente perfeito para evocar a ess\u00eancia do mar em Maiorca. Esta requintada ta\u00e7a artesanal, pintada \u00e0 m\u00e3o, apresenta um fundo azul vibrante que simula as \u00e1guas cristalinas do Mediterr\u00e2neo, com uma delicada tartaruga no centro. O design inclui motivos de algas que complementam a cena marinha, envolvendo o espetador num ambiente quente e acolhedor. A borda da ta\u00e7a est\u00e1 adornada com padr\u00f5es intrincados e a palavra &#8220;MAIORCA&#8221;, recordando a cada utilizador a ic\u00f3nica ilha balear.<\/p>\n<p>Fabricada com materiais naturais, esta ta\u00e7a n\u00e3o s\u00f3 \u00e9 esteticamente atraente, como tamb\u00e9m uma pe\u00e7a funcional que pode ser usada como elemento decorativo ou como recipiente em qualquer casa. A sua autenticidade e design singular tornam-na um souvenir memor\u00e1vel de Maiorca, ideal para turistas que procuram levar consigo um peda\u00e7o da cultura mediterr\u00e2nica.<\/p>\n<p>Na Ol\u00e9 Mosaic, distribu\u00edmos souvenirs de Maiorca por grosso, oferecendo produtos aut\u00eanticos que refletem a rica heran\u00e7a cultural de Espanha. Esta ta\u00e7a de coco azul, com o seu design cativante e ligado \u00e0s tradi\u00e7\u00f5es marinhas da regi\u00e3o, \u00e9 uma excelente op\u00e7\u00e3o para lojas de presentes tur\u00edsticos que desejem oferecer aos seus clientes uma recorda\u00e7\u00e3o significativa e original.<\/p>\n","protected":false},"excerpt":{"rendered":"<p>Ta\u00e7a de coco azul decorada com uma preciosa tartaruga, que evoca a ess\u00eancia do mar em Maiorca. Esta ta\u00e7a artesanal apresenta um design artesanal, pintado \u00e0 m\u00e3o, com um fundo azul vibrante adornado com motivos de algas e a tartaruga no centro. Em redor, uma borda decorativa complementa o design, com o texto &#8220;MAIORCA&#8221; para recordar esta ic\u00f3nica ilha. Ideal como elemento decorativo ou pr\u00e1tico em qualquer casa.<\/p>\n","protected":false},"featured_media":11783,"template":"","meta":{"_acf_changed":false},"product_brand":[],"product_cat":[513],"product_tag":[516],"class_list":{"0":"post-28630","1":"product","2":"type-product","3":"status-publish","4":"has-post-thumbnail","6":"product_cat-bols","7":"product_tag-animais","8":"pa_ciudad-mallorca","9":"pa_motivo-tartarugas","10":"pa_pais-espana","12":"first","13":"instock","14":"shipping-taxable","15":"product-type-simple"},"acf":[],"_links":{"self":[{"href":"https:\/\/olemosaic.com\/pt-pt\/wp-json\/wp\/v2\/product\/28630","targetHints":{"allow":["GET"]}}],"collection":[{"href":"https:\/\/olemosaic.com\/pt-pt\/wp-json\/wp\/v2\/product"}],"about":[{"href":"https:\/\/olemosaic.com\/pt-pt\/wp-json\/wp\/v2\/types\/product"}],"wp:featuredmedia":[{"embeddable":true,"href":"https:\/\/olemosaic.com\/pt-pt\/wp-json\/wp\/v2\/media\/11783"}],"wp:attachment":[{"href":"https:\/\/olemosaic.com\/pt-pt\/wp-json\/wp\/v2\/media?parent=28630"}],"wp:term":[{"taxonomy":"product_brand","embeddable":true,"href":"https:\/\/olemosaic.com\/pt-pt\/wp-json\/wp\/v2\/product_brand?post=28630"},{"taxonomy":"product_cat","embeddable":true,"href":"https:\/\/olemosaic.com\/pt-pt\/wp-json\/wp\/v2\/product_cat?post=28630"},{"taxonomy":"product_tag","embeddable":true,"href":"https:\/\/olemosaic.com\/pt-pt\/wp-json\/wp\/v2\/product_tag?post=28630"}],"curies":[{"name":"wp","href":"https:\/\/api.w.org\/{rel}","templated":true}]}}