{"id":28629,"date":"2025-02-20T23:29:48","date_gmt":"2025-02-20T22:29:48","guid":{"rendered":"http:\/\/olemosaic.com\/producto\/bol-de-coco-azul-salamandra-2\/"},"modified":"2025-07-25T19:02:04","modified_gmt":"2025-07-25T17:02:04","slug":"taca-de-coco-azul-salamandra-2","status":"publish","type":"product","link":"https:\/\/olemosaic.com\/pt-pt\/produto\/taca-de-coco-azul-salamandra-2\/","title":{"rendered":"Ta\u00e7a de coco Azul. Salamandra."},"content":{"rendered":"<p>Esta ta\u00e7a de coco azul, decorada com uma preciosa salamandra, \u00e9 uma pe\u00e7a artesanal que se destaca pelo seu fundo azul vibrante, perfeito para dar um toque \u00fanico \u00e0 sua mesa. Fabricada em coco e pintada \u00e0 m\u00e3o, esta ta\u00e7a combina elementos da tradi\u00e7\u00e3o mediterr\u00e2nica com um design contempor\u00e2neo, refletindo a riqueza cultural da regi\u00e3o. No centro, uma elegante salamandra, num tom mais claro, est\u00e1 rodeada por uma delicada borda com padr\u00f5es brancos que evocam o estilo do trencad\u00eds, t\u00edpico da cer\u00e2mica mediterr\u00e2nica.<\/p>\n<p>A salamandra, s\u00edmbolo de transforma\u00e7\u00e3o e resili\u00eancia, acrescenta um significado especial a esta obra, tornando-a uma excelente recorda\u00e7\u00e3o representativa da cultura local. Al\u00e9m de ser funcional para servir aperitivos, esta ta\u00e7a tamb\u00e9m pode ser usada como elemento decorativo, real\u00e7ando qualquer espa\u00e7o. Perfeito para os turistas que procuram recorda\u00e7\u00f5es aut\u00eanticas, esta ta\u00e7a n\u00e3o s\u00f3 \u00e9 um presente ideal, como tamb\u00e9m uma express\u00e3o da rica tradi\u00e7\u00e3o artesanal das cidades mediterr\u00e2nicas.<\/p>\n<p>Na Ol\u00e9 Mosaic, especializamo-nos na distribui\u00e7\u00e3o por grosso, e esta ta\u00e7a de coco azul \u00e9 um excelente investimento para lojas de presentes tur\u00edsticos que desejem oferecer souvenirs aut\u00eanticos e de qualidade. Connosco, os grossistas de souvenirs podem confiar que cada pe\u00e7a reflete a ess\u00eancia e a arte da cultura mediterr\u00e2nica.<\/p>\n","protected":false},"excerpt":{"rendered":"<p>Ta\u00e7a de coco azul decorada com uma salamandra, ideal para a decora\u00e7\u00e3o de mesa. Esta pe\u00e7a artesanal apresenta um fundo azul vibrante com uma salamandra no centro, rodeada por uma borda de padr\u00f5es brancos que simulam um trencad\u00eds. Fabricada em coco, esta ta\u00e7a de design artesanal, pintada \u00e0 m\u00e3o, combina a tradi\u00e7\u00e3o com um toque moderno, refletindo a rica cultura mediterr\u00e2nica e o folclore artesanal da regi\u00e3o. Perfeita para servir aperitivos ou como elemento decorativo.<\/p>\n","protected":false},"featured_media":10054,"template":"","meta":{"_acf_changed":false},"product_brand":[],"product_cat":[513],"product_tag":[516],"class_list":{"0":"post-28629","1":"product","2":"type-product","3":"status-publish","4":"has-post-thumbnail","6":"product_cat-bols","7":"product_tag-animais","8":"pa_motivo-salamandras","10":"first","11":"instock","12":"shipping-taxable","13":"product-type-simple"},"acf":[],"_links":{"self":[{"href":"https:\/\/olemosaic.com\/pt-pt\/wp-json\/wp\/v2\/product\/28629","targetHints":{"allow":["GET"]}}],"collection":[{"href":"https:\/\/olemosaic.com\/pt-pt\/wp-json\/wp\/v2\/product"}],"about":[{"href":"https:\/\/olemosaic.com\/pt-pt\/wp-json\/wp\/v2\/types\/product"}],"wp:featuredmedia":[{"embeddable":true,"href":"https:\/\/olemosaic.com\/pt-pt\/wp-json\/wp\/v2\/media\/10054"}],"wp:attachment":[{"href":"https:\/\/olemosaic.com\/pt-pt\/wp-json\/wp\/v2\/media?parent=28629"}],"wp:term":[{"taxonomy":"product_brand","embeddable":true,"href":"https:\/\/olemosaic.com\/pt-pt\/wp-json\/wp\/v2\/product_brand?post=28629"},{"taxonomy":"product_cat","embeddable":true,"href":"https:\/\/olemosaic.com\/pt-pt\/wp-json\/wp\/v2\/product_cat?post=28629"},{"taxonomy":"product_tag","embeddable":true,"href":"https:\/\/olemosaic.com\/pt-pt\/wp-json\/wp\/v2\/product_tag?post=28629"}],"curies":[{"name":"wp","href":"https:\/\/api.w.org\/{rel}","templated":true}]}}