{"id":28609,"date":"2025-02-20T23:29:47","date_gmt":"2025-02-20T22:29:47","guid":{"rendered":"http:\/\/olemosaic.com\/producto\/bol-de-coco-azul-flor\/"},"modified":"2025-07-25T18:43:44","modified_gmt":"2025-07-25T16:43:44","slug":"taca-de-coco-azul-flor","status":"publish","type":"product","link":"https:\/\/olemosaic.com\/pt-pt\/produto\/taca-de-coco-azul-flor\/","title":{"rendered":"Ta\u00e7a de coco azul. Flor."},"content":{"rendered":"<p>Esta ta\u00e7a de coco azul, adornada com uma elegante flor, \u00e9 uma obra-prima da arte tradicional mediterr\u00e2nica. O seu design artesanal destaca-se pela sua vibrante cor azul, que contrasta na perfei\u00e7\u00e3o com o fundo escuro da ta\u00e7a, criando uma pe\u00e7a visualmente impactante. A flor central, delicadamente pintada \u00e0 m\u00e3o, apresenta p\u00e9talas com formas elegantes e um centro que atrai o olhar, enquanto os detalhes em forma de cora\u00e7\u00f5es que bordejam o contorno acrescentam um toque distintivo e festivo. Esta pe\u00e7a n\u00e3o s\u00f3 \u00e9 perfeita para servir aperitivos, como tamb\u00e9m pode ser utilizada como um belo elemento decorativo em qualquer casa, capturando a ess\u00eancia do ambiente mediterr\u00e2nico.<\/p>\n<p>A ta\u00e7a de coco azul \u00e9 uma excelente recorda\u00e7\u00e3o que simboliza a rica heran\u00e7a cultural e art\u00edstica da regi\u00e3o, ideal para aqueles que procuram levar um peda\u00e7o desta tradi\u00e7\u00e3o para casa. Na Ol\u00e9 Mosaic, como grossista de recorda\u00e7\u00f5es, oferecemos produtos aut\u00eanticos que refletem a identidade local, garantindo qualidade e singularidade em cada pe\u00e7a. Esta ta\u00e7a \u00e9 uma op\u00e7\u00e3o ideal para lojas de presentes tur\u00edsticos que desejam oferecer artigos representativos e de qualidade que liguem os visitantes \u00e0 cultura mediterr\u00e2nica. Sem d\u00favida, \u00e9 uma recorda\u00e7\u00e3o que perdurar\u00e1 no tempo e encantar\u00e1 todos.<\/p>\n","protected":false},"excerpt":{"rendered":"<p>Ta\u00e7a de coco azul decorada com uma flor elegante, inspirada na arte tradicional. Este recipiente destaca-se pelo seu design artesanal, pintado \u00e0 m\u00e3o, com vibrantes tons azuis sobre um fundo escuro. A flor central e os detalhes em forma de cora\u00e7\u00f5es acrescentam um toque distintivo. Perfeita para servir aperitivos ou como pe\u00e7a decorativa, constitui uma excelente recorda\u00e7\u00e3o que captura a ess\u00eancia da cultura mediterr\u00e2nica.<\/p>\n","protected":false},"featured_media":10187,"template":"","meta":{"_acf_changed":false},"product_brand":[],"product_cat":[513],"product_tag":[],"class_list":{"0":"post-28609","1":"product","2":"type-product","3":"status-publish","4":"has-post-thumbnail","6":"product_cat-bols","7":"pa_motivo-flores","9":"first","10":"instock","11":"shipping-taxable","12":"product-type-simple"},"acf":[],"_links":{"self":[{"href":"https:\/\/olemosaic.com\/pt-pt\/wp-json\/wp\/v2\/product\/28609","targetHints":{"allow":["GET"]}}],"collection":[{"href":"https:\/\/olemosaic.com\/pt-pt\/wp-json\/wp\/v2\/product"}],"about":[{"href":"https:\/\/olemosaic.com\/pt-pt\/wp-json\/wp\/v2\/types\/product"}],"wp:featuredmedia":[{"embeddable":true,"href":"https:\/\/olemosaic.com\/pt-pt\/wp-json\/wp\/v2\/media\/10187"}],"wp:attachment":[{"href":"https:\/\/olemosaic.com\/pt-pt\/wp-json\/wp\/v2\/media?parent=28609"}],"wp:term":[{"taxonomy":"product_brand","embeddable":true,"href":"https:\/\/olemosaic.com\/pt-pt\/wp-json\/wp\/v2\/product_brand?post=28609"},{"taxonomy":"product_cat","embeddable":true,"href":"https:\/\/olemosaic.com\/pt-pt\/wp-json\/wp\/v2\/product_cat?post=28609"},{"taxonomy":"product_tag","embeddable":true,"href":"https:\/\/olemosaic.com\/pt-pt\/wp-json\/wp\/v2\/product_tag?post=28609"}],"curies":[{"name":"wp","href":"https:\/\/api.w.org\/{rel}","templated":true}]}}