{"id":28608,"date":"2025-02-20T23:29:47","date_gmt":"2025-02-20T22:29:47","guid":{"rendered":"http:\/\/olemosaic.com\/producto\/bol-de-coco-azul-bailaora-3\/"},"modified":"2025-07-25T20:38:37","modified_gmt":"2025-07-25T18:38:37","slug":"taca-de-coco-azul-bailarina-flamenco-3","status":"publish","type":"product","link":"https:\/\/olemosaic.com\/pt-pt\/produto\/taca-de-coco-azul-bailarina-flamenco-3\/","title":{"rendered":"Ta\u00e7a de coco azul. Bailarina de Flamenco."},"content":{"rendered":"<p>Esta ta\u00e7a de coco azul, decorada com uma elegante bailarina de flamenco, \u00e9 uma pe\u00e7a artesanal que captura a ess\u00eancia do folclore andaluz, ideal para adicionar um toque singular a qualquer casa. Fabricada a partir de casca de coco, esta atraente ta\u00e7a destaca-se pelos seus vibrantes tons azuis, que evocam a frescura do mar e a beleza do litoral espanhol. A sua superf\u00edcie est\u00e1 adornada com um padr\u00e3o de desenhos em tons azuis que simulam as ondas do mar, criando uma liga\u00e7\u00e3o visual com a cultura andaluza. No seu interior, uma delicada representa\u00e7\u00e3o de uma bailarina em movimento ergue-se em tons quentes, mostrando a gra\u00e7a e a paix\u00e3o do flamenco, uma arte que \u00e9 sin\u00f3nimo da Andaluzia.<\/p>\n<p>Esta ta\u00e7a n\u00e3o \u00e9 apenas um objeto decorativo, mas uma aut\u00eantica recorda\u00e7\u00e3o que reflete a riqueza da tradi\u00e7\u00e3o espanhola. A bailarina, simbolizando o fervor do flamenco, adiciona um car\u00e1ter \u00fanico que a torna uma excelente op\u00e7\u00e3o para os turistas que procuram levar para casa uma pe\u00e7a representativa da sua experi\u00eancia na Andaluzia. Na Ol\u00e9 Mosaic, distribu\u00edmos recorda\u00e7\u00f5es de qualidade por grosso, e esta ta\u00e7a de coco \u00e9 um exemplo perfeito de como o artesanato pode contar hist\u00f3rias e preservar a cultura local. A sua autenticidade e apelo est\u00e9tico tornam-na ideal para lojas de presentes tur\u00edsticos que procuram oferecer produtos distintivos e com um selo cultural genu\u00edno.<\/p>\n","protected":false},"excerpt":{"rendered":"<p>Ta\u00e7a de coco azul decorada com uma elegante bailarina de flamenco, ideal para levar um peda\u00e7o do folclore andaluz para a sua casa. Esta atraente ta\u00e7a, feita de casca de coco, apresenta um design artesanal, pintado \u00e0 m\u00e3o, com motivos em tons azuis que evocam a frescura do mar. No seu interior, uma delicada representa\u00e7\u00e3o de uma bailarina em movimento captura a ess\u00eancia do flamenco. Um souvenir perfeito que se destaca pelo seu artesanato e pelo seu colorido vibrante.<\/p>\n","protected":false},"featured_media":11961,"template":"","meta":{"_acf_changed":false},"product_brand":[],"product_cat":[513],"product_tag":[],"class_list":{"0":"post-28608","1":"product","2":"type-product","3":"status-publish","4":"has-post-thumbnail","6":"product_cat-bols","7":"pa_motivo-dancarinos","9":"first","10":"instock","11":"shipping-taxable","12":"product-type-simple"},"acf":[],"_links":{"self":[{"href":"https:\/\/olemosaic.com\/pt-pt\/wp-json\/wp\/v2\/product\/28608","targetHints":{"allow":["GET"]}}],"collection":[{"href":"https:\/\/olemosaic.com\/pt-pt\/wp-json\/wp\/v2\/product"}],"about":[{"href":"https:\/\/olemosaic.com\/pt-pt\/wp-json\/wp\/v2\/types\/product"}],"wp:featuredmedia":[{"embeddable":true,"href":"https:\/\/olemosaic.com\/pt-pt\/wp-json\/wp\/v2\/media\/11961"}],"wp:attachment":[{"href":"https:\/\/olemosaic.com\/pt-pt\/wp-json\/wp\/v2\/media?parent=28608"}],"wp:term":[{"taxonomy":"product_brand","embeddable":true,"href":"https:\/\/olemosaic.com\/pt-pt\/wp-json\/wp\/v2\/product_brand?post=28608"},{"taxonomy":"product_cat","embeddable":true,"href":"https:\/\/olemosaic.com\/pt-pt\/wp-json\/wp\/v2\/product_cat?post=28608"},{"taxonomy":"product_tag","embeddable":true,"href":"https:\/\/olemosaic.com\/pt-pt\/wp-json\/wp\/v2\/product_tag?post=28608"}],"curies":[{"name":"wp","href":"https:\/\/api.w.org\/{rel}","templated":true}]}}