{"id":28607,"date":"2025-02-20T23:29:47","date_gmt":"2025-02-20T22:29:47","guid":{"rendered":"http:\/\/olemosaic.com\/producto\/bol-de-coco-azul-ibiscus-3\/"},"modified":"2025-07-25T19:52:39","modified_gmt":"2025-07-25T17:52:39","slug":"taca-de-coco-azul-hibisco-3","status":"publish","type":"product","link":"https:\/\/olemosaic.com\/pt-pt\/produto\/taca-de-coco-azul-hibisco-3\/","title":{"rendered":"Ta\u00e7a de coco azul. Hibisco. Estilo mediterr\u00e2nico. Espanha."},"content":{"rendered":"<p>Esta ta\u00e7a de coco azul, decorada com um vibrante motivo de hibisco, \u00e9 uma aut\u00eantica pe\u00e7a de arte que encapsula a ess\u00eancia tropical. Elaborada a partir de cascas de coco cuidadosamente selecionadas, cada ta\u00e7a \u00e9 pintada \u00e0 m\u00e3o, o que garante a sua singularidade e originalidade. No seu interior, destaca-se um exuberante design floral de hibisco num tom azul brilhante, que contrasta com um fundo preto salpicado de pequenos brilhos de cor. Ao redor da borda, um padr\u00e3o de cora\u00e7\u00f5es em diferentes tonalidades de azul adiciona um toque l\u00fadico e encantador, tornando-a uma obra que se destaca em qualquer mesa ou espa\u00e7o decorativo.<\/p>\n<p>A liga\u00e7\u00e3o cultural desta ta\u00e7a reside no simbolismo do hibisco, uma flor que representa a beleza e a hospitalidade em muitas culturas tropicais. Esta ta\u00e7a n\u00e3o \u00e9 apenas ideal para servir aperitivos o como acess\u00f3rio decorativo, mas tamb\u00e9m se ergue como uma excelente recorda\u00e7\u00e3o. Cada visita a um destino tropical fica imortalizada neste objeto, que reflete a alegria e a frescura do ambiente.<\/p>\n<p>Na Ol\u00e9 Mosaic, oferecemos esta ta\u00e7a de coco azul como uma pe\u00e7a representativa do artesanato tropical. \u00c9 perfeita para lojas de presentes tur\u00edsticos que procuram recorda\u00e7\u00f5es aut\u00eanticas e de qualidade. Esta ta\u00e7a \u00e9 uma excelente escolha tanto para o uso di\u00e1rio como para recordar momentos memor\u00e1veis de uma escapada a um para\u00edso tropical, destacando a sua relev\u00e2ncia cultural e est\u00e9tica.<\/p>\n","protected":false},"excerpt":{"rendered":"<p>Ta\u00e7a de coco azul decorada com um vibrante motivo de hibisco. Esta atraente ta\u00e7a, elaborada a partir de uma pe\u00e7a de coco, tem um design artesanal, pintado \u00e0 m\u00e3o, em tons azuis intensos, com detalhes que evocam cora\u00e7\u00f5es e o caracter\u00edstico design floral no centro. O seu acabamento brilhante e colorido torna-a um elemento ideal para a mesa, adicionando um toque de frescura e alegria inspirado na ess\u00eancia tropical. Perfeita como recorda\u00e7\u00e3o ou para uso decorativo.<\/p>\n","protected":false},"featured_media":13441,"template":"","meta":{"_acf_changed":false},"product_brand":[],"product_cat":[513],"product_tag":[],"class_list":{"0":"post-28607","1":"product","2":"type-product","3":"status-publish","4":"has-post-thumbnail","6":"product_cat-bols","7":"pa_motivo-hibisco","9":"first","10":"instock","11":"shipping-taxable","12":"product-type-simple"},"acf":[],"_links":{"self":[{"href":"https:\/\/olemosaic.com\/pt-pt\/wp-json\/wp\/v2\/product\/28607","targetHints":{"allow":["GET"]}}],"collection":[{"href":"https:\/\/olemosaic.com\/pt-pt\/wp-json\/wp\/v2\/product"}],"about":[{"href":"https:\/\/olemosaic.com\/pt-pt\/wp-json\/wp\/v2\/types\/product"}],"wp:featuredmedia":[{"embeddable":true,"href":"https:\/\/olemosaic.com\/pt-pt\/wp-json\/wp\/v2\/media\/13441"}],"wp:attachment":[{"href":"https:\/\/olemosaic.com\/pt-pt\/wp-json\/wp\/v2\/media?parent=28607"}],"wp:term":[{"taxonomy":"product_brand","embeddable":true,"href":"https:\/\/olemosaic.com\/pt-pt\/wp-json\/wp\/v2\/product_brand?post=28607"},{"taxonomy":"product_cat","embeddable":true,"href":"https:\/\/olemosaic.com\/pt-pt\/wp-json\/wp\/v2\/product_cat?post=28607"},{"taxonomy":"product_tag","embeddable":true,"href":"https:\/\/olemosaic.com\/pt-pt\/wp-json\/wp\/v2\/product_tag?post=28607"}],"curies":[{"name":"wp","href":"https:\/\/api.w.org\/{rel}","templated":true}]}}