{"id":28592,"date":"2025-02-20T23:29:46","date_gmt":"2025-02-20T22:29:46","guid":{"rendered":"http:\/\/olemosaic.com\/producto\/bol-de-coco-azul-tortuga-mallorca-2\/"},"modified":"2025-07-25T19:55:54","modified_gmt":"2025-07-25T17:55:54","slug":"taca-de-coco-azul-tartaruga-maiorca-2","status":"publish","type":"product","link":"https:\/\/olemosaic.com\/pt-pt\/produto\/taca-de-coco-azul-tartaruga-maiorca-2\/","title":{"rendered":"Ta\u00e7a de coco azul. Tartaruga. Estilo mediterr\u00e2nico. Maiorca. Baleares."},"content":{"rendered":"<p>Esta ta\u00e7a de coco azul, decorada com um encantador design de tartaruga, \u00e9 uma recorda\u00e7\u00e3o imprescind\u00edvel da bela ilha de Maiorca. O seu acabamento brilhante e a cor azul vibrante evocam as \u00e1guas cristalinas do mar Mediterr\u00e2neo, enquanto as manchas em tonalidades mais escuras acrescentam uma textura fascinante que convida ao olhar. No centro da pe\u00e7a, destaca-se uma tartaruga pintada, que simboliza a rica biodiversidade marinha da regi\u00e3o. Sob a tartaruga, a palavra &#8220;MALLORCA&#8221; proporciona um toque distintivo, fundindo a est\u00e9tica local com um design moderno e atraente.<\/p>\n<p>Esta elegante ta\u00e7a n\u00e3o s\u00f3 \u00e9 ideal para servir aperitivos numa noite de ver\u00e3o ou como elemento decorativo em qualquer lar, como tamb\u00e9m representa a profunda liga\u00e7\u00e3o de Maiorca com o seu ambiente marinho. A tartaruga, figura emblem\u00e1tica na cultura local, recorda a import\u00e2ncia da conserva\u00e7\u00e3o da vida marinha, um valor muito apreciado pelos habitantes da ilha.<\/p>\n<p>Na Ol\u00e9 Mosaic, estamos comprometidos com a distribui\u00e7\u00e3o de lembran\u00e7as aut\u00eanticas e representativas, e esta ta\u00e7a de coco azul \u00e9 uma excelente op\u00e7\u00e3o para lojas de presentes tur\u00edsticos que procuram produtos de qualidade. Como grossistas de lembran\u00e7as, garantimos que cada pe\u00e7a \u00e9 \u00fanica, captando a ess\u00eancia cultural e a beleza de Maiorca.<\/p>\n","protected":false},"excerpt":{"rendered":"<p>Ta\u00e7a de coco azul decorada com um design de tartaruga encantador, inspirado na beleza do mar de Maiorca. Esta elegante ta\u00e7a apresenta um acabamento brilhante e uma cor azul que evoca as \u00e1guas cristalinas, com manchas em tons mais escuros que acrescentam textura. No centro, destaca-se uma tartaruga pintada, acompanhada pelo texto &#8220;MALLORCA&#8221;, fundindo a est\u00e9tica local com um toque moderno. Ideal como elemento decorativo ou para servir aperitivos num ambiente de ver\u00e3o.<\/p>\n","protected":false},"featured_media":11893,"template":"","meta":{"_acf_changed":false},"product_brand":[],"product_cat":[513],"product_tag":[516],"class_list":{"0":"post-28592","1":"product","2":"type-product","3":"status-publish","4":"has-post-thumbnail","6":"product_cat-bols","7":"product_tag-animais","8":"pa_ciudad-mallorca","9":"pa_motivo-tartarugas","10":"pa_pais-espana","12":"first","13":"instock","14":"shipping-taxable","15":"product-type-simple"},"acf":[],"_links":{"self":[{"href":"https:\/\/olemosaic.com\/pt-pt\/wp-json\/wp\/v2\/product\/28592","targetHints":{"allow":["GET"]}}],"collection":[{"href":"https:\/\/olemosaic.com\/pt-pt\/wp-json\/wp\/v2\/product"}],"about":[{"href":"https:\/\/olemosaic.com\/pt-pt\/wp-json\/wp\/v2\/types\/product"}],"wp:featuredmedia":[{"embeddable":true,"href":"https:\/\/olemosaic.com\/pt-pt\/wp-json\/wp\/v2\/media\/11893"}],"wp:attachment":[{"href":"https:\/\/olemosaic.com\/pt-pt\/wp-json\/wp\/v2\/media?parent=28592"}],"wp:term":[{"taxonomy":"product_brand","embeddable":true,"href":"https:\/\/olemosaic.com\/pt-pt\/wp-json\/wp\/v2\/product_brand?post=28592"},{"taxonomy":"product_cat","embeddable":true,"href":"https:\/\/olemosaic.com\/pt-pt\/wp-json\/wp\/v2\/product_cat?post=28592"},{"taxonomy":"product_tag","embeddable":true,"href":"https:\/\/olemosaic.com\/pt-pt\/wp-json\/wp\/v2\/product_tag?post=28592"}],"curies":[{"name":"wp","href":"https:\/\/api.w.org\/{rel}","templated":true}]}}