{"id":28591,"date":"2025-02-20T23:29:46","date_gmt":"2025-02-20T22:29:46","guid":{"rendered":"http:\/\/olemosaic.com\/producto\/bol-de-coco-azul-delfin-gran-canaria\/"},"modified":"2025-07-25T19:52:25","modified_gmt":"2025-07-25T17:52:25","slug":"taca-de-coco-azul-golfinho-gran-canaria","status":"publish","type":"product","link":"https:\/\/olemosaic.com\/pt-pt\/produto\/taca-de-coco-azul-golfinho-gran-canaria\/","title":{"rendered":"Ta\u00e7a de coco azul. Golfinho. Gran Canaria."},"content":{"rendered":"<p>Esta ta\u00e7a de coco azul, decorada com um encantador design de golfinhos, \u00e9 uma pe\u00e7a \u00fanica que capta a ess\u00eancia do oceano de Gran Canaria. Com um acabamento pintado \u00e0 m\u00e3o que mistura tonalidades azuis com delicados detalhes dourados, esta ta\u00e7a destaca-se pelo seu apelo visual e pela sua capacidade de evocar a beleza marinha do arquip\u00e9lago can\u00e1rio. No centro da pe\u00e7a, dois golfinhos brincam elegantemente, representando a rica fauna marinha local, enquanto o texto &#8220;Gran Canaria&#8221; acrescenta um toque aut\u00eantico a esta obra artesanal.<\/p>\n<p>A superf\u00edcie da ta\u00e7a apresenta um design texturizado que simula as ondas do mar, e os golfinhos est\u00e3o meticulosamente iluminados com uma combina\u00e7\u00e3o de cores que real\u00e7a a sua forma e movimento, tornando este produto num atraente elemento decorativo, bem como num pr\u00e1tico recipiente para servir aperitivos. Esta ta\u00e7a n\u00e3o s\u00f3 \u00e9 uma excelente representa\u00e7\u00e3o da cultura can\u00e1ria, como tamb\u00e9m atua como uma recorda\u00e7\u00e3o significativa que pode recordar aos turistas as suas mem\u00f3rias na ilha.<\/p>\n<p>Na Ol\u00e9 Mosaic, dedicamo-nos a oferecer lembran\u00e7as aut\u00eanticas e representativas, e esta ta\u00e7a de coco azul \u00e9 uma op\u00e7\u00e3o perfeita para lojas de presentes tur\u00edsticos que procuram produtos de qualidade e com relev\u00e2ncia cultural. Como grossista de lembran\u00e7as de Gran Canaria, garantimos o artesanato e a singularidade em cada pe\u00e7a, fazendo desta ta\u00e7a um excelente presente para aqueles que desejam levar um peda\u00e7o do encanto can\u00e1rio para as suas casas.<\/p>\n","protected":false},"excerpt":{"rendered":"<p>Ta\u00e7a de coco azul decorada com um design de golfinhos, que representa a beleza do oceano de Gran Canaria. Esta exclusiva ta\u00e7a apresenta um acabamento de design artesanal, pintado \u00e0 m\u00e3o, com tonalidades azuis e detalhes dourados, criando um atraente contraste visual. No centro, dois golfinhos simbolizam a fauna marinha local, acompanhados pelo texto \u00abGran Canaria\u00bb. Ideal como elemento decorativo ou para servir aperitivos, esta ta\u00e7a capta a ess\u00eancia do arquip\u00e9lago can\u00e1rio.<\/p>\n","protected":false},"featured_media":10147,"template":"","meta":{"_acf_changed":false},"product_brand":[],"product_cat":[513],"product_tag":[516],"class_list":{"0":"post-28591","1":"product","2":"type-product","3":"status-publish","4":"has-post-thumbnail","6":"product_cat-bols","7":"product_tag-animais","8":"pa_ciudad-gran-canaria","9":"pa_motivo-golfinhos","10":"pa_pais-espana","12":"first","13":"instock","14":"shipping-taxable","15":"product-type-simple"},"acf":[],"_links":{"self":[{"href":"https:\/\/olemosaic.com\/pt-pt\/wp-json\/wp\/v2\/product\/28591","targetHints":{"allow":["GET"]}}],"collection":[{"href":"https:\/\/olemosaic.com\/pt-pt\/wp-json\/wp\/v2\/product"}],"about":[{"href":"https:\/\/olemosaic.com\/pt-pt\/wp-json\/wp\/v2\/types\/product"}],"wp:featuredmedia":[{"embeddable":true,"href":"https:\/\/olemosaic.com\/pt-pt\/wp-json\/wp\/v2\/media\/10147"}],"wp:attachment":[{"href":"https:\/\/olemosaic.com\/pt-pt\/wp-json\/wp\/v2\/media?parent=28591"}],"wp:term":[{"taxonomy":"product_brand","embeddable":true,"href":"https:\/\/olemosaic.com\/pt-pt\/wp-json\/wp\/v2\/product_brand?post=28591"},{"taxonomy":"product_cat","embeddable":true,"href":"https:\/\/olemosaic.com\/pt-pt\/wp-json\/wp\/v2\/product_cat?post=28591"},{"taxonomy":"product_tag","embeddable":true,"href":"https:\/\/olemosaic.com\/pt-pt\/wp-json\/wp\/v2\/product_tag?post=28591"}],"curies":[{"name":"wp","href":"https:\/\/api.w.org\/{rel}","templated":true}]}}