{"id":28589,"date":"2025-02-20T23:29:46","date_gmt":"2025-02-20T22:29:46","guid":{"rendered":"http:\/\/olemosaic.com\/producto\/bol-de-coco-azul-caballito-de-mar-3\/"},"modified":"2025-07-25T19:20:12","modified_gmt":"2025-07-25T17:20:12","slug":"taca-de-coco-azul-cavalo-marinho-3","status":"publish","type":"product","link":"https:\/\/olemosaic.com\/pt-pt\/produto\/taca-de-coco-azul-cavalo-marinho-3\/","title":{"rendered":"Ta\u00e7a de coco azul. Cavalo-marinho. Estilo mediterr\u00e2nico."},"content":{"rendered":"<p>Esta ta\u00e7a de coco azul, decorada com um encantador cavalo-marinho, \u00e9 uma pe\u00e7a \u00fanica que encerra a ess\u00eancia do mar no seu design. Elaborada a partir da casca de um coco, a ta\u00e7a apresenta uma superf\u00edcie com efeito pintado \u00e0 m\u00e3o onde se destaca um brilhante cavalo-marinho em tons de castanho, sobre um fundo composto por um intrincado mosaico em diversos tons de azul. O rebordo da ta\u00e7a, com o seu acabamento natural, evoca a rusticidade e autenticidade do artesanato tradicional.<\/p>\n<p>Rodeando o cavalo-marinho, uma colorida variedade de cora\u00e7\u00f5es em rosa, verde e amarelo confere um toque vibrante e alegre, que evoca as ondas suaves e a beleza do oceano. Ideal tanto para servir aperitivos numa reuni\u00e3o familiar como para utiliz\u00e1-la como uma encantadora pe\u00e7a decorativa no lar, esta ta\u00e7a combina funcionalidade e est\u00e9tica.<\/p>\n<p>Este produto \u00e9 um presente perfeito para turistas que procuram lembran\u00e7as aut\u00eanticas, pois reflete tanto a rica cultura costeira como a tradi\u00e7\u00e3o artesanal da regi\u00e3o. Na Ol\u00e9 Mosaic, especializamo-nos na distribui\u00e7\u00e3o por grosso de lembran\u00e7as que captam a ess\u00eancia dos seus locais de origem, o que torna esta ta\u00e7a um excelente artigo para lojas de presentes tur\u00edsticos que valorizam a qualidade e a liga\u00e7\u00e3o cultural. Com esta ta\u00e7a de coco, levar um pedacinho do oceano nunca foi t\u00e3o belo nem significativo.<\/p>\n","protected":false},"excerpt":{"rendered":"<p>Ta\u00e7a de coco azul decorada com um encantador cavalo-marinho. Esta atraente ta\u00e7a apresenta um design artesanal, pintado \u00e0 m\u00e3o, com um intrincado rebordo de mosaico em tons azuis e um delicado rebordo natural. O cavalo-marinho central destaca-se em tons de castanho, rodeado de cora\u00e7\u00f5es coloridos em rosa, verde e amarelo, que evocam o esp\u00edrito do oceano. Ideal para servir aperitivos ou como pe\u00e7a decorativa, esta ta\u00e7a combina beleza e funcionalidade.<\/p>\n","protected":false},"featured_media":10283,"template":"","meta":{"_acf_changed":false},"product_brand":[],"product_cat":[513],"product_tag":[516],"class_list":{"0":"post-28589","1":"product","2":"type-product","3":"status-publish","4":"has-post-thumbnail","6":"product_cat-bols","7":"product_tag-animais","8":"pa_motivo-cavalos-marinhos","10":"first","11":"instock","12":"shipping-taxable","13":"product-type-simple"},"acf":[],"_links":{"self":[{"href":"https:\/\/olemosaic.com\/pt-pt\/wp-json\/wp\/v2\/product\/28589","targetHints":{"allow":["GET"]}}],"collection":[{"href":"https:\/\/olemosaic.com\/pt-pt\/wp-json\/wp\/v2\/product"}],"about":[{"href":"https:\/\/olemosaic.com\/pt-pt\/wp-json\/wp\/v2\/types\/product"}],"wp:featuredmedia":[{"embeddable":true,"href":"https:\/\/olemosaic.com\/pt-pt\/wp-json\/wp\/v2\/media\/10283"}],"wp:attachment":[{"href":"https:\/\/olemosaic.com\/pt-pt\/wp-json\/wp\/v2\/media?parent=28589"}],"wp:term":[{"taxonomy":"product_brand","embeddable":true,"href":"https:\/\/olemosaic.com\/pt-pt\/wp-json\/wp\/v2\/product_brand?post=28589"},{"taxonomy":"product_cat","embeddable":true,"href":"https:\/\/olemosaic.com\/pt-pt\/wp-json\/wp\/v2\/product_cat?post=28589"},{"taxonomy":"product_tag","embeddable":true,"href":"https:\/\/olemosaic.com\/pt-pt\/wp-json\/wp\/v2\/product_tag?post=28589"}],"curies":[{"name":"wp","href":"https:\/\/api.w.org\/{rel}","templated":true}]}}