{"id":28557,"date":"2025-02-20T23:29:45","date_gmt":"2025-02-20T22:29:45","guid":{"rendered":"http:\/\/olemosaic.com\/producto\/bol-de-coco-azul-delfin-4\/"},"modified":"2025-07-25T19:54:20","modified_gmt":"2025-07-25T17:54:20","slug":"taca-de-coco-azul-golfinho-4","status":"publish","type":"product","link":"https:\/\/olemosaic.com\/pt-pt\/produto\/taca-de-coco-azul-golfinho-4\/","title":{"rendered":"Ta\u00e7a de coco azul. Golfinho. Estilo mediterr\u00e2nico. Espanha."},"content":{"rendered":"<p>Esta ta\u00e7a de coco azul, decorada com um elegante golfinho, \u00e9 uma pe\u00e7a \u00fanica que captura a beleza do oceano em casa. O seu design apresenta uma gama de tons azuis que evocam a profundidade do mar, criando uma atmosfera refrescante e relaxante. No centro, un golfinho com acabamento met\u00e1lico destaca-se com gra\u00e7a, simbolizando a liga\u00e7\u00e3o com a natureza marinha e a vida que abundam nas costas mediterr\u00e2nicas. A forma org\u00e2nica da ta\u00e7a reflete as formas naturais do oceano, convidando os espetadores a mergulharem visualmente nas suas ondas e texturas.<\/p>\n<p>A t\u00e9cnica do mosaico, utilizada para criar os detalhes da ta\u00e7a, proporciona um acabamento visualmente atraente e t\u00e1til, que torna este objeto numa pe\u00e7a decorativa excecional. Ideal para exibir como centro de mesa ou para guardar pequenos objetos, esta ta\u00e7a \u00e9 uma excelente recorda\u00e7\u00e3o que adiciona um toque de autenticidade e frescura a qualquer ambiente.<\/p>\n<p>Origin\u00e1ria das regi\u00f5es costeiras de Espanha, esta ta\u00e7a n\u00e3o s\u00f3 representa a arte e a criatividade local, como tamb\u00e9m \u00e9 uma lembran\u00e7a do estilo de vida mediterr\u00e2nico. Na Ol\u00e9 Mosaic, dedicamo-nos \u00e0 distribui\u00e7\u00e3o de recorda\u00e7\u00f5es aut\u00eanticas por grosso, e esta ta\u00e7a de coco azul \u00e9 uma op\u00e7\u00e3o perfeita para lojas que procuram produtos representativos e culturalmente significativos. Com a sua beleza e simbolismo, oferece uma experi\u00eancia \u00fanica aos turistas em busca de recorda\u00e7\u00f5es que celebrem a ess\u00eancia do mar.<\/p>\n","protected":false},"excerpt":{"rendered":"<p>Ta\u00e7a de coco azul decorada com um elegante golfinho, ideal para adicionar um toque de frescura \u00e0 sua casa. Esta ta\u00e7a exclusiva apresenta um design em tons azuis que imita a profundidade do oceano, com um belo golfinho no centro real\u00e7ado com um acabamento met\u00e1lico. A sua forma org\u00e2nica evoca as formas naturais, enquanto a t\u00e9cnica de mosaico proporciona uma textura visual atraente, perfeita para exibir ou usar como pe\u00e7a decorativa em qualquer ambiente.<\/p>\n","protected":false},"featured_media":11841,"template":"","meta":{"_acf_changed":false},"product_brand":[],"product_cat":[513],"product_tag":[516],"class_list":{"0":"post-28557","1":"product","2":"type-product","3":"status-publish","4":"has-post-thumbnail","6":"product_cat-bols","7":"product_tag-animais","8":"pa_motivo-golfinhos","10":"first","11":"instock","12":"shipping-taxable","13":"product-type-simple"},"acf":[],"_links":{"self":[{"href":"https:\/\/olemosaic.com\/pt-pt\/wp-json\/wp\/v2\/product\/28557","targetHints":{"allow":["GET"]}}],"collection":[{"href":"https:\/\/olemosaic.com\/pt-pt\/wp-json\/wp\/v2\/product"}],"about":[{"href":"https:\/\/olemosaic.com\/pt-pt\/wp-json\/wp\/v2\/types\/product"}],"wp:featuredmedia":[{"embeddable":true,"href":"https:\/\/olemosaic.com\/pt-pt\/wp-json\/wp\/v2\/media\/11841"}],"wp:attachment":[{"href":"https:\/\/olemosaic.com\/pt-pt\/wp-json\/wp\/v2\/media?parent=28557"}],"wp:term":[{"taxonomy":"product_brand","embeddable":true,"href":"https:\/\/olemosaic.com\/pt-pt\/wp-json\/wp\/v2\/product_brand?post=28557"},{"taxonomy":"product_cat","embeddable":true,"href":"https:\/\/olemosaic.com\/pt-pt\/wp-json\/wp\/v2\/product_cat?post=28557"},{"taxonomy":"product_tag","embeddable":true,"href":"https:\/\/olemosaic.com\/pt-pt\/wp-json\/wp\/v2\/product_tag?post=28557"}],"curies":[{"name":"wp","href":"https:\/\/api.w.org\/{rel}","templated":true}]}}