{"id":28555,"date":"2025-02-20T22:29:45","date_gmt":"2025-02-20T22:29:45","guid":{"rendered":"http:\/\/olemosaic.com\/producto\/bol-de-coco-azul-caballito-de-mar-barcelona-3\/"},"modified":"2025-07-25T18:40:16","modified_gmt":"2025-07-25T16:40:16","slug":"taca-de-coco-azul-cavalo-marinho-barcelona-3","status":"publish","type":"product","link":"https:\/\/olemosaic.com\/pt-pt\/produto\/taca-de-coco-azul-cavalo-marinho-barcelona-3\/","title":{"rendered":"Ta\u00e7a de coco azul. Cavalo-marinho. Barcelona."},"content":{"rendered":"<p>Esta ta\u00e7a de coco azul, decorada com um elegante cavalo-marinho, \u00e9 uma recorda\u00e7\u00e3o requintada que captura a ess\u00eancia do litoral barcelon\u00eas. O seu design atraente apresenta uma base de um azul vibrante, adornada com intrincados motivos dourados que evocam a textura do coral marinho, criando uma fus\u00e3o de cores que recorda as \u00e1guas cristalinas do Mediterr\u00e2neo. No centro, a legenda &#8220;Barcelona&#8221; destaca-se com um acabamento brilhante, rodeada por um design art\u00edstico que reflete o encanto da cidade costeira.<\/p>\n<p>Elaborada com materiais de alta qualidade, esta ta\u00e7a combina a funcionalidade com uma est\u00e9tica que a torna um elemento decorativo ideal para qualquer casa. A sua imagem do cavalo-marinho, s\u00edmbolo da vida marinha, representa a liga\u00e7\u00e3o de Barcelona com o seu ambiente litoral, tornando este artigo num aut\u00eantico representante da cultura catal\u00e3.<\/p>\n<p>A ta\u00e7a de coco azul n\u00e3o \u00e9 apenas uma magn\u00edfica recorda\u00e7\u00e3o de uma viagem, mas tamb\u00e9m uma pe\u00e7a \u00fanica que real\u00e7a a beleza de qualquer espa\u00e7o. Na Ol\u00e9 Mosaic, somos especialistas na distribui\u00e7\u00e3o de lembran\u00e7as por grosso, oferecendo produtos aut\u00eanticos e representativos de Espanha. Esta ta\u00e7a \u00e9 uma excelente op\u00e7\u00e3o para lojas de presentes tur\u00edsticos que procuram surpreender os seus clientes com artigos de relev\u00e2ncia cultural e est\u00e9tica superior, tornando-a um item essencial em qualquer cole\u00e7\u00e3o de recorda\u00e7\u00f5es de Barcelona.<\/p>\n","protected":false},"excerpt":{"rendered":"<p>Ta\u00e7a de coco azul decorada com um elegante cavalo-marinho, que representa a ess\u00eancia do litoral barcelon\u00eas. Este artigo original apresenta uma base azul com intrincados motivos dourados que imitam a textura do coral, criando um apelo visual. A legenda &#8220;Barcelona&#8221; ocupa o centro, emoldurada por um design art\u00edstico que evoca o encanto do mar Mediterr\u00e2neo. Ideal como elemento decorativo ou recorda\u00e7\u00e3o da cidade.<\/p>\n","protected":false},"featured_media":10139,"template":"","meta":{"_acf_changed":false},"product_brand":[],"product_cat":[513],"product_tag":[516],"class_list":{"0":"post-28555","1":"product","2":"type-product","3":"status-publish","4":"has-post-thumbnail","6":"product_cat-bols","7":"product_tag-animais","8":"pa_ciudad-barcelona","9":"pa_motivo-cavalos-marinhos","10":"pa_pais-espana","12":"first","13":"instock","14":"shipping-taxable","15":"product-type-simple"},"acf":[],"_links":{"self":[{"href":"https:\/\/olemosaic.com\/pt-pt\/wp-json\/wp\/v2\/product\/28555","targetHints":{"allow":["GET"]}}],"collection":[{"href":"https:\/\/olemosaic.com\/pt-pt\/wp-json\/wp\/v2\/product"}],"about":[{"href":"https:\/\/olemosaic.com\/pt-pt\/wp-json\/wp\/v2\/types\/product"}],"wp:featuredmedia":[{"embeddable":true,"href":"https:\/\/olemosaic.com\/pt-pt\/wp-json\/wp\/v2\/media\/10139"}],"wp:attachment":[{"href":"https:\/\/olemosaic.com\/pt-pt\/wp-json\/wp\/v2\/media?parent=28555"}],"wp:term":[{"taxonomy":"product_brand","embeddable":true,"href":"https:\/\/olemosaic.com\/pt-pt\/wp-json\/wp\/v2\/product_brand?post=28555"},{"taxonomy":"product_cat","embeddable":true,"href":"https:\/\/olemosaic.com\/pt-pt\/wp-json\/wp\/v2\/product_cat?post=28555"},{"taxonomy":"product_tag","embeddable":true,"href":"https:\/\/olemosaic.com\/pt-pt\/wp-json\/wp\/v2\/product_tag?post=28555"}],"curies":[{"name":"wp","href":"https:\/\/api.w.org\/{rel}","templated":true}]}}