{"id":28554,"date":"2025-02-20T23:29:45","date_gmt":"2025-02-20T22:29:45","guid":{"rendered":"http:\/\/olemosaic.com\/producto\/bol-de-coco-azul-delfin-barcelona-3\/"},"modified":"2025-07-25T19:08:17","modified_gmt":"2025-07-25T17:08:17","slug":"taca-de-coco-azul-golfinho-barcelona-3","status":"publish","type":"product","link":"https:\/\/olemosaic.com\/pt-pt\/produto\/taca-de-coco-azul-golfinho-barcelona-3\/","title":{"rendered":"Ta\u00e7a de coco azul. Golfinho. Mosaico. Barcelona."},"content":{"rendered":"<p>Esta ta\u00e7a de coco azul, decorada com um design vibrante, \u00e9 uma bela representa\u00e7\u00e3o do ambiente marinho de Barcelona, capturando a ess\u00eancia do Mediterr\u00e2neo em cada detalhe. Fabricada com material de coco, esta ta\u00e7a destaca-se pela sua originalidade, pintada \u00e0 m\u00e3o com motivos que incluem dois golfinhos, s\u00edmbolos da vida aqu\u00e1tica e da alegria do mar que rodeia esta cidade ic\u00f3nica. Os tons azuis da ta\u00e7a, combinados com detalhes dourados que refletem a luz de forma elegante, criam um efeito visual cativante, tornando-a uma excelente recorda\u00e7\u00e3o que evoca os dias ensolarados e as praias da costa catal\u00e3.<\/p>\n<p>No centro da ta\u00e7a encontra-se a inscri\u00e7\u00e3o &#8220;Barcelona&#8221;, que refor\u00e7a a sua autenticidade como recorda\u00e7\u00e3o representativa desta cidade vibrante. Este produto n\u00e3o \u00e9 apenas um objeto decorativo, mas tamb\u00e9m carrega consigo a rica cultura de Barcelona, famosa pela sua liga\u00e7\u00e3o ao mar e pela sua biodiversidade. Esta ta\u00e7a de coco azul \u00e9 uma escolha ideal para os turistas que procuram uma pe\u00e7a \u00fanica que represente a sua viagem a Barcelona, bem como para as lojas de presentes tur\u00edsticos que desejam oferecer recorda\u00e7\u00f5es aut\u00eanticas e de qualidade. Na Ol\u00e9 Mosaic, o seu grossista de lembran\u00e7as, garantimos que cada um dos nossos produtos reflete o artesanato e o esp\u00edrito cultural de Espanha.<\/p>\n","protected":false},"excerpt":{"rendered":"<p>Ta\u00e7a de coco azul decorada com um design vibrante que mostra dois golfinhos num ambiente aqu\u00e1tico, simbolizando a vida marinha de Barcelona. Fabricada com material de coco, possui um design artesanal, pintado \u00e0 m\u00e3o, com detalhes dourados e tonalidades azuis que capturam a luz com eleg\u00e2ncia. Este artigo \u00fanico, com a inscri\u00e7\u00e3o &#8220;Barcelona&#8221;, \u00e9 ideal para adicionar um toque art\u00edstico e cultural a qualquer espa\u00e7o, evocando a frescura do Mediterr\u00e2neo.<\/p>\n","protected":false},"featured_media":10151,"template":"","meta":{"_acf_changed":false},"product_brand":[],"product_cat":[513],"product_tag":[516],"class_list":{"0":"post-28554","1":"product","2":"type-product","3":"status-publish","4":"has-post-thumbnail","6":"product_cat-bols","7":"product_tag-animais","8":"pa_ciudad-barcelona","9":"pa_motivo-golfinhos","10":"pa_pais-espana","12":"first","13":"instock","14":"shipping-taxable","15":"product-type-simple"},"acf":[],"_links":{"self":[{"href":"https:\/\/olemosaic.com\/pt-pt\/wp-json\/wp\/v2\/product\/28554","targetHints":{"allow":["GET"]}}],"collection":[{"href":"https:\/\/olemosaic.com\/pt-pt\/wp-json\/wp\/v2\/product"}],"about":[{"href":"https:\/\/olemosaic.com\/pt-pt\/wp-json\/wp\/v2\/types\/product"}],"wp:featuredmedia":[{"embeddable":true,"href":"https:\/\/olemosaic.com\/pt-pt\/wp-json\/wp\/v2\/media\/10151"}],"wp:attachment":[{"href":"https:\/\/olemosaic.com\/pt-pt\/wp-json\/wp\/v2\/media?parent=28554"}],"wp:term":[{"taxonomy":"product_brand","embeddable":true,"href":"https:\/\/olemosaic.com\/pt-pt\/wp-json\/wp\/v2\/product_brand?post=28554"},{"taxonomy":"product_cat","embeddable":true,"href":"https:\/\/olemosaic.com\/pt-pt\/wp-json\/wp\/v2\/product_cat?post=28554"},{"taxonomy":"product_tag","embeddable":true,"href":"https:\/\/olemosaic.com\/pt-pt\/wp-json\/wp\/v2\/product_tag?post=28554"}],"curies":[{"name":"wp","href":"https:\/\/api.w.org\/{rel}","templated":true}]}}