{"id":28553,"date":"2025-02-20T23:29:45","date_gmt":"2025-02-20T22:29:45","guid":{"rendered":"http:\/\/olemosaic.com\/producto\/bol-de-coco-azul-tortuga-mallorca\/"},"modified":"2025-07-25T19:52:39","modified_gmt":"2025-07-25T17:52:39","slug":"taca-de-coco-azul-tartaruga-maiorca","status":"publish","type":"product","link":"https:\/\/olemosaic.com\/pt-pt\/produto\/taca-de-coco-azul-tartaruga-maiorca\/","title":{"rendered":"Ta\u00e7a de coco azul. Tartaruga. Maiorca."},"content":{"rendered":"<p>Esta ta\u00e7a de coco azul, decorada com um design de tartaruga, \u00e9 uma aut\u00eantica joia artesanal que captura a ess\u00eancia do Mediterr\u00e2neo e a beleza de Maiorca. Elaborada a partir de cascas de coco, esta ta\u00e7a apresenta um acabamento pintado \u00e0 m\u00e3o em tonalidades azuis vibrantes que evocam as \u00e1guas cristalinas que banham a ilha. No centro, destaca-se uma encantadora tartaruga, s\u00edmbolo da vida marinha e da riqueza ecol\u00f3gica da regi\u00e3o, acompanhada pela palavra &#8220;MALLORCA&#8221;, que sem d\u00favida reavivar\u00e1 as mem\u00f3rias de cada visitante.<\/p>\n<p>Os detalhes em preto emolduram subtilmente a tartaruga e conferem eleg\u00e2ncia ao design, enquanto os motivos marinhos que adornam a borda da ta\u00e7a acrescentam um toque de frescura e liga\u00e7\u00e3o com o ambiente natural da ilha. Esta ta\u00e7a n\u00e3o s\u00f3 \u00e9 ideal para guardar pequenos objetos ou como pe\u00e7a decorativa, como tamb\u00e9m serve como uma recorda\u00e7\u00e3o tang\u00edvel da visita a Maiorca, evocando as maravilhas da sua paisagem.<\/p>\n<p>Na Ol\u00e9 Mosaic, orgulhamo-nos de oferecer lembran\u00e7as de qualidade que representam a autenticidade e a cultura local. Esta ta\u00e7a de coco azul \u00e9 uma excelente op\u00e7\u00e3o para lojas de presentes tur\u00edsticos que procuram produtos aut\u00eanticos e representativos. Como distribuidores de ta\u00e7as artesanais por grosso, garantimos que cada pe\u00e7a esteja impregnada da tradi\u00e7\u00e3o maiorquina, tornando esta ta\u00e7a o presente perfeito para os turistas que desejam levar um peda\u00e7o de Maiorca para casa.<\/p>\n","protected":false},"excerpt":{"rendered":"<p>Ta\u00e7a de coco azul decorada com um design de tartaruga, representativo de Maiorca. Esta atraente ta\u00e7a \u00e9 feita de coco e apresenta um acabamento de design artesanal, pintado \u00e0 m\u00e3o, com tons azuis e detalhes em preto, que emolduram uma encantadora tartaruga e a palavra &#8220;MALLORCA&#8221;. O seu design vibrante e o uso de motivos marinhos evocam a beleza do ambiente mediterr\u00e2nico, tornando-a uma pe\u00e7a ideal para recordar as maravilhas da ilha.<\/p>\n","protected":false},"featured_media":10267,"template":"","meta":{"_acf_changed":false},"product_brand":[],"product_cat":[513],"product_tag":[516],"class_list":{"0":"post-28553","1":"product","2":"type-product","3":"status-publish","4":"has-post-thumbnail","6":"product_cat-bols","7":"product_tag-animais","8":"pa_ciudad-mallorca","9":"pa_motivo-tartarugas","10":"pa_pais-espana","12":"first","13":"instock","14":"shipping-taxable","15":"product-type-simple"},"acf":[],"_links":{"self":[{"href":"https:\/\/olemosaic.com\/pt-pt\/wp-json\/wp\/v2\/product\/28553","targetHints":{"allow":["GET"]}}],"collection":[{"href":"https:\/\/olemosaic.com\/pt-pt\/wp-json\/wp\/v2\/product"}],"about":[{"href":"https:\/\/olemosaic.com\/pt-pt\/wp-json\/wp\/v2\/types\/product"}],"wp:featuredmedia":[{"embeddable":true,"href":"https:\/\/olemosaic.com\/pt-pt\/wp-json\/wp\/v2\/media\/10267"}],"wp:attachment":[{"href":"https:\/\/olemosaic.com\/pt-pt\/wp-json\/wp\/v2\/media?parent=28553"}],"wp:term":[{"taxonomy":"product_brand","embeddable":true,"href":"https:\/\/olemosaic.com\/pt-pt\/wp-json\/wp\/v2\/product_brand?post=28553"},{"taxonomy":"product_cat","embeddable":true,"href":"https:\/\/olemosaic.com\/pt-pt\/wp-json\/wp\/v2\/product_cat?post=28553"},{"taxonomy":"product_tag","embeddable":true,"href":"https:\/\/olemosaic.com\/pt-pt\/wp-json\/wp\/v2\/product_tag?post=28553"}],"curies":[{"name":"wp","href":"https:\/\/api.w.org\/{rel}","templated":true}]}}