{"id":28552,"date":"2025-02-20T22:29:45","date_gmt":"2025-02-20T22:29:45","guid":{"rendered":"http:\/\/olemosaic.com\/producto\/bol-de-coco-azul-camello-lanzarote\/"},"modified":"2025-07-25T18:42:53","modified_gmt":"2025-07-25T16:42:53","slug":"taca-de-coco-azul-camelo-lanzarote","status":"publish","type":"product","link":"https:\/\/olemosaic.com\/pt-pt\/produto\/taca-de-coco-azul-camelo-lanzarote\/","title":{"rendered":"Ta\u00e7a de coco azul. Camelo. Lanzarote."},"content":{"rendered":"<p>Esta ta\u00e7a de coco azul, decorada com um design de camelo, \u00e9 uma aut\u00eantica pe\u00e7a representativa de Lanzarote, que funde tradi\u00e7\u00e3o e encanto num \u00fanico objeto. Fabricada com t\u00e9cnica artesanal, esta ta\u00e7a destaca-se pela sua cor azul vibrante, que evoca as \u00e1guas cristalinas que rodeiam a ilha, criando uma liga\u00e7\u00e3o visual imediata com a beleza da paisagem can\u00e1ria. A sua superf\u00edcie est\u00e1 adornada com um elegante padr\u00e3o de c\u00edrculos azuis sobre um fundo claro, que proporciona um contraste atraente e din\u00e2mico, enquanto o camelo, s\u00edmbolo da cultura insular, aparece como um distintivo singular no design.<\/p>\n<p>Esta ta\u00e7a n\u00e3o \u00e9 apenas um objeto decorativo, mas tamb\u00e9m um elemento \u00fatil para a casa, ideal para servir aperitivos, como centro de mesa ou para complementar a decora\u00e7\u00e3o em qualquer canto. O artesanato tradicional empregue na sua cria\u00e7\u00e3o assegura que cada ta\u00e7a seja \u00fanica, refletindo a autenticidade e o patrim\u00f3nio cultural de Lanzarote. Esta lembran\u00e7a \u00e9 perfeita para turistas que procuram levar um pedacinho das Ilhas Can\u00e1rias, sendo, al\u00e9m disso, um presente encantador e significativo.<\/p>\n<p>Na Ol\u00e9 Mosaic, especializamo-nos na distribui\u00e7\u00e3o de lembran\u00e7as por grosso, oferecendo produtos que se destacam pela sua qualidade e relev\u00e2ncia cultural. Esta ta\u00e7a de coco \u00e9 uma excelente op\u00e7\u00e3o para lojas de presentes tur\u00edsticos que desejam oferecer artigos aut\u00eanticos e representativos de Lanzarote. Como grossistas de lembran\u00e7as can\u00e1rias, garantimos que cada pe\u00e7a conte uma hist\u00f3ria, convertendo cada lembran\u00e7a numa recorda\u00e7\u00e3o inesquec\u00edvel.<\/p>\n","protected":false},"excerpt":{"rendered":"<p>Ta\u00e7a de coco azul decorada com um design de camelo, representativo de Lanzarote. Esta ta\u00e7a original \u00e9 elaborada com t\u00e9cnicas de artesanato tradicional, destacando a sua cor azul vibrante que evoca as \u00e1guas do oceano. A sua superf\u00edcie apresenta um elegante padr\u00e3o de c\u00edrculos azuis sobre um fundo claro, real\u00e7ando o motivo do camelo, um s\u00edmbolo cultural da ilha. Ideal para adicionar um toque decorativo ou como elemento \u00fatil para a casa.<\/p>\n","protected":false},"featured_media":12000,"template":"","meta":{"_acf_changed":false},"product_brand":[],"product_cat":[513],"product_tag":[516],"class_list":{"0":"post-28552","1":"product","2":"type-product","3":"status-publish","4":"has-post-thumbnail","6":"product_cat-bols","7":"product_tag-animais","8":"pa_ciudad-lanzarote","9":"pa_motivo-camelos","10":"pa_pais-espana","12":"first","13":"instock","14":"shipping-taxable","15":"product-type-simple"},"acf":[],"_links":{"self":[{"href":"https:\/\/olemosaic.com\/pt-pt\/wp-json\/wp\/v2\/product\/28552","targetHints":{"allow":["GET"]}}],"collection":[{"href":"https:\/\/olemosaic.com\/pt-pt\/wp-json\/wp\/v2\/product"}],"about":[{"href":"https:\/\/olemosaic.com\/pt-pt\/wp-json\/wp\/v2\/types\/product"}],"wp:featuredmedia":[{"embeddable":true,"href":"https:\/\/olemosaic.com\/pt-pt\/wp-json\/wp\/v2\/media\/12000"}],"wp:attachment":[{"href":"https:\/\/olemosaic.com\/pt-pt\/wp-json\/wp\/v2\/media?parent=28552"}],"wp:term":[{"taxonomy":"product_brand","embeddable":true,"href":"https:\/\/olemosaic.com\/pt-pt\/wp-json\/wp\/v2\/product_brand?post=28552"},{"taxonomy":"product_cat","embeddable":true,"href":"https:\/\/olemosaic.com\/pt-pt\/wp-json\/wp\/v2\/product_cat?post=28552"},{"taxonomy":"product_tag","embeddable":true,"href":"https:\/\/olemosaic.com\/pt-pt\/wp-json\/wp\/v2\/product_tag?post=28552"}],"curies":[{"name":"wp","href":"https:\/\/api.w.org\/{rel}","templated":true}]}}