{"id":28551,"date":"2025-02-20T23:29:45","date_gmt":"2025-02-20T22:29:45","guid":{"rendered":"http:\/\/olemosaic.com\/producto\/bol-de-coco-azul-delfin-barcelona-2\/"},"modified":"2025-07-25T20:02:58","modified_gmt":"2025-07-25T18:02:58","slug":"taca-de-coco-azul-golfinho-barcelona-2","status":"publish","type":"product","link":"https:\/\/olemosaic.com\/pt-pt\/produto\/taca-de-coco-azul-golfinho-barcelona-2\/","title":{"rendered":"Ta\u00e7a de coco azul. Golfinho. Estilo mediterr\u00e2nico. Barcelona. Espanha."},"content":{"rendered":"<p>Esta ta\u00e7a de coco azul decorada com um golfinho \u00e9 uma pe\u00e7a \u00fanica que captura a ess\u00eancia vibrante de Barcelona. Elaborada a partir da casca de coco, a ta\u00e7a apresenta um fundo azul cativante que evoca o mar Mediterr\u00e2neo, onde os golfinhos brincam entre as ondas, simbolizando o esp\u00edrito costeiro da cidade. No centro, um golfinho branco, delicadamente esculpido, destaca-se sobre o azul intenso, enquanto a palavra &#8220;Barcelona&#8221; se encontra impressa com uma tipografia elegante que acentua o seu apelo. Este design muito especial n\u00e3o s\u00f3 a torna uma pe\u00e7a decorativa, mas tamb\u00e9m uma recorda\u00e7\u00e3o cultural que real\u00e7a a liga\u00e7\u00e3o de Barcelona com o mar e a sua rica biodiversidade.<\/p>\n<p>Ideal para usar em pequenas cerim\u00f3nias ou simplesmente como objeto decorativo em casa, esta ta\u00e7a de coco \u00e9 mais do que uma lembran\u00e7a: \u00e9 uma representa\u00e7\u00e3o aut\u00eantica da heran\u00e7a artesanal catal\u00e3. Na Ol\u00e9 Mosaic, compreendemos a import\u00e2ncia de oferecer produtos que reflitam a cultura local, e esta ta\u00e7a posiciona-se na perfei\u00e7\u00e3o como uma lembran\u00e7a de Barcelona que encantar\u00e1 qualquer turista. Ao escolher a nossa ta\u00e7a de coco, os compradores n\u00e3o s\u00f3 adquirem um artigo funcional, mas tamb\u00e9m um s\u00edmbolo da beleza e da alegria da vida na costa mediterr\u00e2nica. Como grossistas de lembran\u00e7as, garantimos qualidade e autenticidade em cada produto distribu\u00eddo para lojas de presentes tur\u00edsticos.<\/p>\n","protected":false},"excerpt":{"rendered":"<p>Ta\u00e7a de coco azul decorada com um golfinho, que representa a ess\u00eancia de Barcelona. Esta elegante ta\u00e7a, elaborada a partir da casca de coco, apresenta um fundo azul vibrante e um design muito especial que destaca um golfinho branco, simbolizando o esp\u00edrito marinheiro da cidade. A palavra &#8220;Barcelona&#8221; est\u00e1 impressa, complementando o seu apelo visual. Ideal como pe\u00e7a decorativa ou para usar em pequenas cerim\u00f3nias, o seu estilo colorido e artesanal torna-a uma excelente recorda\u00e7\u00e3o.<\/p>\n","protected":false},"featured_media":11759,"template":"","meta":{"_acf_changed":false},"product_brand":[],"product_cat":[513],"product_tag":[516],"class_list":{"0":"post-28551","1":"product","2":"type-product","3":"status-publish","4":"has-post-thumbnail","6":"product_cat-bols","7":"product_tag-animais","8":"pa_ciudad-barcelona","9":"pa_motivo-golfinhos","10":"pa_pais-espana","12":"first","13":"instock","14":"shipping-taxable","15":"product-type-simple"},"acf":[],"_links":{"self":[{"href":"https:\/\/olemosaic.com\/pt-pt\/wp-json\/wp\/v2\/product\/28551","targetHints":{"allow":["GET"]}}],"collection":[{"href":"https:\/\/olemosaic.com\/pt-pt\/wp-json\/wp\/v2\/product"}],"about":[{"href":"https:\/\/olemosaic.com\/pt-pt\/wp-json\/wp\/v2\/types\/product"}],"wp:featuredmedia":[{"embeddable":true,"href":"https:\/\/olemosaic.com\/pt-pt\/wp-json\/wp\/v2\/media\/11759"}],"wp:attachment":[{"href":"https:\/\/olemosaic.com\/pt-pt\/wp-json\/wp\/v2\/media?parent=28551"}],"wp:term":[{"taxonomy":"product_brand","embeddable":true,"href":"https:\/\/olemosaic.com\/pt-pt\/wp-json\/wp\/v2\/product_brand?post=28551"},{"taxonomy":"product_cat","embeddable":true,"href":"https:\/\/olemosaic.com\/pt-pt\/wp-json\/wp\/v2\/product_cat?post=28551"},{"taxonomy":"product_tag","embeddable":true,"href":"https:\/\/olemosaic.com\/pt-pt\/wp-json\/wp\/v2\/product_tag?post=28551"}],"curies":[{"name":"wp","href":"https:\/\/api.w.org\/{rel}","templated":true}]}}