{"id":28549,"date":"2025-02-20T23:29:44","date_gmt":"2025-02-20T22:29:44","guid":{"rendered":"http:\/\/olemosaic.com\/producto\/bol-de-coco-azul-delfin-tenerife\/"},"modified":"2025-07-25T18:52:03","modified_gmt":"2025-07-25T16:52:03","slug":"taca-de-coco-azul-golfinho-tenerife","status":"publish","type":"product","link":"https:\/\/olemosaic.com\/pt-pt\/produto\/taca-de-coco-azul-golfinho-tenerife\/","title":{"rendered":"Ta\u00e7a de coco azul. Golfinho. Tenerife."},"content":{"rendered":"<p>Esta ta\u00e7a de coco azul decorada com um golfinho \u00e9 um aut\u00eantico tesouro que captura a ess\u00eancia de Tenerife e a beleza marinha do arquip\u00e9lago das Can\u00e1rias. Elaborada a partir de uma casca de coco natural, esta ta\u00e7a apresenta um design vibrante em tons azuis que evoca a calma e a profundidade do oceano. A decora\u00e7\u00e3o inclui um golfinho pintado \u00e0 m\u00e3o, s\u00edmbolo da vida marinha que rodeia as costas de Tenerife. Este toque art\u00edstico n\u00e3o s\u00f3 acrescenta um car\u00e1cter distintivo \u00e0 ta\u00e7a, como tamb\u00e9m real\u00e7a a liga\u00e7\u00e3o com o ambiente natural e as tradi\u00e7\u00f5es locais da ilha.<\/p>\n<p>A textura \u00fanica do coco confere uma dimens\u00e3o t\u00e1ctil que torna esta ta\u00e7a uma pe\u00e7a ideal tanto para decora\u00e7\u00e3o como para uso funcional. Com o seu design apelativo e a sua forte liga\u00e7\u00e3o cultural, esta lembran\u00e7a \u00e9 perfeita para turistas que desejem levar um peda\u00e7o da magia de Tenerife. Na Ol\u00e9 Mosaic orgulhamo-nos de oferecer produtos aut\u00eanticos e representativos, como esta ta\u00e7a de coco, que celebram a rica cultura de Espanha. \u00c9 uma excelente op\u00e7\u00e3o para lojas de presentes tur\u00edsticos, assegurando qualidade e relev\u00e2ncia cultural em cada pe\u00e7a. Sem d\u00favida, uma recorda\u00e7\u00e3o memor\u00e1vel das belas \u00e1guas de Tenerife, uma lembran\u00e7a que perdurar\u00e1 no tempo.<\/p>\n","protected":false},"excerpt":{"rendered":"<p>Ta\u00e7a de coco azul decorada com um golfinho, que representa a beleza marinha de Tenerife. Este produto original combina a textura natural do coco com um design vibrante em tons azuis, evocando as \u00e1guas do oceano. O golfinho, com design artesanal e pintado \u00e0 m\u00e3o, confere um toque art\u00edstico e distintivo, enquanto o nome &#8220;Tenerife&#8221; real\u00e7a a sua liga\u00e7\u00e3o com esta ilha ic\u00f3nica do arquip\u00e9lago das Can\u00e1rias. Ideal para decorar ou como recorda\u00e7\u00e3o.<\/p>\n","protected":false},"featured_media":11929,"template":"","meta":{"_acf_changed":false},"product_brand":[],"product_cat":[513],"product_tag":[516],"class_list":{"0":"post-28549","1":"product","2":"type-product","3":"status-publish","4":"has-post-thumbnail","6":"product_cat-bols","7":"product_tag-animais","8":"pa_ciudad-tenerife","9":"pa_motivo-golfinhos","10":"pa_pais-espana","12":"first","13":"instock","14":"shipping-taxable","15":"product-type-simple"},"acf":[],"_links":{"self":[{"href":"https:\/\/olemosaic.com\/pt-pt\/wp-json\/wp\/v2\/product\/28549","targetHints":{"allow":["GET"]}}],"collection":[{"href":"https:\/\/olemosaic.com\/pt-pt\/wp-json\/wp\/v2\/product"}],"about":[{"href":"https:\/\/olemosaic.com\/pt-pt\/wp-json\/wp\/v2\/types\/product"}],"wp:featuredmedia":[{"embeddable":true,"href":"https:\/\/olemosaic.com\/pt-pt\/wp-json\/wp\/v2\/media\/11929"}],"wp:attachment":[{"href":"https:\/\/olemosaic.com\/pt-pt\/wp-json\/wp\/v2\/media?parent=28549"}],"wp:term":[{"taxonomy":"product_brand","embeddable":true,"href":"https:\/\/olemosaic.com\/pt-pt\/wp-json\/wp\/v2\/product_brand?post=28549"},{"taxonomy":"product_cat","embeddable":true,"href":"https:\/\/olemosaic.com\/pt-pt\/wp-json\/wp\/v2\/product_cat?post=28549"},{"taxonomy":"product_tag","embeddable":true,"href":"https:\/\/olemosaic.com\/pt-pt\/wp-json\/wp\/v2\/product_tag?post=28549"}],"curies":[{"name":"wp","href":"https:\/\/api.w.org\/{rel}","templated":true}]}}