{"id":28528,"date":"2025-02-20T22:29:44","date_gmt":"2025-02-20T22:29:44","guid":{"rendered":"http:\/\/olemosaic.com\/producto\/bol-de-coco-azul-delfin-menorca\/"},"modified":"2025-07-25T18:53:12","modified_gmt":"2025-07-25T16:53:12","slug":"taca-de-coco-azul-golfinho-menorca","status":"publish","type":"product","link":"https:\/\/olemosaic.com\/pt-pt\/produto\/taca-de-coco-azul-golfinho-menorca\/","title":{"rendered":"Ta\u00e7a de coco azul. Golfinho. Menorca."},"content":{"rendered":"<p>Esta ta\u00e7a de coco azul, decorada com golfinhos, \u00e9 uma magn\u00edfica representa\u00e7\u00e3o da beleza do mar de Menorca. Fabricada com materiais naturais, esta atraente ta\u00e7a apresenta um design fascinante em tons azulados que evocam as \u00e1guas cristalinas da ilha, com manchas que lembram a frescura vibrante do oceano. No centro, uma bela ilustra\u00e7\u00e3o de um golfinho em cor de laranja, s\u00edmbolo da fauna marinha local, destaca-se sobre o fundo azul, acompanhado pelo nome &#8220;MENORCA&#8221;, que evoca a liga\u00e7\u00e3o da pe\u00e7a com a sua regi\u00e3o de origem.<\/p>\n<p>Ideal tanto como objeto decorativo como para servir aperitivos, esta ta\u00e7a combina arte e funcionalidade, permitindo aos turistas levar um peda\u00e7o do estilo de vida de Menorca para as suas casas. O golfinho, presente nas \u00e1guas de Menorca, representa a rica biodiversidade do mar Mediterr\u00e2neo e reflete a import\u00e2ncia da conserva\u00e7\u00e3o marinha na regi\u00e3o.<\/p>\n<p>Na Ol\u00e9 Mosaic dedicamo-nos \u00e0 distribui\u00e7\u00e3o de recorda\u00e7\u00f5es por grosso, destacando produtos aut\u00eanticos e de alta qualidade que celebram a cultura e o patrim\u00f3nio local. Esta ta\u00e7a de coco azul n\u00e3o \u00e9 apenas uma excelente recorda\u00e7\u00e3o de Menorca, mas tamb\u00e9m uma \u00f3tima op\u00e7\u00e3o para lojas de presentes tur\u00edsticos que procuram oferecer aos seus clientes recorda\u00e7\u00f5es significativas, em sintonia com a ess\u00eancia da ilha.<\/p>\n","protected":false},"excerpt":{"rendered":"<p>Ta\u00e7a de coco azul decorada com motivos de golfinhos que representa a beleza do mar de Menorca. Esta atraente ta\u00e7a, elaborada com materiais naturais, apresenta um design em tons azulados com manchas que evocam a \u00e1gua, criando uma sensa\u00e7\u00e3o fresca e vibrante. No centro destaca-se a ilustra\u00e7\u00e3o de um golfinho em cor de laranja com o nome &#8220;MENORCA&#8221;. Perfeita como objeto decorativo ou para servir aperitivos, esta ta\u00e7a combina arte e funcionalidade.<\/p>\n","protected":false},"featured_media":11909,"template":"","meta":{"_acf_changed":false},"product_brand":[],"product_cat":[513],"product_tag":[516],"class_list":{"0":"post-28528","1":"product","2":"type-product","3":"status-publish","4":"has-post-thumbnail","6":"product_cat-bols","7":"product_tag-animais","8":"pa_ciudad-menorca","9":"pa_motivo-golfinhos","10":"pa_pais-espana","12":"first","13":"instock","14":"shipping-taxable","15":"product-type-simple"},"acf":[],"_links":{"self":[{"href":"https:\/\/olemosaic.com\/pt-pt\/wp-json\/wp\/v2\/product\/28528","targetHints":{"allow":["GET"]}}],"collection":[{"href":"https:\/\/olemosaic.com\/pt-pt\/wp-json\/wp\/v2\/product"}],"about":[{"href":"https:\/\/olemosaic.com\/pt-pt\/wp-json\/wp\/v2\/types\/product"}],"wp:featuredmedia":[{"embeddable":true,"href":"https:\/\/olemosaic.com\/pt-pt\/wp-json\/wp\/v2\/media\/11909"}],"wp:attachment":[{"href":"https:\/\/olemosaic.com\/pt-pt\/wp-json\/wp\/v2\/media?parent=28528"}],"wp:term":[{"taxonomy":"product_brand","embeddable":true,"href":"https:\/\/olemosaic.com\/pt-pt\/wp-json\/wp\/v2\/product_brand?post=28528"},{"taxonomy":"product_cat","embeddable":true,"href":"https:\/\/olemosaic.com\/pt-pt\/wp-json\/wp\/v2\/product_cat?post=28528"},{"taxonomy":"product_tag","embeddable":true,"href":"https:\/\/olemosaic.com\/pt-pt\/wp-json\/wp\/v2\/product_tag?post=28528"}],"curies":[{"name":"wp","href":"https:\/\/api.w.org\/{rel}","templated":true}]}}