{"id":28527,"date":"2025-02-20T22:29:43","date_gmt":"2025-02-20T22:29:43","guid":{"rendered":"http:\/\/olemosaic.com\/producto\/bol-de-coco-azul-bailaora-2\/"},"modified":"2025-07-25T19:46:09","modified_gmt":"2025-07-25T17:46:09","slug":"taca-de-coco-azul-bailarina-flamenco-2","status":"publish","type":"product","link":"https:\/\/olemosaic.com\/pt-pt\/produto\/taca-de-coco-azul-bailarina-flamenco-2\/","title":{"rendered":"Ta\u00e7a de coco azul. Bailarina de Flamenco."},"content":{"rendered":"<p>Esta ta\u00e7a de coco azul, decorada com a imagem de uma bailarina de flamenco, \u00e9 uma aut\u00eantica homenagem \u00e0 rica heran\u00e7a cultural andaluza. O seu design vibrante, em tons azuis, evoca as profundezas do mar Mediterr\u00e2neo e \u00e9 complementado por um fundo de mosaico que capta a ess\u00eancia da arte flamenca. No centro, a figura da bailarina emerge com gra\u00e7a, num gesto cativante, simbolizando a paix\u00e3o e o movimento do flamenco, arte declarada Patrim\u00f3nio Cultural Imaterial da Humanidade pela UNESCO.<\/p>\n<p>A ta\u00e7a, elaborada de forma artesanal, n\u00e3o \u00e9 apenas visualmente atraente, mas tamb\u00e9m incorpora delicados elementos decorativos com forma de cora\u00e7\u00f5es que adicionam um toque rom\u00e2ntico e festivo. A combina\u00e7\u00e3o destes detalhes real\u00e7a a destreza dos artes\u00e3os, que criam cada pe\u00e7a com amor e dedica\u00e7\u00e3o. Esta ta\u00e7a n\u00e3o \u00e9 apenas um objeto decorativo, mas um s\u00edmbolo da identidade cultural andaluza, perfeito para quem deseja levar um peda\u00e7o da tradi\u00e7\u00e3o e do folclore espanhol para as suas casas.<\/p>\n<p>Na Ol\u00e9 Mosaic, orgulhamo-nos de oferecer recorda\u00e7\u00f5es de qualidade por grosso, ideais para lojas de presentes tur\u00edsticos. Esta ta\u00e7a de coco azul \u00e9 uma excelente op\u00e7\u00e3o para quem procura recorda\u00e7\u00f5es \u00fanicas e aut\u00eanticas da Andaluzia, que combinam beleza, funcionalidade e uma rica heran\u00e7a cultural.<\/p>\n","protected":false},"excerpt":{"rendered":"<p>Ta\u00e7a de coco azul decorada com a imagem de uma bailarina de flamenco. Esta elegante ta\u00e7a apresenta um design vibrante em tons azuis, com um fundo de mosaico que real\u00e7a a figura em movimento da bailarina. A pe\u00e7a, elaborada artesanalmente, incorpora elementos decorativos em forma de cora\u00e7\u00f5es que complementam o seu apelo visual. Ideal para adicionar um toque de cultura andaluza a qualquer espa\u00e7o.<\/p>\n","protected":false},"featured_media":13470,"template":"","meta":{"_acf_changed":false},"product_brand":[],"product_cat":[513],"product_tag":[],"class_list":{"0":"post-28527","1":"product","2":"type-product","3":"status-publish","4":"has-post-thumbnail","6":"product_cat-bols","7":"pa_motivo-dancarinos","9":"first","10":"instock","11":"shipping-taxable","12":"product-type-simple"},"acf":[],"_links":{"self":[{"href":"https:\/\/olemosaic.com\/pt-pt\/wp-json\/wp\/v2\/product\/28527","targetHints":{"allow":["GET"]}}],"collection":[{"href":"https:\/\/olemosaic.com\/pt-pt\/wp-json\/wp\/v2\/product"}],"about":[{"href":"https:\/\/olemosaic.com\/pt-pt\/wp-json\/wp\/v2\/types\/product"}],"wp:featuredmedia":[{"embeddable":true,"href":"https:\/\/olemosaic.com\/pt-pt\/wp-json\/wp\/v2\/media\/13470"}],"wp:attachment":[{"href":"https:\/\/olemosaic.com\/pt-pt\/wp-json\/wp\/v2\/media?parent=28527"}],"wp:term":[{"taxonomy":"product_brand","embeddable":true,"href":"https:\/\/olemosaic.com\/pt-pt\/wp-json\/wp\/v2\/product_brand?post=28527"},{"taxonomy":"product_cat","embeddable":true,"href":"https:\/\/olemosaic.com\/pt-pt\/wp-json\/wp\/v2\/product_cat?post=28527"},{"taxonomy":"product_tag","embeddable":true,"href":"https:\/\/olemosaic.com\/pt-pt\/wp-json\/wp\/v2\/product_tag?post=28527"}],"curies":[{"name":"wp","href":"https:\/\/api.w.org\/{rel}","templated":true}]}}