{"id":28526,"date":"2025-02-20T23:29:43","date_gmt":"2025-02-20T22:29:43","guid":{"rendered":"http:\/\/olemosaic.com\/producto\/bol-de-coco-azul-flecha-camino-de-santiago\/"},"modified":"2025-07-25T18:43:22","modified_gmt":"2025-07-25T16:43:22","slug":"taca-de-coco-azul-seta-caminho-de-santiago","status":"publish","type":"product","link":"https:\/\/olemosaic.com\/pt-pt\/produto\/taca-de-coco-azul-seta-caminho-de-santiago\/","title":{"rendered":"Ta\u00e7a de coco azul. Seta. Caminho de Santiago."},"content":{"rendered":"<p>Esta ta\u00e7a de coco azul, decorada com a emblem\u00e1tica seta do Caminho de Santiago, \u00e9 um aut\u00eantico tesouro representativo desta lend\u00e1ria rota de peregrina\u00e7\u00e3o. Elaborada artesanalmente, este produto destaca-se pelo seu acabamento em tons azuis suaves que evocam o c\u00e9u e as paisagens que os peregrinos encontram ao longo do caminho. A sua forma org\u00e2nica e as curvas suaves da ta\u00e7a oferecem um design moderno, enquanto a seta dourada, s\u00edmbolo do Caminho, e a frase &#8220;CAMINHO DE SANTIAGO&#8221;, emblem\u00e1tica desta tradi\u00e7\u00e3o, conferem um atraente toque r\u00fastico que contrasta maravilhosamente com a superf\u00edcie brilhante da ta\u00e7a.<\/p>\n<p>Esta recorda\u00e7\u00e3o n\u00e3o \u00e9 apenas uma pe\u00e7a decorativa ideal para real\u00e7ar qualquer lar, mas tamb\u00e9m pode ser utilizada de forma funcional, tornando-a um excelente complemento para a mesa ou um recipiente \u00fanico para pequenos objetos. A sua liga\u00e7\u00e3o cultural com a famosa rota, que atrai peregrinos de todo o mundo h\u00e1 s\u00e9culos, confere-lhe um valor especial como recorda\u00e7\u00e3o que evoca a espiritualidade e a aventura.<\/p>\n<p>Na Ol\u00e9 Mosaic, especializamo-nos na distribui\u00e7\u00e3o de recorda\u00e7\u00f5es por grosso, oferecendo produtos aut\u00eanticos como esta ta\u00e7a de coco azul que encapsula a ess\u00eancia do Caminho de Santiago. \u00c9 uma op\u00e7\u00e3o perfeita para lojas de presentes tur\u00edsticos que procuram oferecer aos seus clientes uma recorda\u00e7\u00e3o significativa e de qualidade.<\/p>\n","protected":false},"excerpt":{"rendered":"<p>Ta\u00e7a de coco azul decorada com a emblem\u00e1tica seta do Caminho de Santiago. Este produto artesanal apresenta um acabamento em tons azuis e um design muito especial que inclui a frase &#8220;CAMINHO DE SANTIAGO&#8221;. A superf\u00edcie, suave e brilhante, contrasta com o design r\u00fastico, oferecendo um toque moderno a uma recorda\u00e7\u00e3o cl\u00e1ssica. Ideal para real\u00e7ar a liga\u00e7\u00e3o com esta famosa rota de peregrina\u00e7\u00e3o. Perfeita como elemento decorativo ou para uso pessoal.<\/p>\n","protected":false},"featured_media":11937,"template":"","meta":{"_acf_changed":false},"product_brand":[],"product_cat":[513],"product_tag":[],"class_list":{"0":"post-28526","1":"product","2":"type-product","3":"status-publish","4":"has-post-thumbnail","6":"product_cat-bols","7":"pa_ciudad-santiago","8":"pa_motivo-setas","9":"pa_pais-espana","11":"first","12":"instock","13":"shipping-taxable","14":"product-type-simple"},"acf":[],"_links":{"self":[{"href":"https:\/\/olemosaic.com\/pt-pt\/wp-json\/wp\/v2\/product\/28526","targetHints":{"allow":["GET"]}}],"collection":[{"href":"https:\/\/olemosaic.com\/pt-pt\/wp-json\/wp\/v2\/product"}],"about":[{"href":"https:\/\/olemosaic.com\/pt-pt\/wp-json\/wp\/v2\/types\/product"}],"wp:featuredmedia":[{"embeddable":true,"href":"https:\/\/olemosaic.com\/pt-pt\/wp-json\/wp\/v2\/media\/11937"}],"wp:attachment":[{"href":"https:\/\/olemosaic.com\/pt-pt\/wp-json\/wp\/v2\/media?parent=28526"}],"wp:term":[{"taxonomy":"product_brand","embeddable":true,"href":"https:\/\/olemosaic.com\/pt-pt\/wp-json\/wp\/v2\/product_brand?post=28526"},{"taxonomy":"product_cat","embeddable":true,"href":"https:\/\/olemosaic.com\/pt-pt\/wp-json\/wp\/v2\/product_cat?post=28526"},{"taxonomy":"product_tag","embeddable":true,"href":"https:\/\/olemosaic.com\/pt-pt\/wp-json\/wp\/v2\/product_tag?post=28526"}],"curies":[{"name":"wp","href":"https:\/\/api.w.org\/{rel}","templated":true}]}}