{"id":28525,"date":"2025-02-20T23:29:43","date_gmt":"2025-02-20T22:29:43","guid":{"rendered":"http:\/\/olemosaic.com\/producto\/bol-de-coco-azul-salamandra-tenerife\/"},"modified":"2025-07-25T18:52:52","modified_gmt":"2025-07-25T16:52:52","slug":"taca-de-coco-azul-salamandra-tenerife","status":"publish","type":"product","link":"https:\/\/olemosaic.com\/pt-pt\/produto\/taca-de-coco-azul-salamandra-tenerife\/","title":{"rendered":"Ta\u00e7a de coco azul. Salamandra. Tenerife."},"content":{"rendered":"<p>Esta ta\u00e7a de coco azul, decorada com encantadoras ilustra\u00e7\u00f5es de salamandras, \u00e9 um produto artesanal aut\u00eantico que capta a ess\u00eancia de Tenerife. Com um design pintado \u00e0 m\u00e3o, a ta\u00e7a apresenta um rebordo azul que complementa um fundo alegre e brilhante, adornado com cora\u00e7\u00f5es de cores vibrantes que evocam o calor da cultura can\u00e1ria. No centro, duas salamandras, s\u00edmbolo de adaptabilidade e vida na ilha, coexistem com a inscri\u00e7\u00e3o &#8220;TENERIFE&#8221;, sublinhando a singularidade e a riqueza cultural deste enclave. Cada detalhe, desde a suavidade das silhuetas das salamandras at\u00e9 \u00e0 disposi\u00e7\u00e3o dos cora\u00e7\u00f5es, foi cuidadosamente elaborado para oferecer um produto que n\u00e3o \u00e9 apenas funcional, mas tamb\u00e9m um lembrete visual da beleza natural de Tenerife.<\/p>\n<p>Esta ta\u00e7a \u00e9 uma excelente op\u00e7\u00e3o para os turistas que procuram levar para casa um peda\u00e7o da cultura can\u00e1ria, adicionando um toque vibrante ao seu lar. As recorda\u00e7\u00f5es de Tenerife, como esta ta\u00e7a, n\u00e3o s\u00e3o apenas um deleite est\u00e9tico, mas tamb\u00e9m representam uma liga\u00e7\u00e3o aut\u00eantica com as suas tradi\u00e7\u00f5es. Na Ol\u00e9 Mosaic, como grossistas de recorda\u00e7\u00f5es, oferecemos produtos artesanais que refletem a hist\u00f3ria e a arte de cada regi\u00e3o, perfeitos para lojas de presentes tur\u00edsticos que procuram artigos \u00fanicos e de qualidade. Fa\u00e7a desta ta\u00e7a de coco azul uma recorda\u00e7\u00e3o especial que capturar\u00e1 momentos inesquec\u00edveis da sua visita \u00e0 bela ilha de Tenerife.<\/p>\n","protected":false},"excerpt":{"rendered":"<p>Ta\u00e7a de coco azul decorada com uma encantadora ilustra\u00e7\u00e3o de salamandras, t\u00edpica de Tenerife. Este produto artesanal destaca-se pelo seu design artesanal, pintado \u00e0 m\u00e3o, com um rebordo em tons azuis e um fundo adornado com cora\u00e7\u00f5es de cores vibrantes. No centro, as salamandras convivem com a inscri\u00e7\u00e3o &#8220;TENERIFE&#8221;, real\u00e7ando a riqueza cultural da ilha. Ideal para adicionar um toque can\u00e1rio ao seu lar ou como recorda\u00e7\u00e3o \u00fanica.<\/p>\n","protected":false},"featured_media":10335,"template":"","meta":{"_acf_changed":false},"product_brand":[],"product_cat":[513],"product_tag":[516],"class_list":{"0":"post-28525","1":"product","2":"type-product","3":"status-publish","4":"has-post-thumbnail","6":"product_cat-bols","7":"product_tag-animais","8":"pa_ciudad-tenerife","9":"pa_motivo-salamandras","10":"pa_pais-espana","12":"first","13":"instock","14":"shipping-taxable","15":"product-type-simple"},"acf":[],"_links":{"self":[{"href":"https:\/\/olemosaic.com\/pt-pt\/wp-json\/wp\/v2\/product\/28525","targetHints":{"allow":["GET"]}}],"collection":[{"href":"https:\/\/olemosaic.com\/pt-pt\/wp-json\/wp\/v2\/product"}],"about":[{"href":"https:\/\/olemosaic.com\/pt-pt\/wp-json\/wp\/v2\/types\/product"}],"wp:featuredmedia":[{"embeddable":true,"href":"https:\/\/olemosaic.com\/pt-pt\/wp-json\/wp\/v2\/media\/10335"}],"wp:attachment":[{"href":"https:\/\/olemosaic.com\/pt-pt\/wp-json\/wp\/v2\/media?parent=28525"}],"wp:term":[{"taxonomy":"product_brand","embeddable":true,"href":"https:\/\/olemosaic.com\/pt-pt\/wp-json\/wp\/v2\/product_brand?post=28525"},{"taxonomy":"product_cat","embeddable":true,"href":"https:\/\/olemosaic.com\/pt-pt\/wp-json\/wp\/v2\/product_cat?post=28525"},{"taxonomy":"product_tag","embeddable":true,"href":"https:\/\/olemosaic.com\/pt-pt\/wp-json\/wp\/v2\/product_tag?post=28525"}],"curies":[{"name":"wp","href":"https:\/\/api.w.org\/{rel}","templated":true}]}}