{"id":28492,"date":"2025-02-20T23:29:43","date_gmt":"2025-02-20T22:29:43","guid":{"rendered":"http:\/\/olemosaic.com\/producto\/bol-de-coco-azul-caballito-de-mar-gran-canaria\/"},"modified":"2025-07-25T18:52:50","modified_gmt":"2025-07-25T16:52:50","slug":"taca-de-coco-azul-cavalo-marinho-gran-canaria","status":"publish","type":"product","link":"https:\/\/olemosaic.com\/pt-pt\/produto\/taca-de-coco-azul-cavalo-marinho-gran-canaria\/","title":{"rendered":"Ta\u00e7a de coco azul. Cavalo-marinho. Gran Canaria."},"content":{"rendered":"<p>Esta ta\u00e7a de coco azul, decorada com cavalos-marinhos, \u00e9 uma bela representa\u00e7\u00e3o da vibrante cultura de Gran Canaria. Fabricada artesanalmente, a ta\u00e7a destaca-se pelo seu design pintado \u00e0 m\u00e3o, que ilustra dois cavalos-marinhos em tons dourados, simbolizando a vida marinha que caracteriza esta ilha can\u00e1ria. Os cavalos-marinhos, que parecem dan\u00e7ar na superf\u00edcie da ta\u00e7a, est\u00e3o rodeados por um mosaico de cora\u00e7\u00f5es em vibrantes cores azul, verde, rosa e amarelo, gerando um contraste visual cativante que atrai a aten\u00e7\u00e3o de qualquer \u00e2ngulo.<\/p>\n<p>Esta ta\u00e7a n\u00e3o \u00e9 apenas uma pe\u00e7a decorativa, mas tamb\u00e9m um objeto funcional que pode ser utilizado para servir aperitivos ou como elemento decorativo em qualquer lar. O seu design \u00fanico e a sua liga\u00e7\u00e3o com o patrim\u00f3nio mar\u00edtimo de Gran Canaria tornam-na um souvenir ideal para turistas em busca de recorda\u00e7\u00f5es aut\u00eanticas e representativas da cultura can\u00e1ria. Pela sua originalidade e artesania, esta ta\u00e7a \u00e9 uma excelente op\u00e7\u00e3o para lojas de presentes tur\u00edsticos que procuram oferecer souvenirs con hist\u00f3ria.<\/p>\n<p>Na Ol\u00e9 Mosaic, especializamo-nos na distribui\u00e7\u00e3o de souvenirs por grosso, oferecendo produtos como esta ta\u00e7a de coco, que celebram a riqueza cultural e a beleza natural de Espanha. Como grossistas de souvenirs, garantimos autenticidade e exclusividade em cada pe\u00e7a que oferecemos.<\/p>\n","protected":false},"excerpt":{"rendered":"<p>Ta\u00e7a de coco azul decorada com dois cavalos-marinhos, t\u00edpico de Gran Canaria. Esta atrativa ta\u00e7a, feita com material de coco, apresenta um design artesanal, pintado \u00e0 m\u00e3o, onde se destacam os cavalos-marinhos em tons dourados sobre um fundo claro. As bordas est\u00e3o adornadas com um mosaico de cora\u00e7\u00f5es em vibrantes cores azul, verde, rosa e amarelo, criando um bonito contraste visual. Ideal como pe\u00e7a decorativa ou funcional em qualquer lar.<\/p>\n","protected":false},"featured_media":10347,"template":"","meta":{"_acf_changed":false},"product_brand":[],"product_cat":[513],"product_tag":[516],"class_list":{"0":"post-28492","1":"product","2":"type-product","3":"status-publish","4":"has-post-thumbnail","6":"product_cat-bols","7":"product_tag-animais","8":"pa_ciudad-gran-canaria","9":"pa_motivo-cavalos-marinhos","10":"pa_pais-espana","12":"first","13":"instock","14":"shipping-taxable","15":"product-type-simple"},"acf":[],"_links":{"self":[{"href":"https:\/\/olemosaic.com\/pt-pt\/wp-json\/wp\/v2\/product\/28492","targetHints":{"allow":["GET"]}}],"collection":[{"href":"https:\/\/olemosaic.com\/pt-pt\/wp-json\/wp\/v2\/product"}],"about":[{"href":"https:\/\/olemosaic.com\/pt-pt\/wp-json\/wp\/v2\/types\/product"}],"wp:featuredmedia":[{"embeddable":true,"href":"https:\/\/olemosaic.com\/pt-pt\/wp-json\/wp\/v2\/media\/10347"}],"wp:attachment":[{"href":"https:\/\/olemosaic.com\/pt-pt\/wp-json\/wp\/v2\/media?parent=28492"}],"wp:term":[{"taxonomy":"product_brand","embeddable":true,"href":"https:\/\/olemosaic.com\/pt-pt\/wp-json\/wp\/v2\/product_brand?post=28492"},{"taxonomy":"product_cat","embeddable":true,"href":"https:\/\/olemosaic.com\/pt-pt\/wp-json\/wp\/v2\/product_cat?post=28492"},{"taxonomy":"product_tag","embeddable":true,"href":"https:\/\/olemosaic.com\/pt-pt\/wp-json\/wp\/v2\/product_tag?post=28492"}],"curies":[{"name":"wp","href":"https:\/\/api.w.org\/{rel}","templated":true}]}}