{"id":28491,"date":"2025-02-20T23:29:43","date_gmt":"2025-02-20T22:29:43","guid":{"rendered":"http:\/\/olemosaic.com\/producto\/bol-de-coco-azul-isla-gran-canaria\/"},"modified":"2025-07-25T19:10:46","modified_gmt":"2025-07-25T17:10:46","slug":"taca-de-coco-azul-ilha-gran-canaria","status":"publish","type":"product","link":"https:\/\/olemosaic.com\/pt-pt\/produto\/taca-de-coco-azul-ilha-gran-canaria\/","title":{"rendered":"Ta\u00e7a de coco azul. Ilha. Gran Canaria."},"content":{"rendered":"<p>Esta ta\u00e7a de coco azul, decorada \u00e0 m\u00e3o, \u00e9 uma pe\u00e7a artesanal que capta a ess\u00eancia vibrante de Gran Canaria. Sobre um elegante fundo branco, o design apresenta um encantador mosaico de cora\u00e7\u00f5es de cores variadas, que evocam a beleza natural e a diversidade da ilha. No centro, destaca-se uma grava\u00e7\u00e3o com o nome &#8220;Gran Canaria&#8221;, o que torna esta ta\u00e7a uma recorda\u00e7\u00e3o distintiva e significativa da regi\u00e3o.<\/p>\n<p>O uso do coco como material n\u00e3o s\u00f3 confere um toque ex\u00f3tico, como tamb\u00e9m real\u00e7a a sustentabilidade e a autenticidade do produto. Cada ta\u00e7a \u00e9 pintada \u00e0 m\u00e3o, o que garante que cada pe\u00e7a seja \u00fanica e reflita a dedica\u00e7\u00e3o dos artes\u00e3os locais. A forma original e atrativa da ta\u00e7a torna-a um excelente elemento decorativo, al\u00e9m de um \u00fatil recipiente, ideal para servir aperitivos ou simplesmente como um toque de cor em qualquer lar.<\/p>\n<p>Esta ta\u00e7a de coco \u00e9 mais do que uma simples recorda\u00e7\u00e3o; \u00e9 um fragmento da rica cultura can\u00e1ria, perfeito para aqueles que desejam levar um pedacinho da ilha. Na Ol\u00e9 Mosaic, como grossistas de souvenirs, oferecemos esta joia insular que encarna o melhor de Gran Canaria, ideal para lojas de presentes tur\u00edsticos que procuram produtos aut\u00eanticos e representativos.<\/p>\n","protected":false},"excerpt":{"rendered":"<p>Ta\u00e7a de coco azul decorada com estilo artesanal, inspirada na beleza de Gran Canaria. Esta atrativa ta\u00e7a apresenta um fundo branco com um design de mosaicos de cora\u00e7\u00f5es de cores vibrantes, que rodeiam uma grava\u00e7\u00e3o central com o nome &#8220;Gran Canaria&#8221;. A sua forma original e a sua elabora\u00e7\u00e3o em coco, juntamente com a t\u00e9cnica de design artesanal, pintada \u00e0 m\u00e3o, tornam-na o souvenir perfeito para levar um pedacinho da ilha para casa. Ideal para uso decorativo ou como recipiente.<\/p>\n","protected":false},"featured_media":10311,"template":"","meta":{"_acf_changed":false},"product_brand":[],"product_cat":[513],"product_tag":[],"class_list":{"0":"post-28491","1":"product","2":"type-product","3":"status-publish","4":"has-post-thumbnail","6":"product_cat-bols","7":"pa_ciudad-gran-canaria","8":"pa_motivo-ilhas","9":"pa_pais-espana","11":"first","12":"instock","13":"shipping-taxable","14":"product-type-simple"},"acf":[],"_links":{"self":[{"href":"https:\/\/olemosaic.com\/pt-pt\/wp-json\/wp\/v2\/product\/28491","targetHints":{"allow":["GET"]}}],"collection":[{"href":"https:\/\/olemosaic.com\/pt-pt\/wp-json\/wp\/v2\/product"}],"about":[{"href":"https:\/\/olemosaic.com\/pt-pt\/wp-json\/wp\/v2\/types\/product"}],"wp:featuredmedia":[{"embeddable":true,"href":"https:\/\/olemosaic.com\/pt-pt\/wp-json\/wp\/v2\/media\/10311"}],"wp:attachment":[{"href":"https:\/\/olemosaic.com\/pt-pt\/wp-json\/wp\/v2\/media?parent=28491"}],"wp:term":[{"taxonomy":"product_brand","embeddable":true,"href":"https:\/\/olemosaic.com\/pt-pt\/wp-json\/wp\/v2\/product_brand?post=28491"},{"taxonomy":"product_cat","embeddable":true,"href":"https:\/\/olemosaic.com\/pt-pt\/wp-json\/wp\/v2\/product_cat?post=28491"},{"taxonomy":"product_tag","embeddable":true,"href":"https:\/\/olemosaic.com\/pt-pt\/wp-json\/wp\/v2\/product_tag?post=28491"}],"curies":[{"name":"wp","href":"https:\/\/api.w.org\/{rel}","templated":true}]}}