{"id":28490,"date":"2025-02-20T23:29:42","date_gmt":"2025-02-20T22:29:42","guid":{"rendered":"http:\/\/olemosaic.com\/producto\/bol-de-coco-azul-mano-2\/"},"modified":"2025-07-25T18:53:37","modified_gmt":"2025-07-25T16:53:37","slug":"taca-de-coco-azul-mao-de-fatima","status":"publish","type":"product","link":"https:\/\/olemosaic.com\/pt-pt\/produto\/taca-de-coco-azul-mao-de-fatima\/","title":{"rendered":"Ta\u00e7a de coco azul. M\u00e3o de F\u00e1tima."},"content":{"rendered":"<p>Esta ta\u00e7a de coco azul decorada \u00e0 m\u00e3o \u00e9 uma aut\u00eantica joia da artesania tradicional, ideal para quem procura souvenirs que reflitam a riqueza cultural da regi\u00e3o. Elaborada a partir de cascas de coco, o seu design apresenta uma vibrante combina\u00e7\u00e3o de cores que atrai a aten\u00e7\u00e3o e adiciona um toque festivo a qualquer espa\u00e7o. No centro destaca-se uma m\u00e3o hamsa, um potente s\u00edmbolo de prote\u00e7\u00e3o e boa sorte, rodeada de pequenos cora\u00e7\u00f5es em tons azul, verde e rosa. Esta cuidada ornamenta\u00e7\u00e3o real\u00e7a n\u00e3o s\u00f3 a destreza dos artes\u00e3os locais, mas tamb\u00e9m a profunda liga\u00e7\u00e3o cultural com a tradi\u00e7\u00e3o.<\/p>\n<p>O acabamento suave e brilhante da ta\u00e7a torna-a perfeita tanto para uso decorativo como para servir aperitivos ou doces, convertendo-a num excelente presente. Esta ta\u00e7a de coco azul n\u00e3o s\u00f3 \u00e9 uma pe\u00e7a de decora\u00e7\u00e3o \u00fanica, como tamb\u00e9m oferece uma hist\u00f3ria e um significado que a tornam uma recorda\u00e7\u00e3o memor\u00e1vel da regi\u00e3o.<\/p>\n<p>Na Ol\u00e9 Mosaic, especializamo-nos na distribui\u00e7\u00e3o de souvenirs por grosso, e esta ta\u00e7a \u00e9 uma op\u00e7\u00e3o excecional para lojas de presentes tur\u00edsticos que procuram produtos aut\u00eanticos. Com esta ta\u00e7a, os seus clientes poder\u00e3o levar para casa um peda\u00e7o da heran\u00e7a cultural local, ideal para quem aprecia a artesania e a beleza nos seus souvenirs.<\/p>\n","protected":false},"excerpt":{"rendered":"<p>Ta\u00e7a de coco azul decorada com estilo artesanal, inspirada na tradi\u00e7\u00e3o artesanal da regi\u00e3o. Este encantador recipiente apresenta uma elegante combina\u00e7\u00e3o de cores vibrantes, com um motivo central que representa uma m\u00e3o hamsa, s\u00edmbolo de prote\u00e7\u00e3o. Rodeando o design, pequenos cora\u00e7\u00f5es em tons azul, verde e rosa adicionam um toque festivo. O seu acabamento suave e brilhante torna-a um excelente complemento decorativo para qualquer lar.<\/p>\n","protected":false},"featured_media":13482,"template":"","meta":{"_acf_changed":false},"product_brand":[],"product_cat":[513],"product_tag":[],"class_list":{"0":"post-28490","1":"product","2":"type-product","3":"status-publish","4":"has-post-thumbnail","6":"product_cat-bols","7":"pa_motivo-maos","9":"first","10":"instock","11":"shipping-taxable","12":"product-type-simple"},"acf":[],"_links":{"self":[{"href":"https:\/\/olemosaic.com\/pt-pt\/wp-json\/wp\/v2\/product\/28490","targetHints":{"allow":["GET"]}}],"collection":[{"href":"https:\/\/olemosaic.com\/pt-pt\/wp-json\/wp\/v2\/product"}],"about":[{"href":"https:\/\/olemosaic.com\/pt-pt\/wp-json\/wp\/v2\/types\/product"}],"wp:featuredmedia":[{"embeddable":true,"href":"https:\/\/olemosaic.com\/pt-pt\/wp-json\/wp\/v2\/media\/13482"}],"wp:attachment":[{"href":"https:\/\/olemosaic.com\/pt-pt\/wp-json\/wp\/v2\/media?parent=28490"}],"wp:term":[{"taxonomy":"product_brand","embeddable":true,"href":"https:\/\/olemosaic.com\/pt-pt\/wp-json\/wp\/v2\/product_brand?post=28490"},{"taxonomy":"product_cat","embeddable":true,"href":"https:\/\/olemosaic.com\/pt-pt\/wp-json\/wp\/v2\/product_cat?post=28490"},{"taxonomy":"product_tag","embeddable":true,"href":"https:\/\/olemosaic.com\/pt-pt\/wp-json\/wp\/v2\/product_tag?post=28490"}],"curies":[{"name":"wp","href":"https:\/\/api.w.org\/{rel}","templated":true}]}}