{"id":28489,"date":"2025-02-20T23:29:42","date_gmt":"2025-02-20T22:29:42","guid":{"rendered":"http:\/\/olemosaic.com\/producto\/bol-de-coco-azul-mano\/"},"modified":"2025-07-25T19:43:23","modified_gmt":"2025-07-25T17:43:23","slug":"taca-de-coco-azul-mao-hamsa","status":"publish","type":"product","link":"https:\/\/olemosaic.com\/pt-pt\/produto\/taca-de-coco-azul-mao-hamsa\/","title":{"rendered":"Ta\u00e7a de coco azul. M\u00e3o. Hamsa."},"content":{"rendered":"<p>Esta ta\u00e7a de coco azul decorada \u00e0 m\u00e3o \u00e9 uma excelente recorda\u00e7\u00e3o que representa a rica heran\u00e7a cultural da regi\u00e3o. O seu design vibrante, com tonalidades azuis sobre um fundo claro, capta a ess\u00eancia da arte contempor\u00e2nea ao mesmo tempo que presta homenagem \u00e0s tradi\u00e7\u00f5es artesanais. No centro destaca-se a emblem\u00e1tica m\u00e3o de F\u00e1tima, um s\u00edmbolo de prote\u00e7\u00e3o e boa sorte, numa sofisticada cor castanha que contrasta maravilhosamente com o azul. A t\u00e9cnica de elabora\u00e7\u00e3o artesanal empregada em cada pe\u00e7a garante que cada ta\u00e7a seja \u00fanica, adornada com detalhes em mosaico que evocam a riqueza art\u00edstica da heran\u00e7a mediterr\u00e2nica.<\/p>\n<p>Al\u00e9m de ser um objeto decorativo, esta ta\u00e7a de coco azul \u00e9 vers\u00e1til e pr\u00e1tica, perfeita para servir aperitivos ou simplesmente luzir numa prateleira. Os turistas encontrar\u00e3o nela uma recorda\u00e7\u00e3o aut\u00eantica que encapsula a cultura local, tornando-a um presente ideal para quem procura souvenirs de qualidade. Na Ol\u00e9 Mosaic, como grossistas de souvenirs aut\u00eanticos, garantimos a autenticidade e a arte em cada um dos nossos produtos, oferecendo uma ampla variedade de artigos culturais representativos. Esta ta\u00e7a de coco n\u00e3o s\u00f3 \u00e9 uma excelente escolha para o lar, mas tamb\u00e9m um s\u00edmbolo tang\u00edvel da riqueza cultural que a regi\u00e3o oferece.<\/p>\n","protected":false},"excerpt":{"rendered":"<p>Ta\u00e7a de coco azul decorada com estilo artesanal, ideal para adicionar um toque cultural a qualquer espa\u00e7o. Esta pe\u00e7a apresenta um design com tonalidades azuis sobre um fundo claro, destacando a tradicional m\u00e3o de F\u00e1tima em cor castanha. Cada ta\u00e7a \u00e9 \u00fanica devido \u00e0 sua elabora\u00e7\u00e3o artesanal, com detalhes em mosaico que evocam a rica heran\u00e7a art\u00edstica da regi\u00e3o. Perfeita como objeto decorativo ou para uso pr\u00e1tico.<\/p>\n","protected":false},"featured_media":13510,"template":"","meta":{"_acf_changed":false},"product_brand":[],"product_cat":[513],"product_tag":[],"class_list":{"0":"post-28489","1":"product","2":"type-product","3":"status-publish","4":"has-post-thumbnail","6":"product_cat-bols","7":"pa_motivo-maos","9":"first","10":"instock","11":"shipping-taxable","12":"product-type-simple"},"acf":[],"_links":{"self":[{"href":"https:\/\/olemosaic.com\/pt-pt\/wp-json\/wp\/v2\/product\/28489","targetHints":{"allow":["GET"]}}],"collection":[{"href":"https:\/\/olemosaic.com\/pt-pt\/wp-json\/wp\/v2\/product"}],"about":[{"href":"https:\/\/olemosaic.com\/pt-pt\/wp-json\/wp\/v2\/types\/product"}],"wp:featuredmedia":[{"embeddable":true,"href":"https:\/\/olemosaic.com\/pt-pt\/wp-json\/wp\/v2\/media\/13510"}],"wp:attachment":[{"href":"https:\/\/olemosaic.com\/pt-pt\/wp-json\/wp\/v2\/media?parent=28489"}],"wp:term":[{"taxonomy":"product_brand","embeddable":true,"href":"https:\/\/olemosaic.com\/pt-pt\/wp-json\/wp\/v2\/product_brand?post=28489"},{"taxonomy":"product_cat","embeddable":true,"href":"https:\/\/olemosaic.com\/pt-pt\/wp-json\/wp\/v2\/product_cat?post=28489"},{"taxonomy":"product_tag","embeddable":true,"href":"https:\/\/olemosaic.com\/pt-pt\/wp-json\/wp\/v2\/product_tag?post=28489"}],"curies":[{"name":"wp","href":"https:\/\/api.w.org\/{rel}","templated":true}]}}