{"id":28486,"date":"2025-02-20T23:29:42","date_gmt":"2025-02-20T22:29:42","guid":{"rendered":"http:\/\/olemosaic.com\/producto\/bol-de-coco-azul-delfin\/"},"modified":"2025-07-25T19:35:39","modified_gmt":"2025-07-25T17:35:39","slug":"taca-de-coco-azul-golfinho","status":"publish","type":"product","link":"https:\/\/olemosaic.com\/pt-pt\/produto\/taca-de-coco-azul-golfinho\/","title":{"rendered":"Ta\u00e7a de coco azul. Golfinho."},"content":{"rendered":"<p>Esta ta\u00e7a de coco azul com ilustra\u00e7\u00f5es de golfinhos \u00e9 uma pe\u00e7a \u00fanica e vibrante que captura a ess\u00eancia do mar e da sua vida marinha. O seu design caracteriza-se por uma cuidadosa pintura \u00e0 m\u00e3o que combina tonalidades azuis e douradas, evocando a frescura e o brilho do oceano. Na sua superf\u00edcie, destacam-se golfinhos delicados que nadam alegremente sobre um fundo que recorda as nuances da \u00e1gua, rodeados de formas abstratas que imitam as ondas. Esta ta\u00e7a n\u00e3o \u00e9 apenas ideal como elemento decorativo, mas tamb\u00e9m \u00e9 perfeita para servir aperitivos, conferindo um toque costeiro e art\u00edstico a qualquer lar.<\/p>\n<p>A liga\u00e7\u00e3o cultural desta ta\u00e7a reside na rica tradi\u00e7\u00e3o mar\u00edtima das regi\u00f5es costeiras, onde os golfinhos s\u00e3o s\u00edmbolos de alegria e liberdade. Esta recorda\u00e7\u00e3o n\u00e3o \u00e9 apenas um objeto utilit\u00e1rio, mas uma homenagem \u00e0s praias e \u00e0 biodiversidade marinha, perfeita para turistas que procuram levar um peda\u00e7o do encanto mediterr\u00e2nico. Na Ol\u00e9 Mosaic, oferecemos esta atraente ta\u00e7a de coco azul como parte da nossa gama de recorda\u00e7\u00f5es por grosso, garantindo autenticidade e qualidade. Ideal para lojas de presentes tur\u00edsticos que procuram produtos \u00fanicos e relevantes que liguem \u00e0 cultura local.<\/p>\n","protected":false},"excerpt":{"rendered":"<p>Ta\u00e7a de coco azul com ilustra\u00e7\u00f5es de golfinhos. Esta atraente ta\u00e7a apresenta um design vibrante, artesanal, pintado \u00e0 m\u00e3o, que combina tons azuis e dourados, evocando a ess\u00eancia do mar. Na sua superf\u00edcie, apreciam-se golfinhos delicados, rodeados de formas abstratas que imitam as ondas, tudo sobre um fundo que recorda as nuances da \u00e1gua. Ideal como elemento decorativo ou para servir aperitivos, esta ta\u00e7a confere um toque costeiro e art\u00edstico a qualquer lar.<\/p>\n","protected":false},"featured_media":10088,"template":"","meta":{"_acf_changed":false},"product_brand":[],"product_cat":[513],"product_tag":[516],"class_list":{"0":"post-28486","1":"product","2":"type-product","3":"status-publish","4":"has-post-thumbnail","6":"product_cat-bols","7":"product_tag-animais","8":"pa_motivo-golfinhos","10":"first","11":"instock","12":"shipping-taxable","13":"product-type-simple"},"acf":[],"_links":{"self":[{"href":"https:\/\/olemosaic.com\/pt-pt\/wp-json\/wp\/v2\/product\/28486","targetHints":{"allow":["GET"]}}],"collection":[{"href":"https:\/\/olemosaic.com\/pt-pt\/wp-json\/wp\/v2\/product"}],"about":[{"href":"https:\/\/olemosaic.com\/pt-pt\/wp-json\/wp\/v2\/types\/product"}],"wp:featuredmedia":[{"embeddable":true,"href":"https:\/\/olemosaic.com\/pt-pt\/wp-json\/wp\/v2\/media\/10088"}],"wp:attachment":[{"href":"https:\/\/olemosaic.com\/pt-pt\/wp-json\/wp\/v2\/media?parent=28486"}],"wp:term":[{"taxonomy":"product_brand","embeddable":true,"href":"https:\/\/olemosaic.com\/pt-pt\/wp-json\/wp\/v2\/product_brand?post=28486"},{"taxonomy":"product_cat","embeddable":true,"href":"https:\/\/olemosaic.com\/pt-pt\/wp-json\/wp\/v2\/product_cat?post=28486"},{"taxonomy":"product_tag","embeddable":true,"href":"https:\/\/olemosaic.com\/pt-pt\/wp-json\/wp\/v2\/product_tag?post=28486"}],"curies":[{"name":"wp","href":"https:\/\/api.w.org\/{rel}","templated":true}]}}