{"id":28485,"date":"2025-02-20T23:29:42","date_gmt":"2025-02-20T22:29:42","guid":{"rendered":"http:\/\/olemosaic.com\/producto\/bol-de-coco-azul-isla-mallorca\/"},"modified":"2025-07-25T19:35:46","modified_gmt":"2025-07-25T17:35:46","slug":"taca-de-coco-azul-ilha-maiorca","status":"publish","type":"product","link":"https:\/\/olemosaic.com\/pt-pt\/produto\/taca-de-coco-azul-ilha-maiorca\/","title":{"rendered":"Ta\u00e7a de coco azul. Ilha. Mosaico cora\u00e7\u00f5es. Maiorca."},"content":{"rendered":"<p>Esta ta\u00e7a de coco azul, com um design inspirado na bela ilha de Maiorca, \u00e9 um presente excecional que captura a ess\u00eancia do Mediterr\u00e2neo. Com uma base branca, esta atraente ta\u00e7a est\u00e1 adornada com um contorno vibrante decorado com pequenas pe\u00e7as em tons de azul, verde, rosa, violeta e laranja, formando um alegre mosaico de cora\u00e7\u00f5es que real\u00e7a o seu car\u00e1cter festivo e acolhedor. No centro, destaca-se a silhueta da ilha de Maiorca, elegantemente real\u00e7ada em tons met\u00e1licos, o que acrescenta um toque especial e \u00fanico ao design.<\/p>\n<p>Esta ta\u00e7a n\u00e3o \u00e9 apenas um artigo decorativo, mas tamb\u00e9m oferece uma profunda liga\u00e7\u00e3o cultural com a regi\u00e3o. Maiorca, conhecida pelas suas praias de \u00e1guas turquesas e pela sua rica heran\u00e7a cultural, apresenta-se aqui numa pe\u00e7a que simboliza o calor e o encanto da ilha. O seu design artesanal torna-a uma recorda\u00e7\u00e3o perfeita, ideal para turistas que procuram levar um peda\u00e7o desta impressionante ilha para casa.<\/p>\n<p>Na Ol\u00e9 Mosaic, somos distribuidores de recorda\u00e7\u00f5es aut\u00eanticas e representativas, e esta ta\u00e7a de coco azul \u00e9 uma excelente op\u00e7\u00e3o para lojas de presentes tur\u00edsticos que procuram oferecer produtos de qualidade e com significado cultural. N\u00e3o \u00e9 apenas um belo acess\u00f3rio para o lar, mas tamb\u00e9m um testemunho da arte e da tradi\u00e7\u00e3o maiorquina, o que torna esta recorda\u00e7\u00e3o uma escolha inesquec\u00edvel. Se procura leques por grosso ou qualquer outro produto distintivo, confie em n\u00f3s como o seu grossista de recorda\u00e7\u00f5es.<\/p>\n","protected":false},"excerpt":{"rendered":"<p>Ta\u00e7a de coco azul com design inspirado na bela ilha de Maiorca. Esta atraente ta\u00e7a apresenta uma base branca com um contorno decorado com pequenas pe\u00e7as em tons de azul, verde, rosa, violeta e laranja, formando um alegre mosaico de cora\u00e7\u00f5es. No centro, destaca-se a silhueta da ilha de Maiorca, real\u00e7ada em tons met\u00e1licos, o que acrescenta um toque \u00fanico e especial. Ideal como recorda\u00e7\u00e3o ou para dar um toque mediterr\u00e2nico ao seu lar.<\/p>\n","protected":false},"featured_media":10307,"template":"","meta":{"_acf_changed":false},"product_brand":[],"product_cat":[513],"product_tag":[],"class_list":{"0":"post-28485","1":"product","2":"type-product","3":"status-publish","4":"has-post-thumbnail","6":"product_cat-bols","7":"pa_ciudad-mallorca","8":"pa_motivo-ilhas","9":"pa_pais-espana","11":"first","12":"instock","13":"shipping-taxable","14":"product-type-simple"},"acf":[],"_links":{"self":[{"href":"https:\/\/olemosaic.com\/pt-pt\/wp-json\/wp\/v2\/product\/28485","targetHints":{"allow":["GET"]}}],"collection":[{"href":"https:\/\/olemosaic.com\/pt-pt\/wp-json\/wp\/v2\/product"}],"about":[{"href":"https:\/\/olemosaic.com\/pt-pt\/wp-json\/wp\/v2\/types\/product"}],"wp:featuredmedia":[{"embeddable":true,"href":"https:\/\/olemosaic.com\/pt-pt\/wp-json\/wp\/v2\/media\/10307"}],"wp:attachment":[{"href":"https:\/\/olemosaic.com\/pt-pt\/wp-json\/wp\/v2\/media?parent=28485"}],"wp:term":[{"taxonomy":"product_brand","embeddable":true,"href":"https:\/\/olemosaic.com\/pt-pt\/wp-json\/wp\/v2\/product_brand?post=28485"},{"taxonomy":"product_cat","embeddable":true,"href":"https:\/\/olemosaic.com\/pt-pt\/wp-json\/wp\/v2\/product_cat?post=28485"},{"taxonomy":"product_tag","embeddable":true,"href":"https:\/\/olemosaic.com\/pt-pt\/wp-json\/wp\/v2\/product_tag?post=28485"}],"curies":[{"name":"wp","href":"https:\/\/api.w.org\/{rel}","templated":true}]}}