{"id":28478,"date":"2025-02-20T23:29:41","date_gmt":"2025-02-20T22:29:41","guid":{"rendered":"http:\/\/olemosaic.com\/producto\/bol-de-coco-azul-mariposa\/"},"modified":"2025-07-25T19:19:14","modified_gmt":"2025-07-25T17:19:14","slug":"taca-de-coco-azul-borboleta","status":"publish","type":"product","link":"https:\/\/olemosaic.com\/pt-pt\/produto\/taca-de-coco-azul-borboleta\/","title":{"rendered":"Ta\u00e7a de coco azul. Borboleta. Dourado e azul."},"content":{"rendered":"<p>Esta ta\u00e7a de coco azul com design de borboleta \u00e9 uma aut\u00eantica pe\u00e7a de artesanato que reflete a beleza e a riqueza cultural da arte tradicional. Elaborada meticulosamente \u00e0 m\u00e3o, esta elegante ta\u00e7a combina tons dourados e azuis no seu acabamento, criando um efeito visual espetacular que capta a luz e a aten\u00e7\u00e3o de quem a contempla. O motivo central de uma borboleta, que simboliza a transforma\u00e7\u00e3o e a liberdade, encontra-se subtilmente integrado no interior da ta\u00e7a, destacando-se sobre um fundo adornado com padr\u00f5es intrincados que evocam a frescura da natureza.<\/p>\n<p>Cada ta\u00e7a \u00e9 \u00fanica, uma vez que a sua pintura \u00e0 m\u00e3o garante que cada detalhe, desde as nuances de cor at\u00e9 \u00e0 textura, seja singular. Esta recorda\u00e7\u00e3o, caracter\u00edstica da tradi\u00e7\u00e3o artesanal, n\u00e3o s\u00f3 serve como um elemento decorativo no lar, como tamb\u00e9m pode ser um presente aut\u00eantico que encerra a ess\u00eancia do lugar de origem. Ideal para os turistas que procuram uma recorda\u00e7\u00e3o representativa da sua viagem, esta ta\u00e7a capta a ess\u00eancia da cultura local e torna-a num presente memor\u00e1vel.<\/p>\n<p>Na Ol\u00e9 Mosaic, especializamo-nos na distribui\u00e7\u00e3o de recorda\u00e7\u00f5es por grosso, oferecendo produtos aut\u00eanticos que se destacam pela sua qualidade e design. Esta ta\u00e7a de coco azul \u00e9 uma excelente op\u00e7\u00e3o para lojas de presentes tur\u00edsticos que desejam oferecer artigos \u00fanicos e representativos, garantindo assim a satisfa\u00e7\u00e3o dos seus clientes com uma recorda\u00e7\u00e3o aut\u00eantica.<\/p>\n","protected":false},"excerpt":{"rendered":"<p>Ta\u00e7a de coco azul com design de borboleta, elaborada artesanalmente. Esta elegante ta\u00e7a apresenta um acabamento de design artesanal, pintado \u00e0 m\u00e3o, que combina tons dourados e azuis, criando um efeito visual distintivo. O motivo de uma borboleta est\u00e1 subtilmente integrado no interior, destacando-se sobre um fundo decorado com padr\u00f5es intrincados que evocam a beleza da natureza. Ideal para decorar ou como um presente aut\u00eantico, esta ta\u00e7a capta a ess\u00eancia da arte tradicional.<\/p>\n","protected":false},"featured_media":13421,"template":"","meta":{"_acf_changed":false},"product_brand":[],"product_cat":[513],"product_tag":[516],"class_list":{"0":"post-28478","1":"product","2":"type-product","3":"status-publish","4":"has-post-thumbnail","6":"product_cat-bols","7":"product_tag-animais","8":"pa_motivo-borboletas","10":"first","11":"instock","12":"shipping-taxable","13":"product-type-simple"},"acf":[],"_links":{"self":[{"href":"https:\/\/olemosaic.com\/pt-pt\/wp-json\/wp\/v2\/product\/28478","targetHints":{"allow":["GET"]}}],"collection":[{"href":"https:\/\/olemosaic.com\/pt-pt\/wp-json\/wp\/v2\/product"}],"about":[{"href":"https:\/\/olemosaic.com\/pt-pt\/wp-json\/wp\/v2\/types\/product"}],"wp:featuredmedia":[{"embeddable":true,"href":"https:\/\/olemosaic.com\/pt-pt\/wp-json\/wp\/v2\/media\/13421"}],"wp:attachment":[{"href":"https:\/\/olemosaic.com\/pt-pt\/wp-json\/wp\/v2\/media?parent=28478"}],"wp:term":[{"taxonomy":"product_brand","embeddable":true,"href":"https:\/\/olemosaic.com\/pt-pt\/wp-json\/wp\/v2\/product_brand?post=28478"},{"taxonomy":"product_cat","embeddable":true,"href":"https:\/\/olemosaic.com\/pt-pt\/wp-json\/wp\/v2\/product_cat?post=28478"},{"taxonomy":"product_tag","embeddable":true,"href":"https:\/\/olemosaic.com\/pt-pt\/wp-json\/wp\/v2\/product_tag?post=28478"}],"curies":[{"name":"wp","href":"https:\/\/api.w.org\/{rel}","templated":true}]}}