{"id":28477,"date":"2025-02-20T23:29:41","date_gmt":"2025-02-20T22:29:41","guid":{"rendered":"http:\/\/olemosaic.com\/producto\/bol-de-coco-azul-caballito-de-mar-barcelona-2\/"},"modified":"2025-07-25T20:08:11","modified_gmt":"2025-07-25T18:08:11","slug":"taca-de-coco-azul-cavalo-marinho-barcelona-2","status":"publish","type":"product","link":"https:\/\/olemosaic.com\/pt-pt\/produto\/taca-de-coco-azul-cavalo-marinho-barcelona-2\/","title":{"rendered":"Ta\u00e7a de coco azul. Cavalo-marinho. Mosaico. Barcelona."},"content":{"rendered":"<p>Esta ta\u00e7a de coco azul com design de cavalo-marinho \u00e9 uma recorda\u00e7\u00e3o requintada que capta a ess\u00eancia vibrante de Barcelona. Decorada artesanalmente a partir de fibra de coco, esta ta\u00e7a destaca-se pelo seu mosaico colorido numa paleta de tons azuis, verdes, rosas e amarelos que evocam a frescura do mar Mediterr\u00e2neo. No centro, um cavalo-marinho dourado resplandece, simbolizando a liga\u00e7\u00e3o da cidade com a sua rica cultura marinheira e o seu belo litoral. Esta atraente ta\u00e7a \u00e9 ideal para decorar ou para guardar pequenos objetos, conferindo um toque de encanto e eleg\u00e2ncia a qualquer lar.<\/p>\n<p>A singularidade desta ta\u00e7a reside n\u00e3o s\u00f3 no seu design art\u00edstico, mas tamb\u00e9m na sua autenticidade como representa\u00e7\u00e3o da tradi\u00e7\u00e3o artesanal da regi\u00e3o. Inspirado no ambiente costeiro de Barcelona, este produto reflete a heran\u00e7a cultural da cidade e a sua paix\u00e3o pela arte e pela natureza. Na Ol\u00e9 Mosaic, especializamo-nos na distribui\u00e7\u00e3o de recorda\u00e7\u00f5es por grosso que celebram a riqueza cultural de Espanha, e esta ta\u00e7a de coco \u00e9 uma excelente op\u00e7\u00e3o para lojas de presentes tur\u00edsticos que procuram oferecer produtos aut\u00eanticos e memor\u00e1veis aos seus clientes. Oferecer ou adquirir esta ta\u00e7a \u00e9 uma forma ideal de levar um peda\u00e7o de Barcelona para casa.<\/p>\n","protected":false},"excerpt":{"rendered":"<p>Ta\u00e7a de coco azul com design de cavalo-marinho, inspirado na beleza de Barcelona. Esta atraente ta\u00e7a \u00e9 feita de fibra de coco e exibe uma decora\u00e7\u00e3o colorida em forma de mosaico, com tons azuis, verdes, rosas e amarelos. No centro destaca-se um cavalo-marinho dourado, que simboliza a liga\u00e7\u00e3o com o mar Mediterr\u00e2neo. Perfeita como elemento decorativo ou para guardar pequenos objetos, confere um toque de frescura e encanto ao lar.<\/p>\n","protected":false},"featured_media":10351,"template":"","meta":{"_acf_changed":false},"product_brand":[],"product_cat":[513],"product_tag":[516],"class_list":{"0":"post-28477","1":"product","2":"type-product","3":"status-publish","4":"has-post-thumbnail","6":"product_cat-bols","7":"product_tag-animais","8":"pa_ciudad-barcelona","9":"pa_motivo-cavalos-marinhos","10":"pa_pais-espana","12":"first","13":"instock","14":"shipping-taxable","15":"product-type-simple"},"acf":[],"_links":{"self":[{"href":"https:\/\/olemosaic.com\/pt-pt\/wp-json\/wp\/v2\/product\/28477","targetHints":{"allow":["GET"]}}],"collection":[{"href":"https:\/\/olemosaic.com\/pt-pt\/wp-json\/wp\/v2\/product"}],"about":[{"href":"https:\/\/olemosaic.com\/pt-pt\/wp-json\/wp\/v2\/types\/product"}],"wp:featuredmedia":[{"embeddable":true,"href":"https:\/\/olemosaic.com\/pt-pt\/wp-json\/wp\/v2\/media\/10351"}],"wp:attachment":[{"href":"https:\/\/olemosaic.com\/pt-pt\/wp-json\/wp\/v2\/media?parent=28477"}],"wp:term":[{"taxonomy":"product_brand","embeddable":true,"href":"https:\/\/olemosaic.com\/pt-pt\/wp-json\/wp\/v2\/product_brand?post=28477"},{"taxonomy":"product_cat","embeddable":true,"href":"https:\/\/olemosaic.com\/pt-pt\/wp-json\/wp\/v2\/product_cat?post=28477"},{"taxonomy":"product_tag","embeddable":true,"href":"https:\/\/olemosaic.com\/pt-pt\/wp-json\/wp\/v2\/product_tag?post=28477"}],"curies":[{"name":"wp","href":"https:\/\/api.w.org\/{rel}","templated":true}]}}