{"id":28476,"date":"2025-02-20T23:29:41","date_gmt":"2025-02-20T22:29:41","guid":{"rendered":"http:\/\/olemosaic.com\/producto\/bol-de-coco-azul-caballito-de-mar-tenerife\/"},"modified":"2025-07-25T19:38:34","modified_gmt":"2025-07-25T17:38:34","slug":"taca-de-coco-azul-cavalo-marinho-tenerife","status":"publish","type":"product","link":"https:\/\/olemosaic.com\/pt-pt\/produto\/taca-de-coco-azul-cavalo-marinho-tenerife\/","title":{"rendered":"Ta\u00e7a de coco azul. Cavalo-marinho. Tenerife."},"content":{"rendered":"<p>Esta ta\u00e7a de coco azul com design de cavalo-marinho \u00e9 um elemento distintivo que capta a ess\u00eancia da beleza natural de Tenerife. Fabricada \u00e0 m\u00e3o, este utens\u00edlio chamativo apresenta uma base em tons de azul profundo, decorada com c\u00edrculos que evocam a imensid\u00e3o do oceano, criando uma liga\u00e7\u00e3o visual imediata com o ambiente marinho da ilha. No centro, um elegante cavalo-marinho, cuidadosamente pintado \u00e0 m\u00e3o, real\u00e7a a originalidade da pe\u00e7a, tornando-a uma excelente recorda\u00e7\u00e3o para aqueles que desejem levar uma lembran\u00e7a das Ilhas Can\u00e1rias.<\/p>\n<p>A palavra &#8220;Tenerife&#8221; aparece impressa num tom subtil, acrescentando um toque distintivo que refor\u00e7a a sua liga\u00e7\u00e3o com a regi\u00e3o. Esta ta\u00e7a n\u00e3o s\u00f3 \u00e9 ideal para uso decorativo, como tamb\u00e9m \u00e9 um presente muito apreciado, perfeito para amigos e familiares que desejem recordar a magia de Tenerife. Como recorda\u00e7\u00e3o, reflete as tradi\u00e7\u00f5es artesanais da ilha e a sua rica diversidade marinha, tornando esta ta\u00e7a num excelente representante da cultura local.<\/p>\n<p>Na Ol\u00e9 Mosaic, especializamo-nos na distribui\u00e7\u00e3o de produtos aut\u00eanticos por grosso, perfeitos para lojas de presentes tur\u00edsticos que procuram oferecer artigos \u00fanicos e significativos. Esta ta\u00e7a de coco azul \u00e9 uma op\u00e7\u00e3o excecional para quem procura recorda\u00e7\u00f5es de Tenerife que se destaquem pela sua qualidade e originalidade, assegurando uma lembran\u00e7a inesquec\u00edvel de um destino espl\u00eandido.<\/p>\n","protected":false},"excerpt":{"rendered":"<p>Ta\u00e7a de coco azul com design de cavalo-marinho, inspirado na beleza natural de Tenerife. Este encantador recipiente apresenta uma base em tons azuis, decorada com c\u00edrculos que evocam o oceano, e um cavalo-marinho no centro, design artesanal, pintado \u00e0 m\u00e3o, com detalhes que real\u00e7am a sua originalidade. A palavra &#8220;Tenerife&#8221; est\u00e1 impressa num tom subtil, acrescentando um toque distintivo a esta atraente recorda\u00e7\u00e3o. Ideal para uso decorativo ou como um presente apreciado.<\/p>\n","protected":false},"featured_media":11925,"template":"","meta":{"_acf_changed":false},"product_brand":[],"product_cat":[513],"product_tag":[516],"class_list":{"0":"post-28476","1":"product","2":"type-product","3":"status-publish","4":"has-post-thumbnail","6":"product_cat-bols","7":"product_tag-animais","8":"pa_ciudad-tenerife","9":"pa_motivo-cavalos-marinhos","10":"pa_pais-espana","12":"first","13":"instock","14":"shipping-taxable","15":"product-type-simple"},"acf":[],"_links":{"self":[{"href":"https:\/\/olemosaic.com\/pt-pt\/wp-json\/wp\/v2\/product\/28476","targetHints":{"allow":["GET"]}}],"collection":[{"href":"https:\/\/olemosaic.com\/pt-pt\/wp-json\/wp\/v2\/product"}],"about":[{"href":"https:\/\/olemosaic.com\/pt-pt\/wp-json\/wp\/v2\/types\/product"}],"wp:featuredmedia":[{"embeddable":true,"href":"https:\/\/olemosaic.com\/pt-pt\/wp-json\/wp\/v2\/media\/11925"}],"wp:attachment":[{"href":"https:\/\/olemosaic.com\/pt-pt\/wp-json\/wp\/v2\/media?parent=28476"}],"wp:term":[{"taxonomy":"product_brand","embeddable":true,"href":"https:\/\/olemosaic.com\/pt-pt\/wp-json\/wp\/v2\/product_brand?post=28476"},{"taxonomy":"product_cat","embeddable":true,"href":"https:\/\/olemosaic.com\/pt-pt\/wp-json\/wp\/v2\/product_cat?post=28476"},{"taxonomy":"product_tag","embeddable":true,"href":"https:\/\/olemosaic.com\/pt-pt\/wp-json\/wp\/v2\/product_tag?post=28476"}],"curies":[{"name":"wp","href":"https:\/\/api.w.org\/{rel}","templated":true}]}}