{"id":28462,"date":"2025-02-20T23:29:40","date_gmt":"2025-02-20T22:29:40","guid":{"rendered":"http:\/\/olemosaic.com\/producto\/bol-de-coco-amarillo-delfin-gran-canaria\/"},"modified":"2025-07-25T18:42:45","modified_gmt":"2025-07-25T16:42:45","slug":"taca-de-coco-amarela-golfinho-gran-canaria","status":"publish","type":"product","link":"https:\/\/olemosaic.com\/pt-pt\/produto\/taca-de-coco-amarela-golfinho-gran-canaria\/","title":{"rendered":"Ta\u00e7a de coco amarela. Golfinho. Gran Canaria."},"content":{"rendered":"<p>Esta ta\u00e7a de coco amarela, adornada com golfinhos encantadores, \u00e9 um aut\u00eantico tesouro de Gran Canaria que capta a ess\u00eancia da sua vibrante vida marinha. Pintada \u00e0 m\u00e3o com cuidado, o seu design destaca-se pela representa\u00e7\u00e3o de dois golfinhos a brincar alegremente, rodeados por um fundo de cora\u00e7\u00f5es amarelos que acrescentam um toque de calor e alegria. O nome &#8220;Gran Canaria&#8221;, elegantemente inscrito no centro, refor\u00e7a a sua liga\u00e7\u00e3o cultural com a ilha.<\/p>\n<p>A forma org\u00e2nica da ta\u00e7a, elaborada a partir da casca de coco, n\u00e3o s\u00f3 proporciona um aspeto \u00fanico e natural, como tamb\u00e9m reflete a rica biodiversidade e o ambiente marinho que caracteriza Gran Canaria. Os detalhes dourados que se destacam na decora\u00e7\u00e3o permitem que esta recorda\u00e7\u00e3o resplande\u00e7a com um brilho especial, tornando-a uma pe\u00e7a distintiva que atrai o olhar e desperta o interesse.<\/p>\n<p>Esta ta\u00e7a de coco amarela n\u00e3o \u00e9 apenas um objeto decorativo, mas um s\u00edmbolo da liga\u00e7\u00e3o de Gran Canaria com o oceano e a sua inigual\u00e1vel beleza natural, sendo um excelente presente para turistas que procuram recorda\u00e7\u00f5es representativas e aut\u00eanticas. Na Ol\u00e9 Mosaic, distribu\u00edmos recorda\u00e7\u00f5es de Gran Canaria por grosso, garantindo a autenticidade e qualidade que as lojas de presentes tur\u00edsticos procuram. Esta ta\u00e7a \u00e9, sem d\u00favida, uma op\u00e7\u00e3o ideal para aqueles que desejam levar um peda\u00e7o da magia can\u00e1ria, fundindo arte e natureza num s\u00f3 produto.<\/p>\n","protected":false},"excerpt":{"rendered":"<p>Ta\u00e7a de coco amarela com decora\u00e7\u00e3o de golfinhos, inspirada na beleza natural de Gran Canaria. Este produto artesanal apresenta um design artesanal, pintado \u00e0 m\u00e3o, que mostra dois golfinhos a brincar num ambiente encantador, sobre um fundo de cora\u00e7\u00f5es amarelos e detalhes dourados. A ta\u00e7a capta a ess\u00eancia do oceano e da vida marinha can\u00e1ria, destacando o nome &#8220;Gran Canaria&#8221; no centro, lo que acrescenta um toque distintivo e colorido a qualquer lar.<\/p>\n","protected":false},"featured_media":10261,"template":"","meta":{"_acf_changed":false},"product_brand":[],"product_cat":[513],"product_tag":[516],"class_list":{"0":"post-28462","1":"product","2":"type-product","3":"status-publish","4":"has-post-thumbnail","6":"product_cat-bols","7":"product_tag-animais","8":"pa_ciudad-gran-canaria","9":"pa_motivo-golfinhos","10":"pa_pais-espana","12":"first","13":"instock","14":"shipping-taxable","15":"product-type-simple"},"acf":[],"_links":{"self":[{"href":"https:\/\/olemosaic.com\/pt-pt\/wp-json\/wp\/v2\/product\/28462","targetHints":{"allow":["GET"]}}],"collection":[{"href":"https:\/\/olemosaic.com\/pt-pt\/wp-json\/wp\/v2\/product"}],"about":[{"href":"https:\/\/olemosaic.com\/pt-pt\/wp-json\/wp\/v2\/types\/product"}],"wp:featuredmedia":[{"embeddable":true,"href":"https:\/\/olemosaic.com\/pt-pt\/wp-json\/wp\/v2\/media\/10261"}],"wp:attachment":[{"href":"https:\/\/olemosaic.com\/pt-pt\/wp-json\/wp\/v2\/media?parent=28462"}],"wp:term":[{"taxonomy":"product_brand","embeddable":true,"href":"https:\/\/olemosaic.com\/pt-pt\/wp-json\/wp\/v2\/product_brand?post=28462"},{"taxonomy":"product_cat","embeddable":true,"href":"https:\/\/olemosaic.com\/pt-pt\/wp-json\/wp\/v2\/product_cat?post=28462"},{"taxonomy":"product_tag","embeddable":true,"href":"https:\/\/olemosaic.com\/pt-pt\/wp-json\/wp\/v2\/product_tag?post=28462"}],"curies":[{"name":"wp","href":"https:\/\/api.w.org\/{rel}","templated":true}]}}