{"id":28460,"date":"2025-02-20T23:29:40","date_gmt":"2025-02-20T22:29:40","guid":{"rendered":"http:\/\/olemosaic.com\/producto\/bol-de-coco-amarillo-caballito-de-mar-barcelona\/"},"modified":"2025-07-25T18:43:28","modified_gmt":"2025-07-25T16:43:28","slug":"taca-de-coco-amarela-cavalo-marinho-barcelona","status":"publish","type":"product","link":"https:\/\/olemosaic.com\/pt-pt\/produto\/taca-de-coco-amarela-cavalo-marinho-barcelona\/","title":{"rendered":"Ta\u00e7a de coco amarela. Cavalo-marinho. Barcelona."},"content":{"rendered":"<p>Esta ta\u00e7a de coco amarela \u00e9 uma pe\u00e7a decorativa excecional, ideal para quem deseja levar uma recorda\u00e7\u00e3o aut\u00eantica de Barcelona. O design, pintado \u00e0 m\u00e3o, apresenta um elegante cavalo-marinho que se destaca com a sua tonalidade dourada sobre um fundo escuro, oferecendo um contraste visual cativante. Os cora\u00e7\u00f5es amarelos que o rodeiam criam uma atmosfera vibrante e acolhedora, que evoca o calor do Mediterr\u00e2neo e a alegria caracter\u00edstica da cidade condal.<\/p>\n<p>O cavalo-marinho, um s\u00edmbolo do mar que banha as costas de Barcelona, n\u00e3o s\u00f3 capta a aten\u00e7\u00e3o pela sua beleza, como tamb\u00e9m representa a rica vida marinha da regi\u00e3o. Esta ta\u00e7a n\u00e3o \u00e9 apenas um elemento decorativo; \u00e9 uma homenagem \u00e0 cultura local e \u00e0 liga\u00e7\u00e3o da cidade com o oceano. Com o seu artesanato excecional, esta lembran\u00e7a encapsula a ess\u00eancia de Barcelona, tornando-se um presente perfeito para turistas ou uma pe\u00e7a singular para o lar.<\/p>\n<p>Na Ol\u00e9 Mosaic, somos especialistas na distribui\u00e7\u00e3o de lembran\u00e7as por grosso, oferecendo produtos que refletem a autenticidade e a arte de Espanha. Esta ta\u00e7a de coco amarela \u00e9 uma excelente op\u00e7\u00e3o para lojas de presentes tur\u00edsticos que procurem oferecer artigos \u00fanicos e significativos. Com a nossa sele\u00e7\u00e3o de lembran\u00e7as de Barcelona, garantimos qualidade e relev\u00e2ncia cultural em cada pe\u00e7a, tornando-a uma recorda\u00e7\u00e3o memor\u00e1vel que transcende fronteiras.<\/p>\n","protected":false},"excerpt":{"rendered":"<p>Ta\u00e7a de coco amarela decorada com um elegante cavalo-marinho, um design emblem\u00e1tico de Barcelona. Este artigo art\u00edstico apresenta um design artesanal, pintado \u00e0 m\u00e3o, com detalhes dourados sobre um fundo escuro. Cora\u00e7\u00f5es amarelos rodeiam o motivo central, criando uma sensa\u00e7\u00e3o vibrante e acolhedora. Ideal como recorda\u00e7\u00e3o ou pe\u00e7a decorativa, esta ta\u00e7a capta a ess\u00eancia do mar Mediterr\u00e2neo e o encanto cultural da cidade, tornando-se um presente memor\u00e1vel.<\/p>\n","protected":false},"featured_media":10253,"template":"","meta":{"_acf_changed":false},"product_brand":[],"product_cat":[513],"product_tag":[516],"class_list":{"0":"post-28460","1":"product","2":"type-product","3":"status-publish","4":"has-post-thumbnail","6":"product_cat-bols","7":"product_tag-animais","8":"pa_ciudad-barcelona","9":"pa_motivo-cavalos-marinhos","10":"pa_pais-espana","12":"first","13":"instock","14":"shipping-taxable","15":"product-type-simple"},"acf":[],"_links":{"self":[{"href":"https:\/\/olemosaic.com\/pt-pt\/wp-json\/wp\/v2\/product\/28460","targetHints":{"allow":["GET"]}}],"collection":[{"href":"https:\/\/olemosaic.com\/pt-pt\/wp-json\/wp\/v2\/product"}],"about":[{"href":"https:\/\/olemosaic.com\/pt-pt\/wp-json\/wp\/v2\/types\/product"}],"wp:featuredmedia":[{"embeddable":true,"href":"https:\/\/olemosaic.com\/pt-pt\/wp-json\/wp\/v2\/media\/10253"}],"wp:attachment":[{"href":"https:\/\/olemosaic.com\/pt-pt\/wp-json\/wp\/v2\/media?parent=28460"}],"wp:term":[{"taxonomy":"product_brand","embeddable":true,"href":"https:\/\/olemosaic.com\/pt-pt\/wp-json\/wp\/v2\/product_brand?post=28460"},{"taxonomy":"product_cat","embeddable":true,"href":"https:\/\/olemosaic.com\/pt-pt\/wp-json\/wp\/v2\/product_cat?post=28460"},{"taxonomy":"product_tag","embeddable":true,"href":"https:\/\/olemosaic.com\/pt-pt\/wp-json\/wp\/v2\/product_tag?post=28460"}],"curies":[{"name":"wp","href":"https:\/\/api.w.org\/{rel}","templated":true}]}}