{"id":28459,"date":"2025-02-20T23:29:40","date_gmt":"2025-02-20T22:29:40","guid":{"rendered":"http:\/\/olemosaic.com\/producto\/bol-de-coco-amarillo-bailaora\/"},"modified":"2025-07-25T20:26:09","modified_gmt":"2025-07-25T18:26:09","slug":"taca-de-coco-amarela-bailarina","status":"publish","type":"product","link":"https:\/\/olemosaic.com\/pt-pt\/produto\/taca-de-coco-amarela-bailarina\/","title":{"rendered":"Ta\u00e7a de coco amarela. Bailarina."},"content":{"rendered":"<p>Esta ta\u00e7a de coco amarela \u00e9 uma pe\u00e7a artesanal que capta a ess\u00eancia vibrante do flamenco, uma arte profundamente enraizada na cultura espanhola. Elaborada com meticulosidade, a sua espetacular cor amarela destaca-se sobre a base de coco, com um design pintado \u00e0 m\u00e3o que representa uma bailarina numa pose din\u00e2mica, evocando a energia e o esp\u00edrito da dan\u00e7a flamenca. Este design central est\u00e1 rodeado por uma delicada borda de cora\u00e7\u00f5es que acrescenta um toque rom\u00e2ntico e encantador \u00e0 pe\u00e7a, enquanto o seu acabamento brilhante reflete a luz, criando um efeito visual atraente.<\/p>\n<p>A liga\u00e7\u00e3o cultural desta ta\u00e7a com a tradi\u00e7\u00e3o flamenca \u00e9 significativa, uma vez que o flamenco \u00e9 um s\u00edmbolo da identidade espanhola, especialmente em regi\u00f5es como a Andaluzia. Esta ta\u00e7a n\u00e3o s\u00f3 \u00e9 perfeita para servir aperitivos ou como pe\u00e7a decorativa, mas tamb\u00e9m atua como uma recorda\u00e7\u00e3o aut\u00eantica das ricas tradi\u00e7\u00f5es culturais de Espanha.<\/p>\n<p>Na Ol\u00e9 Mosaic, orgulhamo-nos de oferecer lembran\u00e7as de qualidade que celebram a diversidade cultural do nosso pa\u00eds. Esta ta\u00e7a de coco amarela \u00e9 uma excelente op\u00e7\u00e3o para lojas de presentes tur\u00edsticos, pois destaca-se como uma recorda\u00e7\u00e3o \u00fanica que atrai tanto os amantes da arte como aqueles que procuram uma lembran\u00e7a aut\u00eantica da sua experi\u00eancia em Espanha. Como distribuidores de lembran\u00e7as, garantimos que cada pe\u00e7a reflita o artesanato e o patrim\u00f3nio cultural que os nossos clientes valorizam.<\/p>\n","protected":false},"excerpt":{"rendered":"<p>Ta\u00e7a de coco amarela com a ilustra\u00e7\u00e3o de uma bailarina flamenca. Esta atraente ta\u00e7a, elaborada de forma artesanal, destaca-se pela sua vibrante cor amarela e pelos delicados cora\u00e7\u00f5es que adornam a sua borda. Pintada com estilo artesanal, apresenta um design central que evoca a arte flamenca, representando a bailarina numa pose din\u00e2mica. O seu acabamento brilhante e os seus detalhes cheios de vida tornam-na uma pe\u00e7a ideal para decorar ou para servir em qualquer ocasi\u00e3o.<\/p>\n","protected":false},"featured_media":13472,"template":"","meta":{"_acf_changed":false},"product_brand":[],"product_cat":[513],"product_tag":[],"class_list":{"0":"post-28459","1":"product","2":"type-product","3":"status-publish","4":"has-post-thumbnail","6":"product_cat-bols","7":"pa_motivo-dancarinos","9":"first","10":"instock","11":"shipping-taxable","12":"product-type-simple"},"acf":[],"_links":{"self":[{"href":"https:\/\/olemosaic.com\/pt-pt\/wp-json\/wp\/v2\/product\/28459","targetHints":{"allow":["GET"]}}],"collection":[{"href":"https:\/\/olemosaic.com\/pt-pt\/wp-json\/wp\/v2\/product"}],"about":[{"href":"https:\/\/olemosaic.com\/pt-pt\/wp-json\/wp\/v2\/types\/product"}],"wp:featuredmedia":[{"embeddable":true,"href":"https:\/\/olemosaic.com\/pt-pt\/wp-json\/wp\/v2\/media\/13472"}],"wp:attachment":[{"href":"https:\/\/olemosaic.com\/pt-pt\/wp-json\/wp\/v2\/media?parent=28459"}],"wp:term":[{"taxonomy":"product_brand","embeddable":true,"href":"https:\/\/olemosaic.com\/pt-pt\/wp-json\/wp\/v2\/product_brand?post=28459"},{"taxonomy":"product_cat","embeddable":true,"href":"https:\/\/olemosaic.com\/pt-pt\/wp-json\/wp\/v2\/product_cat?post=28459"},{"taxonomy":"product_tag","embeddable":true,"href":"https:\/\/olemosaic.com\/pt-pt\/wp-json\/wp\/v2\/product_tag?post=28459"}],"curies":[{"name":"wp","href":"https:\/\/api.w.org\/{rel}","templated":true}]}}