{"id":28423,"date":"2025-02-20T23:29:40","date_gmt":"2025-02-20T22:29:40","guid":{"rendered":"http:\/\/olemosaic.com\/producto\/bol-de-coco-amarillo-mariposa\/"},"modified":"2025-07-25T20:14:27","modified_gmt":"2025-07-25T18:14:27","slug":"taca-de-coco-amarela-borboleta","status":"publish","type":"product","link":"https:\/\/olemosaic.com\/pt-pt\/produto\/taca-de-coco-amarela-borboleta\/","title":{"rendered":"Ta\u00e7a de coco amarela. Borboleta."},"content":{"rendered":"<p>Esta ta\u00e7a de coco amarela \u00e9 uma pe\u00e7a artesanal encantadora, ideal para dar um toque especial a qualquer lar. O seu design \u00e9 verdadeiramente cativante: o fundo castanho escuro, salpicado de vibrantes tons amarelos e cor-de-laranja, evoca o calor do sol e o esplendor da natureza. No centro, uma borboleta com efeito pintado \u00e0 m\u00e3o destaca-se com a sua alegre cor amarela, simbolizando a vida e a transforma\u00e7\u00e3o, enquanto a borda arredondada da ta\u00e7a \u00e9 decorada com um delicado padr\u00e3o de cora\u00e7\u00f5es, que conferem um ar de do\u00e7ura e alegria \u00e0 pe\u00e7a.<\/p>\n<p>Esta ta\u00e7a n\u00e3o \u00e9 apenas um belo elemento decorativo, mas tamb\u00e9m encapsula a rica tradi\u00e7\u00e3o artesanal da regi\u00e3o, onde cada pe\u00e7a \u00e9 cuidadosamente elaborada por artes\u00e3os que preservam t\u00e9cnicas transmitidas de gera\u00e7\u00e3o em gera\u00e7\u00e3o. Como recorda\u00e7\u00e3o representativa, \u00e9 perfeita para exibir em qualquer espa\u00e7o ou como um presente evocativo para aqueles que procuram algo aut\u00eantico da sua visita.<\/p>\n<p>A Ol\u00e9 Mosaic orgulha-se de oferecer estas recorda\u00e7\u00f5es \u00fanicas por grosso, proporcionando \u00e0s lojas de presentes tur\u00edsticos uma sele\u00e7\u00e3o que real\u00e7a a autenticidade e a arte espanhola. Esta ta\u00e7a de coco amarela \u00e9 a op\u00e7\u00e3o perfeita para embelezar qualquer lar, combinando funcionalidade com uma rica heran\u00e7a cultural.<\/p>\n","protected":false},"excerpt":{"rendered":"<p>Ta\u00e7a de coco amarela decorada com um delicado motivo de borboleta, ideal para dar um toque especial ao seu lar. Esta ta\u00e7a artesanal apresenta um fundo castanho escuro salpicado de tons amarelos e cor-de-laranja que real\u00e7am a beleza do design. A borboleta, com design artesanal e pintada \u00e0 m\u00e3o no centro, est\u00e1 rodeada por uma borda com forma de cora\u00e7\u00f5es, o que confere calor e alegria. Perfeita para exibir ou como um presente que evoca a rica tradi\u00e7\u00e3o artesanal.<\/p>\n","protected":false},"featured_media":13439,"template":"","meta":{"_acf_changed":false},"product_brand":[],"product_cat":[513],"product_tag":[516],"class_list":{"0":"post-28423","1":"product","2":"type-product","3":"status-publish","4":"has-post-thumbnail","6":"product_cat-bols","7":"product_tag-animais","8":"pa_motivo-borboletas","10":"first","11":"instock","12":"shipping-taxable","13":"product-type-simple"},"acf":[],"_links":{"self":[{"href":"https:\/\/olemosaic.com\/pt-pt\/wp-json\/wp\/v2\/product\/28423","targetHints":{"allow":["GET"]}}],"collection":[{"href":"https:\/\/olemosaic.com\/pt-pt\/wp-json\/wp\/v2\/product"}],"about":[{"href":"https:\/\/olemosaic.com\/pt-pt\/wp-json\/wp\/v2\/types\/product"}],"wp:featuredmedia":[{"embeddable":true,"href":"https:\/\/olemosaic.com\/pt-pt\/wp-json\/wp\/v2\/media\/13439"}],"wp:attachment":[{"href":"https:\/\/olemosaic.com\/pt-pt\/wp-json\/wp\/v2\/media?parent=28423"}],"wp:term":[{"taxonomy":"product_brand","embeddable":true,"href":"https:\/\/olemosaic.com\/pt-pt\/wp-json\/wp\/v2\/product_brand?post=28423"},{"taxonomy":"product_cat","embeddable":true,"href":"https:\/\/olemosaic.com\/pt-pt\/wp-json\/wp\/v2\/product_cat?post=28423"},{"taxonomy":"product_tag","embeddable":true,"href":"https:\/\/olemosaic.com\/pt-pt\/wp-json\/wp\/v2\/product_tag?post=28423"}],"curies":[{"name":"wp","href":"https:\/\/api.w.org\/{rel}","templated":true}]}}