{"id":28421,"date":"2025-02-20T22:29:40","date_gmt":"2025-02-20T22:29:40","guid":{"rendered":"http:\/\/olemosaic.com\/producto\/bol-de-coco-amarillo-caballito-de-mar-gran-canaria\/"},"modified":"2025-07-25T19:01:52","modified_gmt":"2025-07-25T17:01:52","slug":"taca-de-coco-amarela-cavalo-marinho-gran-canaria","status":"publish","type":"product","link":"https:\/\/olemosaic.com\/pt-pt\/produto\/taca-de-coco-amarela-cavalo-marinho-gran-canaria\/","title":{"rendered":"Ta\u00e7a de coco amarela. Cavalo-marinho. Gran Canaria."},"content":{"rendered":"<p>Esta ta\u00e7a de coco amarela \u00e9 uma representa\u00e7\u00e3o requintada da beleza marinha de Gran Canaria, uma aut\u00eantica joia artesanal que cativar\u00e1 quem procura souvenirs memor\u00e1veis. Elaborada meticulosamente \u00e0 m\u00e3o, a ta\u00e7a apresenta dois elegantes cavalos-marinhos numa sofisticada cor dourada, que simbolizam a rica vida marinha que rodeia esta maravilhosa ilha. Os pequenos cora\u00e7\u00f5es dourados que rodeiam os cavalos-marinhos conferem um ar rom\u00e2ntico e delicado, tornando esta ta\u00e7a uma pe\u00e7a encantadora tanto para servir aperitivos como para decorar qualquer espa\u00e7o.<\/p>\n<p>A superf\u00edcie brilhante acentua os detalhes art\u00edsticos, enquanto a mensagem &#8220;Gran Canaria&#8221; inscrita destaca a sua origem, tornando-a uma recorda\u00e7\u00e3o ideal para viajantes. Esta ta\u00e7a n\u00e3o \u00e9 apenas um recipiente gastron\u00f3mico \u00fatil, mas tamb\u00e9m um souvenir emblem\u00e1tico que representa a cultura can\u00e1ria e a sua liga\u00e7\u00e3o com o mar. Na Ol\u00e9 Mosaic, esfor\u00e7amo-nos por oferecer souvenirs aut\u00eanticos e de qualidade por grosso, e esta ta\u00e7a de coco amarela \u00e9 perfeita para lojas de presentes tur\u00edsticos que procuram captar a ess\u00eancia de Gran Canaria. Com o seu design \u00fanico e atraente, \u00e9 uma excelente op\u00e7\u00e3o para quem deseja levar um peda\u00e7o do para\u00edso can\u00e1rio.<\/p>\n","protected":false},"excerpt":{"rendered":"<p>Ta\u00e7a de coco amarela elaborada de forma artesanal que representa a beleza marinha de Gran Canaria. Esta atraente ta\u00e7a est\u00e1 decorada com dois elegantes cavalos-marinhos dourados, rodeados de pequenos cora\u00e7\u00f5es e um acabamento brilhante que real\u00e7a o seu design. Com um toque distintivo, apresenta a inscri\u00e7\u00e3o &#8220;Gran Canaria&#8221;, o que a torna uma recorda\u00e7\u00e3o perfeita para evocar a ess\u00eancia da ilha. Ideal para servir aperitivos ou como elemento decorativo.<\/p>\n","protected":false},"featured_media":10249,"template":"","meta":{"_acf_changed":false},"product_brand":[],"product_cat":[513],"product_tag":[516],"class_list":{"0":"post-28421","1":"product","2":"type-product","3":"status-publish","4":"has-post-thumbnail","6":"product_cat-bols","7":"product_tag-animais","8":"pa_ciudad-gran-canaria","9":"pa_motivo-cavalos-marinhos","10":"pa_pais-espana","12":"first","13":"instock","14":"shipping-taxable","15":"product-type-simple"},"acf":[],"_links":{"self":[{"href":"https:\/\/olemosaic.com\/pt-pt\/wp-json\/wp\/v2\/product\/28421","targetHints":{"allow":["GET"]}}],"collection":[{"href":"https:\/\/olemosaic.com\/pt-pt\/wp-json\/wp\/v2\/product"}],"about":[{"href":"https:\/\/olemosaic.com\/pt-pt\/wp-json\/wp\/v2\/types\/product"}],"wp:featuredmedia":[{"embeddable":true,"href":"https:\/\/olemosaic.com\/pt-pt\/wp-json\/wp\/v2\/media\/10249"}],"wp:attachment":[{"href":"https:\/\/olemosaic.com\/pt-pt\/wp-json\/wp\/v2\/media?parent=28421"}],"wp:term":[{"taxonomy":"product_brand","embeddable":true,"href":"https:\/\/olemosaic.com\/pt-pt\/wp-json\/wp\/v2\/product_brand?post=28421"},{"taxonomy":"product_cat","embeddable":true,"href":"https:\/\/olemosaic.com\/pt-pt\/wp-json\/wp\/v2\/product_cat?post=28421"},{"taxonomy":"product_tag","embeddable":true,"href":"https:\/\/olemosaic.com\/pt-pt\/wp-json\/wp\/v2\/product_tag?post=28421"}],"curies":[{"name":"wp","href":"https:\/\/api.w.org\/{rel}","templated":true}]}}