{"id":28420,"date":"2025-02-20T23:29:39","date_gmt":"2025-02-20T22:29:39","guid":{"rendered":"http:\/\/olemosaic.com\/producto\/bol-de-coco-amarillo-isla-gran-canaria\/"},"modified":"2025-07-25T19:04:31","modified_gmt":"2025-07-25T17:04:31","slug":"taca-de-coco-amarela-ilha-gran-canaria","status":"publish","type":"product","link":"https:\/\/olemosaic.com\/pt-pt\/produto\/taca-de-coco-amarela-ilha-gran-canaria\/","title":{"rendered":"Ta\u00e7a de coco amarela. Ilha. Gran Canaria."},"content":{"rendered":"<p>Esta ta\u00e7a de coco amarela \u00e9 uma requintada pe\u00e7a artesanal elaborada de forma artesanal em Gran Canaria, que se destaca pelo seu design muito especial e colorido. Com um fundo em tons escuros, apresenta um padr\u00e3o encantador de cora\u00e7\u00f5es amarelos que se estendem pelas bordas, emoldurando um centro brilhante onde sobressai a inscri\u00e7\u00e3o &#8220;Gran Canaria&#8221; num vibrante tom dourado. Esta ta\u00e7a n\u00e3o tem apenas uma fun\u00e7\u00e3o decorativa, mas \u00e9 tamb\u00e9m um s\u00edmbolo da rica cultura can\u00e1ria, que se reflete na sua t\u00e9cnica artesanal.<\/p>\n<p>O contraste entre o fundo escuro e os alegres cora\u00e7\u00f5es amarelos torna esta ta\u00e7a uma pe\u00e7a central que atrai a aten\u00e7\u00e3o e acrescenta calor a qualquer espa\u00e7o. Perfeita como souvenir, esta ta\u00e7a capta a ess\u00eancia da arte local e a biodiversidade da ilha, ecoando a hospitalidade e o calor do seu povo. Cada pe\u00e7a \u00e9 \u00fanica, lo que a torna um presente ideal para quem procura uma representa\u00e7\u00e3o aut\u00eantica de Gran Canaria.<\/p>\n<p>Na Ol\u00e9 Mosaic, como grossista de souvenirs t\u00edpicos, oferecemos produtos que mant\u00eam a qualidade e autenticidade da cultura can\u00e1ria, fazendo desta ta\u00e7a de coco amarela uma excelente op\u00e7\u00e3o para lojas de presentes tur\u00edsticos que desejam oferecer artigos distintivos e significativos.<\/p>\n","protected":false},"excerpt":{"rendered":"<p>Ta\u00e7a de coco amarela, em Gran Canaria e que se destaca pelo seu design singular. Esta ta\u00e7a, com um fundo em tons escuros, ostenta uns ador\u00e1veis cora\u00e7\u00f5es amarelos que emolduram o centro, onde sobressai a inscri\u00e7\u00e3o &#8220;Gran Canaria&#8221; num vibrante dourado. Perfeita para acrescentar um toque can\u00e1rio a qualquer espa\u00e7o, a sua t\u00e9cnica artesanal permite apreciar a rica cultura local e o seu apelo est\u00e9tico. Ideal como recorda\u00e7\u00e3o ou elemento decorativo.<\/p>\n","protected":false},"featured_media":10201,"template":"","meta":{"_acf_changed":false},"product_brand":[],"product_cat":[513],"product_tag":[],"class_list":{"0":"post-28420","1":"product","2":"type-product","3":"status-publish","4":"has-post-thumbnail","6":"product_cat-bols","7":"pa_ciudad-gran-canaria","8":"pa_motivo-ilhas","9":"pa_pais-espana","11":"first","12":"instock","13":"shipping-taxable","14":"product-type-simple"},"acf":[],"_links":{"self":[{"href":"https:\/\/olemosaic.com\/pt-pt\/wp-json\/wp\/v2\/product\/28420","targetHints":{"allow":["GET"]}}],"collection":[{"href":"https:\/\/olemosaic.com\/pt-pt\/wp-json\/wp\/v2\/product"}],"about":[{"href":"https:\/\/olemosaic.com\/pt-pt\/wp-json\/wp\/v2\/types\/product"}],"wp:featuredmedia":[{"embeddable":true,"href":"https:\/\/olemosaic.com\/pt-pt\/wp-json\/wp\/v2\/media\/10201"}],"wp:attachment":[{"href":"https:\/\/olemosaic.com\/pt-pt\/wp-json\/wp\/v2\/media?parent=28420"}],"wp:term":[{"taxonomy":"product_brand","embeddable":true,"href":"https:\/\/olemosaic.com\/pt-pt\/wp-json\/wp\/v2\/product_brand?post=28420"},{"taxonomy":"product_cat","embeddable":true,"href":"https:\/\/olemosaic.com\/pt-pt\/wp-json\/wp\/v2\/product_cat?post=28420"},{"taxonomy":"product_tag","embeddable":true,"href":"https:\/\/olemosaic.com\/pt-pt\/wp-json\/wp\/v2\/product_tag?post=28420"}],"curies":[{"name":"wp","href":"https:\/\/api.w.org\/{rel}","templated":true}]}}