{"id":28405,"date":"2025-02-20T22:29:39","date_gmt":"2025-02-20T22:29:39","guid":{"rendered":"http:\/\/olemosaic.com\/producto\/bol-de-coco-amarillo-caballito-de-mar-mallorca\/"},"modified":"2025-07-25T20:12:36","modified_gmt":"2025-07-25T18:12:36","slug":"taca-de-coco-amarela-cavalo-marinho-maiorca","status":"publish","type":"product","link":"https:\/\/olemosaic.com\/pt-pt\/produto\/taca-de-coco-amarela-cavalo-marinho-maiorca\/","title":{"rendered":"Ta\u00e7a de coco amarela. Cavalo-marinho. Maiorca."},"content":{"rendered":"<p>Esta ta\u00e7a de coco amarela \u00e9 um souvenir atraente que evoca a beleza do mar Mediterr\u00e2neo em Maiorca. Com um design vibrante, o seu fundo escuro \u00e9 salpicado de arte em tons amarelos e cora\u00e7\u00f5es, criando um contraste visual que chama a aten\u00e7\u00e3o. No centro, a palavra &#8220;MAIORCA&#8221; est\u00e1 elegantemente estampada, destacando a sua identidade insular.<\/p>\n<p>O cavalo-marinho, s\u00edmbolo emblem\u00e1tico da vida marinha, \u00e9 representado com precis\u00e3o, conferindo um toque l\u00fadico e festivo. Esta ta\u00e7a n\u00e3o s\u00f3 serve como elemento decorativo, como tamb\u00e9m \u00e9 ideal para servir aperitivos ou como um acess\u00f3rio \u00fatil em qualquer casa. A sua forma arredondada e os seus acabamentos suaves tornam-na f\u00e1cil de manusear, tornando-a uma op\u00e7\u00e3o pr\u00e1tica para reuni\u00f5es e celebra\u00e7\u00f5es.<\/p>\n<p>A autenticidade desta ta\u00e7a de coco amarela reflete a rica heran\u00e7a cultural bale\u00e1rica, onde as tradi\u00e7\u00f5es artesanais se entrela\u00e7am com a beleza natural da ilha. Na Ol\u00e9 Mosaic, dedicamo-nos a oferecer souvenirs de qualidade que representem verdadeiramente o esp\u00edrito de cada lugar. Esta ta\u00e7a \u00e9 uma excelente op\u00e7\u00e3o para lojas de presentes tur\u00edsticos que procuram produtos aut\u00eanticos e com significado cultural. Como grossistas de souvenirs, garantimos que cada pe\u00e7a \u00e9 \u00fanica e real\u00e7a a ess\u00eancia de Maiorca.<\/p>\n","protected":false},"excerpt":{"rendered":"<p>Ta\u00e7a de coco amarela decorada com um vistoso cavalo-marinho, que representa a ess\u00eancia do Mediterr\u00e2neo em Maiorca. A ta\u00e7a apresenta um design alegre, com um fundo escuro salpicado de arte em tons amarelos e cora\u00e7\u00f5es, criando um atraente contraste visual. A palavra &#8220;MAIORCA&#8221; est\u00e1 elegantemente estampada no centro, o que torna esta ta\u00e7a uma pe\u00e7a \u00fanica e colorida que evoca a beleza costeira da ilha. Ideal para servir aperitivos ou como elemento decorativo.<\/p>\n","protected":false},"featured_media":10244,"template":"","meta":{"_acf_changed":false},"product_brand":[],"product_cat":[513],"product_tag":[516],"class_list":{"0":"post-28405","1":"product","2":"type-product","3":"status-publish","4":"has-post-thumbnail","6":"product_cat-bols","7":"product_tag-animais","8":"pa_ciudad-mallorca","9":"pa_motivo-cavalos-marinhos","10":"pa_pais-espana","12":"first","13":"instock","14":"shipping-taxable","15":"product-type-simple"},"acf":[],"_links":{"self":[{"href":"https:\/\/olemosaic.com\/pt-pt\/wp-json\/wp\/v2\/product\/28405","targetHints":{"allow":["GET"]}}],"collection":[{"href":"https:\/\/olemosaic.com\/pt-pt\/wp-json\/wp\/v2\/product"}],"about":[{"href":"https:\/\/olemosaic.com\/pt-pt\/wp-json\/wp\/v2\/types\/product"}],"wp:featuredmedia":[{"embeddable":true,"href":"https:\/\/olemosaic.com\/pt-pt\/wp-json\/wp\/v2\/media\/10244"}],"wp:attachment":[{"href":"https:\/\/olemosaic.com\/pt-pt\/wp-json\/wp\/v2\/media?parent=28405"}],"wp:term":[{"taxonomy":"product_brand","embeddable":true,"href":"https:\/\/olemosaic.com\/pt-pt\/wp-json\/wp\/v2\/product_brand?post=28405"},{"taxonomy":"product_cat","embeddable":true,"href":"https:\/\/olemosaic.com\/pt-pt\/wp-json\/wp\/v2\/product_cat?post=28405"},{"taxonomy":"product_tag","embeddable":true,"href":"https:\/\/olemosaic.com\/pt-pt\/wp-json\/wp\/v2\/product_tag?post=28405"}],"curies":[{"name":"wp","href":"https:\/\/api.w.org\/{rel}","templated":true}]}}