{"id":28363,"date":"2025-02-20T23:29:38","date_gmt":"2025-02-20T22:29:38","guid":{"rendered":"http:\/\/olemosaic.com\/producto\/bol-de-coco-amarillo-delfin-barcelona\/"},"modified":"2025-07-25T20:28:44","modified_gmt":"2025-07-25T18:28:44","slug":"taca-de-coco-amarela-golfinho-barcelona","status":"publish","type":"product","link":"https:\/\/olemosaic.com\/pt-pt\/produto\/taca-de-coco-amarela-golfinho-barcelona\/","title":{"rendered":"Ta\u00e7a de coco amarela. Golfinho. Barcelona."},"content":{"rendered":"<p>Esta ta\u00e7a de coco amarela decorada com dois golfinhos \u00e9 uma encantadora recorda\u00e7\u00e3o que captura a ess\u00eancia mar\u00edtima de Barcelona. O seu design pintado \u00e0 m\u00e3o destaca-se por um fundo escuro adornado com cora\u00e7\u00f5es em tons quentes que oferecem um toque de alegria e vitalidade. No centro, os golfinhos, cuidadosamente ilustrados num vibrante amarelo, emergem com eleg\u00e2ncia, simbolizando a liga\u00e7\u00e3o do Mediterr\u00e2neo com a cidade. A borda dourada real\u00e7a a luminosidade da ta\u00e7a, conferindo-lhe um acabamento distintivo que a torna um objeto decorativo ideal ou uma pe\u00e7a funcional para servir aperitivos.<\/p>\n<p>Esta ta\u00e7a n\u00e3o s\u00f3 \u00e9 uma recorda\u00e7\u00e3o visualmente atraente, como tamb\u00e9m representa a rica vida marinha que rodeia Barcelona, um destino tur\u00edstico famoso pelas suas praias e pela sua vibrante cultura. Na Ol\u00e9 Mosaic, compreendemos a import\u00e2ncia de oferecer souvenirs aut\u00eanticos e relevantes, e esta ta\u00e7a de golfinhos \u00e9 uma excelente op\u00e7\u00e3o para lojas de presentes tur\u00edsticos que procuram produtos que realcem a identidade local. Como distribuidores de souvenirs, garantimos a qualidade e a singularidade de cada pe\u00e7a, fazendo desta ta\u00e7a um presente perfeito para quem deseja levar um pedacinho de Barcelona.<\/p>\n","protected":false},"excerpt":{"rendered":"<p>Ta\u00e7a de coco amarela decorada com dois golfinhos, que evocam a ess\u00eancia mar\u00edtima de Barcelona. Esta bonita ta\u00e7a, com um design artesanal, pintada \u00e0 m\u00e3o, apresenta um fundo escuro salpicado de cora\u00e7\u00f5es e uma borda dourada. Os golfinhos, elegantemente ilustrados em amarelo, contrastam vivamente com o fundo. Ideal como pe\u00e7a decorativa ou para servir aperitivos, evoca a frescura do Mediterr\u00e2neo.<\/p>\n","protected":false},"featured_media":10265,"template":"","meta":{"_acf_changed":false},"product_brand":[],"product_cat":[513],"product_tag":[516],"class_list":{"0":"post-28363","1":"product","2":"type-product","3":"status-publish","4":"has-post-thumbnail","6":"product_cat-bols","7":"product_tag-animais","8":"pa_ciudad-barcelona","9":"pa_motivo-golfinhos","10":"pa_pais-espana","12":"first","13":"instock","14":"shipping-taxable","15":"product-type-simple"},"acf":[],"_links":{"self":[{"href":"https:\/\/olemosaic.com\/pt-pt\/wp-json\/wp\/v2\/product\/28363","targetHints":{"allow":["GET"]}}],"collection":[{"href":"https:\/\/olemosaic.com\/pt-pt\/wp-json\/wp\/v2\/product"}],"about":[{"href":"https:\/\/olemosaic.com\/pt-pt\/wp-json\/wp\/v2\/types\/product"}],"wp:featuredmedia":[{"embeddable":true,"href":"https:\/\/olemosaic.com\/pt-pt\/wp-json\/wp\/v2\/media\/10265"}],"wp:attachment":[{"href":"https:\/\/olemosaic.com\/pt-pt\/wp-json\/wp\/v2\/media?parent=28363"}],"wp:term":[{"taxonomy":"product_brand","embeddable":true,"href":"https:\/\/olemosaic.com\/pt-pt\/wp-json\/wp\/v2\/product_brand?post=28363"},{"taxonomy":"product_cat","embeddable":true,"href":"https:\/\/olemosaic.com\/pt-pt\/wp-json\/wp\/v2\/product_cat?post=28363"},{"taxonomy":"product_tag","embeddable":true,"href":"https:\/\/olemosaic.com\/pt-pt\/wp-json\/wp\/v2\/product_tag?post=28363"}],"curies":[{"name":"wp","href":"https:\/\/api.w.org\/{rel}","templated":true}]}}