{"id":28361,"date":"2025-02-20T23:29:38","date_gmt":"2025-02-20T22:29:38","guid":{"rendered":"http:\/\/olemosaic.com\/producto\/bol-de-coco-amarillo-mano\/"},"modified":"2025-07-25T20:06:29","modified_gmt":"2025-07-25T18:06:29","slug":"taca-de-coco-amarela-mao","status":"publish","type":"product","link":"https:\/\/olemosaic.com\/pt-pt\/produto\/taca-de-coco-amarela-mao\/","title":{"rendered":"Ta\u00e7a de coco amarela. M\u00e3o."},"content":{"rendered":"<p>Esta ta\u00e7a de coco amarela, decorada \u00e0 m\u00e3o, \u00e9 uma joia da arte popular espanhola, ideal para quem procura recorda\u00e7\u00f5es aut\u00eanticas e representativas da cultura local. Com um design central que mostra uma m\u00e3o com um olho, s\u00edmbolo conhecido pela sua associa\u00e7\u00e3o com a prote\u00e7\u00e3o e a boa sorte, transmite uma mensagem positiva e esperan\u00e7osa. Em redor da m\u00e3o, uma encantadora borda de cora\u00e7\u00f5es, todos eles num vibrante amarelo brilhante que se destaca sobre a cor castanha da base da ta\u00e7a, cria um contraste visual atraente e quente.<\/p>\n<p>Esta ta\u00e7a n\u00e3o s\u00f3 \u00e9 funcional, ideal para servir aperitivos ou como elemento decorativo em qualquer casa, como tamb\u00e9m \u00e9 uma aut\u00eantica representa\u00e7\u00e3o do folclore espanhol. O seu design colorido e chamativo confere um toque alegre a qualquer espa\u00e7o, tornando-a o souvenir perfeito para quem visita Espanha e deseja levar um peda\u00e7o da sua cultura. Na Ol\u00e9 Mosaic, dedicados \u00e0 distribui\u00e7\u00e3o de souvenirs por grosso, oferecemos este tipo de produtos que celebram a tradi\u00e7\u00e3o e a criatividade artesanal. Esta ta\u00e7a de coco amarela \u00e9 uma excelente op\u00e7\u00e3o para lojas de presentes tur\u00edsticos, garantindo que os seus clientes levem para casa uma pe\u00e7a de arte aut\u00eantica e significativa.<\/p>\n","protected":false},"excerpt":{"rendered":"<p>Ta\u00e7a de coco amarela decorada com estilo artesanal, que evoca a arte popular espanhola. Esta atraente ta\u00e7a apresenta no centro o design de uma m\u00e3o com um olho, s\u00edmbolo de prote\u00e7\u00e3o e boa sorte, rodeada de cora\u00e7\u00f5es e detalhes em amarelo brilhante. A base da pe\u00e7a \u00e9 de uma rica cor castanha, que contrasta elegantemente com os elementos dourados. Ideal para servir aperitivos ou como um elemento decorativo cheio de cor em qualquer casa.<\/p>\n","protected":false},"featured_media":13456,"template":"","meta":{"_acf_changed":false},"product_brand":[],"product_cat":[513],"product_tag":[],"class_list":{"0":"post-28361","1":"product","2":"type-product","3":"status-publish","4":"has-post-thumbnail","6":"product_cat-bols","7":"pa_motivo-maos","9":"first","10":"instock","11":"shipping-taxable","12":"product-type-simple"},"acf":[],"_links":{"self":[{"href":"https:\/\/olemosaic.com\/pt-pt\/wp-json\/wp\/v2\/product\/28361","targetHints":{"allow":["GET"]}}],"collection":[{"href":"https:\/\/olemosaic.com\/pt-pt\/wp-json\/wp\/v2\/product"}],"about":[{"href":"https:\/\/olemosaic.com\/pt-pt\/wp-json\/wp\/v2\/types\/product"}],"wp:featuredmedia":[{"embeddable":true,"href":"https:\/\/olemosaic.com\/pt-pt\/wp-json\/wp\/v2\/media\/13456"}],"wp:attachment":[{"href":"https:\/\/olemosaic.com\/pt-pt\/wp-json\/wp\/v2\/media?parent=28361"}],"wp:term":[{"taxonomy":"product_brand","embeddable":true,"href":"https:\/\/olemosaic.com\/pt-pt\/wp-json\/wp\/v2\/product_brand?post=28361"},{"taxonomy":"product_cat","embeddable":true,"href":"https:\/\/olemosaic.com\/pt-pt\/wp-json\/wp\/v2\/product_cat?post=28361"},{"taxonomy":"product_tag","embeddable":true,"href":"https:\/\/olemosaic.com\/pt-pt\/wp-json\/wp\/v2\/product_tag?post=28361"}],"curies":[{"name":"wp","href":"https:\/\/api.w.org\/{rel}","templated":true}]}}