{"id":28359,"date":"2025-02-20T23:29:37","date_gmt":"2025-02-20T22:29:37","guid":{"rendered":"http:\/\/olemosaic.com\/producto\/bol-de-ceramica-de-95-cm-punt-de-trobada-beige\/"},"modified":"2025-07-25T18:57:43","modified_gmt":"2025-07-25T16:57:43","slug":"taca-de-ceramica-de-9-5-cm-punt-de-trobada-bege","status":"publish","type":"product","link":"https:\/\/olemosaic.com\/pt-pt\/produto\/taca-de-ceramica-de-9-5-cm-punt-de-trobada-bege\/","title":{"rendered":"Ta\u00e7a de cer\u00e2mica de 9,5 cm. Punt de trobada. Bege"},"content":{"rendered":"<p>Esta ta\u00e7a de cer\u00e2mica, de 9,5 cm, \u00e9 uma joia \u00fanica que reflete a arte vibrante da tradi\u00e7\u00e3o cer\u00e2mica espanhola. Pintada \u00e0 m\u00e3o, apresenta um exterior num suave tom bege que contrasta na perfei\u00e7\u00e3o com o interior, decorado com um design abstrato salpicado de formas coloridas em vermelho, azul, amarelo e preto. Estas tonalidades evocam a riqueza cultural da regi\u00e3o, enriquecendo qualquer espa\u00e7o com a sua est\u00e9tica distintiva. A forma quadrada da ta\u00e7a, com bordas suavemente arredondadas, proporciona um toque moderno e elegante, tornando-a um excelente recurso tanto para servir aperitivos como para ser utilizada como um atraente elemento decorativo no lar.<\/p>\n<p>O seu design art\u00edstico n\u00e3o s\u00f3 a torna um objeto funcional, mas tamb\u00e9m um s\u00edmbolo da liga\u00e7\u00e3o com a heran\u00e7a cultural de Espanha, sendo uma recorda\u00e7\u00e3o representativa da mestria artesanal do pa\u00eds. Esta ta\u00e7a \u00e9 uma op\u00e7\u00e3o ideal para turistas que procuram souvenirs aut\u00eanticos e significativos durante a sua visita. Na Ol\u00e9 Mosaic, o nosso compromisso com a qualidade e a tradi\u00e7\u00e3o reflete-se em cada pe\u00e7a que distribu\u00edmos, fazendo desta ta\u00e7a de cer\u00e2mica um produto de destaque na nossa cole\u00e7\u00e3o. Como grossistas de souvenirs, oferecemos artigos que celebram e preservam a ess\u00eancia da nossa cultura, assegurando que cada cliente encontre nas nossas pe\u00e7as um pedacinho da rica hist\u00f3ria espanhola.<\/p>\n","protected":false},"excerpt":{"rendered":"<p>Ta\u00e7a de cer\u00e2mica de 9,5 cm, design artesanal, pintada \u00e0 m\u00e3o, inspirada na vibrante arte da regi\u00e3o. Esta encantadora ta\u00e7a em tons bege apresenta um interior decorado com um design abstrato que inclui formas coloridas em vermelho, azul, amarelo e preto, evocando a riqueza cultural da tradi\u00e7\u00e3o cer\u00e2mica. A sua forma quadrada com bordas suaves confere-lhe um toque moderno, ideal para servir aperitivos ou como elemento decorativo em qualquer divis\u00e3o.<\/p>\n","protected":false},"featured_media":10044,"template":"","meta":{"_acf_changed":false},"product_brand":[],"product_cat":[513],"product_tag":[515],"class_list":{"0":"post-28359","1":"product","2":"type-product","3":"status-publish","4":"has-post-thumbnail","6":"product_cat-bols","7":"product_tag-ceramica","8":"pa_motivo-punt-de-trobada","10":"first","11":"instock","12":"shipping-taxable","13":"product-type-simple"},"acf":[],"_links":{"self":[{"href":"https:\/\/olemosaic.com\/pt-pt\/wp-json\/wp\/v2\/product\/28359","targetHints":{"allow":["GET"]}}],"collection":[{"href":"https:\/\/olemosaic.com\/pt-pt\/wp-json\/wp\/v2\/product"}],"about":[{"href":"https:\/\/olemosaic.com\/pt-pt\/wp-json\/wp\/v2\/types\/product"}],"wp:featuredmedia":[{"embeddable":true,"href":"https:\/\/olemosaic.com\/pt-pt\/wp-json\/wp\/v2\/media\/10044"}],"wp:attachment":[{"href":"https:\/\/olemosaic.com\/pt-pt\/wp-json\/wp\/v2\/media?parent=28359"}],"wp:term":[{"taxonomy":"product_brand","embeddable":true,"href":"https:\/\/olemosaic.com\/pt-pt\/wp-json\/wp\/v2\/product_brand?post=28359"},{"taxonomy":"product_cat","embeddable":true,"href":"https:\/\/olemosaic.com\/pt-pt\/wp-json\/wp\/v2\/product_cat?post=28359"},{"taxonomy":"product_tag","embeddable":true,"href":"https:\/\/olemosaic.com\/pt-pt\/wp-json\/wp\/v2\/product_tag?post=28359"}],"curies":[{"name":"wp","href":"https:\/\/api.w.org\/{rel}","templated":true}]}}