{"id":28346,"date":"2025-02-20T23:29:37","date_gmt":"2025-02-20T22:29:37","guid":{"rendered":"http:\/\/olemosaic.com\/producto\/bol-de-coco-azul-salamandra-barcelona\/"},"modified":"2025-07-25T20:18:11","modified_gmt":"2025-07-25T18:18:11","slug":"taca-de-coco-azul-salamandra-barcelona-azul-e-dourado","status":"publish","type":"product","link":"https:\/\/olemosaic.com\/pt-pt\/produto\/taca-de-coco-azul-salamandra-barcelona-azul-e-dourado\/","title":{"rendered":"Ta\u00e7a de coco azul. Salamandra. Barcelona. Azul e dourado."},"content":{"rendered":"<p>Esta ta\u00e7a de cer\u00e2mica pintada \u00e0 m\u00e3o, inspirada na ic\u00f3nica salamandra de Barcelona, \u00e9 uma pe\u00e7a que funde arte e tradi\u00e7\u00e3o, ideal como recorda\u00e7\u00e3o representativa desta vibrante cidade. O seu intrincado design destaca-se com um rendilhado em tons azuis e dourados que evoca a arquitetura modernista barcelonesa, enchendo qualquer espa\u00e7o de eleg\u00e2ncia e sofistica\u00e7\u00e3o. No centro da ta\u00e7a, a palavra &#8220;Barcelona&#8221; sobressai, ligando instantaneamente o espetador \u00e0 riqueza cultural da metr\u00f3pole catal\u00e3. A vibrante figura da salamandra, s\u00edmbolo da cidade e emblem\u00e1tica na obra de Antoni Gaud\u00ed, acrescenta um toque l\u00fadico e atraente, refletindo o car\u00e1cter art\u00edstico do seu legado.<\/p>\n<p>Esta ta\u00e7a de cer\u00e2mica n\u00e3o s\u00f3 \u00e9 um elemento decorativo, como um lembrete tang\u00edvel da beleza da arte em Barcelona, tornando-a um presente perfeito para turistas que procuram recorda\u00e7\u00f5es aut\u00eanticas e significativas. Na Ol\u00e9 Mosaic, distribu\u00edmos produtos artesanais de qualidade por grosso, garantindo a autenticidade de cada pe\u00e7a. Esta ta\u00e7a azul \u00e9 uma excelente op\u00e7\u00e3o para lojas de presentes tur\u00edsticos que desejam oferecer um peda\u00e7o da cultura barcelonesa aos seus clientes, sendo o seu valor acrescentado um elemento-chave na escolha de recorda\u00e7\u00f5es aut\u00eanticas da cidade.<\/p>\n","protected":false},"excerpt":{"rendered":"<p>Ta\u00e7a de coco de design artesanal, pintada \u00e0 m\u00e3o, inspirada na ic\u00f3nica salamandra de Barcelona. Esta preciosa ta\u00e7a apresenta um intrincado design de rendilhado em tons azuis e dourados, com a palavra &#8220;Barcelona&#8221; a destacar-se no seu interior. A figura da salamandra, com a sua cor vibrante, evoca o car\u00e1cter art\u00edstico da cidade. Perfeita como elemento decorativo, acrescenta um toque cultural e sofisticado a qualquer espa\u00e7o.<\/p>\n","protected":false},"featured_media":10127,"template":"","meta":{"_acf_changed":false},"product_brand":[],"product_cat":[513],"product_tag":[516],"class_list":{"0":"post-28346","1":"product","2":"type-product","3":"status-publish","4":"has-post-thumbnail","6":"product_cat-bols","7":"product_tag-animais","8":"pa_ciudad-barcelona","9":"pa_motivo-salamandras","10":"pa_pais-espana","12":"first","13":"instock","14":"shipping-taxable","15":"product-type-simple"},"acf":[],"_links":{"self":[{"href":"https:\/\/olemosaic.com\/pt-pt\/wp-json\/wp\/v2\/product\/28346","targetHints":{"allow":["GET"]}}],"collection":[{"href":"https:\/\/olemosaic.com\/pt-pt\/wp-json\/wp\/v2\/product"}],"about":[{"href":"https:\/\/olemosaic.com\/pt-pt\/wp-json\/wp\/v2\/types\/product"}],"wp:featuredmedia":[{"embeddable":true,"href":"https:\/\/olemosaic.com\/pt-pt\/wp-json\/wp\/v2\/media\/10127"}],"wp:attachment":[{"href":"https:\/\/olemosaic.com\/pt-pt\/wp-json\/wp\/v2\/media?parent=28346"}],"wp:term":[{"taxonomy":"product_brand","embeddable":true,"href":"https:\/\/olemosaic.com\/pt-pt\/wp-json\/wp\/v2\/product_brand?post=28346"},{"taxonomy":"product_cat","embeddable":true,"href":"https:\/\/olemosaic.com\/pt-pt\/wp-json\/wp\/v2\/product_cat?post=28346"},{"taxonomy":"product_tag","embeddable":true,"href":"https:\/\/olemosaic.com\/pt-pt\/wp-json\/wp\/v2\/product_tag?post=28346"}],"curies":[{"name":"wp","href":"https:\/\/api.w.org\/{rel}","templated":true}]}}